{"id":6201,"date":"2023-11-06T15:44:41","date_gmt":"2023-11-06T20:44:41","guid":{"rendered":"https:\/\/valharty.ca\/?page_id=6201"},"modified":"2023-11-06T16:14:02","modified_gmt":"2023-11-06T21:14:02","slug":"nouvellesetavis","status":"publish","type":"page","link":"https:\/\/valharty.ca\/fr\/vivre\/nouvellesetavis\/","title":{"rendered":"NOUVELLES ET AVIS"},"content":{"rendered":"<div class=\"fusion-fullwidth fullwidth-box fusion-builder-row-1 fusion-flex-container nonhundred-percent-fullwidth non-hundred-percent-height-scrolling\" style=\"background-color: rgba(255,255,255,0);background-position: center center;background-repeat: no-repeat;border-width: 0px 0px 0px 0px;border-color:#e7e4e2;border-style:solid;\" ><div class=\"fusion-builder-row fusion-row fusion-flex-align-items-flex-start\" style=\"max-width:1331.2px;margin-left: calc(-4% \/ 2 );margin-right: calc(-4% \/ 2 );\"><div class=\"fusion-layout-column fusion_builder_column fusion-builder-column-0 fusion_builder_column_1_3 1_3 fusion-flex-column\"><div class=\"fusion-column-wrapper fusion-flex-justify-content-flex-start fusion-content-layout-column\" style=\"background-position:left top;background-repeat:no-repeat;-webkit-background-size:cover;-moz-background-size:cover;-o-background-size:cover;background-size:cover;padding: 0px 0px 0px 0px;\"><div ><span class=\" fusion-imageframe imageframe-none imageframe-1 hover-type-none\"><img decoding=\"async\" width=\"2560\" height=\"1920\" title=\"D909FCAC-BD80-419A-AA47-61C5D7A85761 Edit (2)\" src=\"https:\/\/valharty.ca\/wp-content\/uploads\/2023\/11\/D909FCAC-BD80-419A-AA47-61C5D7A85761-Edit-2-scaled.jpg\" class=\"img-responsive wp-image-6209\" srcset=\"https:\/\/valharty.ca\/wp-content\/uploads\/2023\/11\/D909FCAC-BD80-419A-AA47-61C5D7A85761-Edit-2-200x150.jpg 200w, https:\/\/valharty.ca\/wp-content\/uploads\/2023\/11\/D909FCAC-BD80-419A-AA47-61C5D7A85761-Edit-2-400x300.jpg 400w, https:\/\/valharty.ca\/wp-content\/uploads\/2023\/11\/D909FCAC-BD80-419A-AA47-61C5D7A85761-Edit-2-600x450.jpg 600w, https:\/\/valharty.ca\/wp-content\/uploads\/2023\/11\/D909FCAC-BD80-419A-AA47-61C5D7A85761-Edit-2-800x600.jpg 800w, https:\/\/valharty.ca\/wp-content\/uploads\/2023\/11\/D909FCAC-BD80-419A-AA47-61C5D7A85761-Edit-2-1200x900.jpg 1200w, https:\/\/valharty.ca\/wp-content\/uploads\/2023\/11\/D909FCAC-BD80-419A-AA47-61C5D7A85761-Edit-2-scaled.jpg 2560w\" sizes=\"(max-width: 1024px) 100vw, (max-width: 640px) 100vw, 400px\" \/><\/span><\/div><\/div><\/div><style type=\"text\/css\">.fusion-body .fusion-builder-column-0{width:33.333333333333% !important;order : 0;margin-top : 10px;margin-bottom : 10px;}.fusion-builder-column-0 > .fusion-column-wrapper {padding-top : 0px !important;padding-right : 0px !important;margin-right : 5.76%;padding-bottom : 0px !important;padding-left : 0px !important;margin-left : 5.76%;}@media only screen and (max-width:1024px) {.fusion-body .fusion-builder-column-0{width:100% !important;order : 0;}.fusion-builder-column-0 > .fusion-column-wrapper {margin-right : 1.92%;margin-left : 1.92%;}}@media only screen and (max-width:640px) {.fusion-body .fusion-builder-column-0{width:100% !important;order : 0;}.fusion-builder-column-0 > .fusion-column-wrapper {margin-right : 1.92%;margin-left : 1.92%;}}<\/style><div class=\"fusion-layout-column fusion_builder_column fusion-builder-column-1 fusion_builder_column_2_3 2_3 fusion-flex-column\"><div class=\"fusion-column-wrapper fusion-flex-justify-content-flex-start fusion-content-layout-column\" style=\"background-position:left top;background-repeat:no-repeat;-webkit-background-size:cover;-moz-background-size:cover;-o-background-size:cover;background-size:cover;padding: 0px 0px 0px 0px;\"><div class=\"fusion-text fusion-text-1\"><div class=\"elementor-element elementor-element-8511ae8 elementor-widget elementor-widget-heading\" data-id=\"8511ae8\" data-element_type=\"widget\" data-widget_type=\"heading.default\">\n<div class=\"elementor-widget-container\">\n<h4 class=\"elementor-heading-title elementor-size-default fusion-responsive-typography-calculated\" style=\"text-align: center; --fontSize: 15; line-height: 1.67; --minFontSize: 15; font-size: 12px;\" data-fontsize=\"15\" data-lineheight=\"25.05px\" data-fusion-font=\"true\">LA CORPORATION DE LA MUNICIPALIT\u00c9 DE VAL RITA-HARTY<\/h4>\n<\/div>\n<\/div>\n<div class=\"elementor-element elementor-element-05671eb elementor-widget elementor-widget-heading\" style=\"text-align: center;\" data-id=\"05671eb\" data-element_type=\"widget\" data-widget_type=\"heading.default\">\n<div class=\"elementor-widget-container\">\n<h6 class=\"elementor-heading-title elementor-size-default fusion-responsive-typography-calculated\" data-fontsize=\"14\" data-lineheight=\"29.96px\" style=\"--fontSize: 14; line-height: 2.14; --minFontSize: 14; font-size: 12px;\" data-fusion-font=\"true\">AVIS PUBLIC<br \/><strong data-fusion-font=\"true\" style=\"background-color: rgba(255, 255, 255, 0); color: var(--body_typography-color); font-family: var(--body_typography-font-family); font-style: var(--body_typography-font-style,normal); letter-spacing: var(--body_typography-letter-spacing);\">PRENEZ NOTE QUE<\/strong><span data-fusion-font=\"true\" style=\"background-color: rgba(255, 255, 255, 0); color: var(--body_typography-color); font-family: var(--body_typography-font-family); font-style: var(--body_typography-font-style,normal); letter-spacing: var(--body_typography-letter-spacing);\"><span style=\"font-weight: var(--body_typography-font-weight);\"> une r\u00e9union extraordinaire du Conseil a \u00e9t\u00e9 programm\u00e9e comme suit :<\/span><span style=\"font-weight: 400;\"><br \/><\/span><\/span><span data-fusion-font=\"true\" style=\"background-color: rgba(255, 255, 255, 0); color: var(--body_typography-color); font-family: var(--body_typography-font-family); font-style: var(--body_typography-font-style,normal); letter-spacing: var(--body_typography-letter-spacing);\">1er novembre &#8211; 17 H 30 <br \/><\/span><span data-fusion-font=\"true\" style=\"background-color: rgba(255, 255, 255, 0); color: var(--body_typography-color); font-family: var(--body_typography-font-family); font-style: var(--body_typography-font-style,normal); font-weight: var(--body_typography-font-weight); letter-spacing: var(--body_typography-letter-spacing);\">dans le but de se r\u00e9unir \u00e0 huis clos en vertu de l&rsquo;article 239 (3.1) de la loi sur les municipalit\u00e9s.<\/span><\/h6>\n<\/div>\n<\/div>\n<div class=\"elementor-element elementor-element-9010584 elementor-widget elementor-widget-text-editor\" data-id=\"9010584\" data-element_type=\"widget\" data-widget_type=\"text-editor.default\">\n<div class=\"elementor-widget-container\">\n<ul>\n<li><span data-fusion-font=\"true\" style=\"font-size: 12px;\">b) des renseignements priv\u00e9s concernant une personne qui peut \u00eatre identifi\u00e9e, y compris des employ\u00e9s de la municipalit\u00e9 ou du conseil local;<\/span><\/li>\n<li><span data-fusion-font=\"true\" style=\"font-size: 12px;\">d) les relations de travail ou les n\u00e9gociations avec les employ\u00e9s;<\/span><\/li>\n<li><span data-fusion-font=\"true\" style=\"font-size: 12px;\">e) les litiges actuels ou \u00e9ventuels, y compris les questions dont les tribunaux administratifs sont saisis, ayant une incidence sur la municipalit\u00e9 ou le conseil local;<\/span><\/li>\n<li><span style=\"background-color: rgba(255, 255, 255, 0); color: var(--body_typography-color); font-family: var(--body_typography-font-family); font-size: 12px; font-style: var(--body_typography-font-style,normal); font-weight: var(--body_typography-font-weight); letter-spacing: var(--body_typography-letter-spacing);\" data-fusion-font=\"true\">f) les conseils qui sont prot\u00e9g\u00e9s par le secret professionnel de l\u2019avocat, y compris les communications n\u00e9cessaires \u00e0 cette fin;<\/span><\/li>\n<\/ul>\n<p style=\"text-align: center; font-size: 12px;\" data-fusion-font=\"true\">Pour obtenir de plus amples informations, veuillez contacter le bureau municipal au (705) 272-4361.<\/p>\n<\/div>\n<\/div>\n<\/div><\/div><\/div><style type=\"text\/css\">.fusion-body .fusion-builder-column-1{width:66.666666666667% !important;order : 0;margin-top : 10px;margin-bottom : 10px;}.fusion-builder-column-1 > .fusion-column-wrapper {padding-top : 0px !important;padding-right : 0px !important;margin-right : 2.88%;padding-bottom : 0px !important;padding-left : 0px !important;margin-left : 2.88%;}@media only screen and (max-width:1024px) {.fusion-body .fusion-builder-column-1{width:100% !important;order : 0;}.fusion-builder-column-1 > .fusion-column-wrapper {margin-right : 1.92%;margin-left : 1.92%;}}@media only screen and (max-width:640px) {.fusion-body .fusion-builder-column-1{width:100% !important;order : 0;}.fusion-builder-column-1 > .fusion-column-wrapper {margin-right : 1.92%;margin-left : 1.92%;}}<\/style><\/div><style type=\"text\/css\">.fusion-body .fusion-flex-container.fusion-builder-row-1{ padding-top : 0px;margin-top : 0px;padding-right : 0px;padding-bottom : 0px;margin-bottom : 0px;padding-left : 0px;}<\/style><\/div>\n","protected":false},"excerpt":{"rendered":"","protected":false},"author":1,"featured_media":0,"parent":3463,"menu_order":0,"comment_status":"closed","ping_status":"closed","template":"page-inner.php","meta":{"inline_featured_image":false,"footnotes":""},"class_list":["post-6201","page","type-page","status-publish","hentry"],"acf":[],"yoast_head":"<!-- This site is optimized with the Yoast SEO plugin v27.3 - https:\/\/yoast.com\/product\/yoast-seo-wordpress\/ -->\n<title>NOUVELLES ET AVIS | VAL RITA-HARTY<\/title>\n<meta name=\"description\" content=\"Val Rita-Harty est une communaut\u00e9 dortoir de Kapuskasing, avec des logements abordables et \u00e0 bas prix dans une communaut\u00e9 s\u00e9curitaire.\" \/>\n<meta name=\"robots\" content=\"index, follow, max-snippet:-1, max-image-preview:large, max-video-preview:-1\" \/>\n<link rel=\"canonical\" href=\"https:\/\/valharty.ca\/fr\/vivre\/nouvellesetavis\/\" \/>\n<meta property=\"og:locale\" content=\"fr_FR\" \/>\n<meta property=\"og:type\" content=\"article\" \/>\n<meta property=\"og:title\" content=\"NOUVELLES ET AVIS | VAL RITA-HARTY\" \/>\n<meta property=\"og:description\" content=\"Val Rita-Harty est une communaut\u00e9 dortoir de Kapuskasing, avec des logements abordables et \u00e0 bas prix dans une communaut\u00e9 s\u00e9curitaire.\" \/>\n<meta property=\"og:url\" content=\"https:\/\/valharty.ca\/fr\/vivre\/nouvellesetavis\/\" \/>\n<meta property=\"og:site_name\" content=\"VAL RITA-HARTY\" \/>\n<meta property=\"article:publisher\" content=\"https:\/\/www.facebook.com\/valharty.ca\" \/>\n<meta property=\"article:modified_time\" content=\"2023-11-06T21:14:02+00:00\" \/>\n<meta property=\"og:image\" content=\"https:\/\/valharty.ca\/wp-content\/uploads\/2020\/06\/Header_Aerial-1.jpg\" \/>\n\t<meta property=\"og:image:width\" content=\"1920\" \/>\n\t<meta property=\"og:image:height\" content=\"600\" \/>\n\t<meta property=\"og:image:type\" content=\"image\/jpeg\" \/>\n<meta name=\"twitter:card\" content=\"summary_large_image\" \/>\n<meta name=\"twitter:label1\" content=\"Dur\u00e9e de lecture estim\u00e9e\" \/>\n\t<meta name=\"twitter:data1\" content=\"5 minutes\" \/>\n<script type=\"application\/ld+json\" class=\"yoast-schema-graph\">{\"@context\":\"https:\\\/\\\/schema.org\",\"@graph\":[{\"@type\":\"WebPage\",\"@id\":\"https:\\\/\\\/valharty.ca\\\/fr\\\/vivre\\\/nouvellesetavis\\\/\",\"url\":\"https:\\\/\\\/valharty.ca\\\/fr\\\/vivre\\\/nouvellesetavis\\\/\",\"name\":\"NOUVELLES ET AVIS | VAL RITA-HARTY\",\"isPartOf\":{\"@id\":\"https:\\\/\\\/valharty.ca\\\/fr\\\/#website\"},\"datePublished\":\"2023-11-06T20:44:41+00:00\",\"dateModified\":\"2023-11-06T21:14:02+00:00\",\"description\":\"Val Rita-Harty est une communaut\u00e9 dortoir de Kapuskasing, avec des logements abordables et \u00e0 bas prix dans une communaut\u00e9 s\u00e9curitaire.\",\"breadcrumb\":{\"@id\":\"https:\\\/\\\/valharty.ca\\\/fr\\\/vivre\\\/nouvellesetavis\\\/#breadcrumb\"},\"inLanguage\":\"fr-FR\",\"potentialAction\":[{\"@type\":\"ReadAction\",\"target\":[\"https:\\\/\\\/valharty.ca\\\/fr\\\/vivre\\\/nouvellesetavis\\\/\"]}]},{\"@type\":\"BreadcrumbList\",\"@id\":\"https:\\\/\\\/valharty.ca\\\/fr\\\/vivre\\\/nouvellesetavis\\\/#breadcrumb\",\"itemListElement\":[{\"@type\":\"ListItem\",\"position\":1,\"name\":\"Home\",\"item\":\"https:\\\/\\\/valharty.ca\\\/fr\\\/\"},{\"@type\":\"ListItem\",\"position\":2,\"name\":\"VIVRE\",\"item\":\"https:\\\/\\\/valharty.ca\\\/fr\\\/living\\\/\"},{\"@type\":\"ListItem\",\"position\":3,\"name\":\"NOUVELLES ET AVIS\"}]},{\"@type\":\"WebSite\",\"@id\":\"https:\\\/\\\/valharty.ca\\\/fr\\\/#website\",\"url\":\"https:\\\/\\\/valharty.ca\\\/fr\\\/\",\"name\":\"VAL RITA-HARTY\",\"description\":\"Ontario, Canada\",\"publisher\":{\"@id\":\"https:\\\/\\\/valharty.ca\\\/fr\\\/#organization\"},\"potentialAction\":[{\"@type\":\"SearchAction\",\"target\":{\"@type\":\"EntryPoint\",\"urlTemplate\":\"https:\\\/\\\/valharty.ca\\\/fr\\\/?s={search_term_string}\"},\"query-input\":{\"@type\":\"PropertyValueSpecification\",\"valueRequired\":true,\"valueName\":\"search_term_string\"}}],\"inLanguage\":\"fr-FR\"},{\"@type\":\"Organization\",\"@id\":\"https:\\\/\\\/valharty.ca\\\/fr\\\/#organization\",\"name\":\"Municipality of Val Rita-Harty\",\"url\":\"https:\\\/\\\/valharty.ca\\\/fr\\\/\",\"logo\":{\"@type\":\"ImageObject\",\"inLanguage\":\"fr-FR\",\"@id\":\"https:\\\/\\\/valharty.ca\\\/fr\\\/#\\\/schema\\\/logo\\\/image\\\/\",\"url\":\"https:\\\/\\\/valharty.ca\\\/wp-content\\\/uploads\\\/2020\\\/02\\\/ValRita_Harty_Logo_Footer250x275.svg\",\"contentUrl\":\"https:\\\/\\\/valharty.ca\\\/wp-content\\\/uploads\\\/2020\\\/02\\\/ValRita_Harty_Logo_Footer250x275.svg\",\"width\":200,\"height\":275,\"caption\":\"Municipality of Val Rita-Harty\"},\"image\":{\"@id\":\"https:\\\/\\\/valharty.ca\\\/fr\\\/#\\\/schema\\\/logo\\\/image\\\/\"},\"sameAs\":[\"https:\\\/\\\/www.facebook.com\\\/valharty.ca\"]}]}<\/script>\n<!-- \/ Yoast SEO plugin. -->","yoast_head_json":{"title":"NOUVELLES ET AVIS | VAL RITA-HARTY","description":"Val Rita-Harty est une communaut\u00e9 dortoir de Kapuskasing, avec des logements abordables et \u00e0 bas prix dans une communaut\u00e9 s\u00e9curitaire.","robots":{"index":"index","follow":"follow","max-snippet":"max-snippet:-1","max-image-preview":"max-image-preview:large","max-video-preview":"max-video-preview:-1"},"canonical":"https:\/\/valharty.ca\/fr\/vivre\/nouvellesetavis\/","og_locale":"fr_FR","og_type":"article","og_title":"NOUVELLES ET AVIS | VAL RITA-HARTY","og_description":"Val Rita-Harty est une communaut\u00e9 dortoir de Kapuskasing, avec des logements abordables et \u00e0 bas prix dans une communaut\u00e9 s\u00e9curitaire.","og_url":"https:\/\/valharty.ca\/fr\/vivre\/nouvellesetavis\/","og_site_name":"VAL RITA-HARTY","article_publisher":"https:\/\/www.facebook.com\/valharty.ca","article_modified_time":"2023-11-06T21:14:02+00:00","og_image":[{"width":1920,"height":600,"url":"https:\/\/valharty.ca\/wp-content\/uploads\/2020\/06\/Header_Aerial-1.jpg","type":"image\/jpeg"}],"twitter_card":"summary_large_image","twitter_misc":{"Dur\u00e9e de lecture estim\u00e9e":"5 minutes"},"schema":{"@context":"https:\/\/schema.org","@graph":[{"@type":"WebPage","@id":"https:\/\/valharty.ca\/fr\/vivre\/nouvellesetavis\/","url":"https:\/\/valharty.ca\/fr\/vivre\/nouvellesetavis\/","name":"NOUVELLES ET AVIS | VAL RITA-HARTY","isPartOf":{"@id":"https:\/\/valharty.ca\/fr\/#website"},"datePublished":"2023-11-06T20:44:41+00:00","dateModified":"2023-11-06T21:14:02+00:00","description":"Val Rita-Harty est une communaut\u00e9 dortoir de Kapuskasing, avec des logements abordables et \u00e0 bas prix dans une communaut\u00e9 s\u00e9curitaire.","breadcrumb":{"@id":"https:\/\/valharty.ca\/fr\/vivre\/nouvellesetavis\/#breadcrumb"},"inLanguage":"fr-FR","potentialAction":[{"@type":"ReadAction","target":["https:\/\/valharty.ca\/fr\/vivre\/nouvellesetavis\/"]}]},{"@type":"BreadcrumbList","@id":"https:\/\/valharty.ca\/fr\/vivre\/nouvellesetavis\/#breadcrumb","itemListElement":[{"@type":"ListItem","position":1,"name":"Home","item":"https:\/\/valharty.ca\/fr\/"},{"@type":"ListItem","position":2,"name":"VIVRE","item":"https:\/\/valharty.ca\/fr\/living\/"},{"@type":"ListItem","position":3,"name":"NOUVELLES ET AVIS"}]},{"@type":"WebSite","@id":"https:\/\/valharty.ca\/fr\/#website","url":"https:\/\/valharty.ca\/fr\/","name":"VAL RITA-HARTY","description":"Ontario, Canada","publisher":{"@id":"https:\/\/valharty.ca\/fr\/#organization"},"potentialAction":[{"@type":"SearchAction","target":{"@type":"EntryPoint","urlTemplate":"https:\/\/valharty.ca\/fr\/?s={search_term_string}"},"query-input":{"@type":"PropertyValueSpecification","valueRequired":true,"valueName":"search_term_string"}}],"inLanguage":"fr-FR"},{"@type":"Organization","@id":"https:\/\/valharty.ca\/fr\/#organization","name":"Municipality of Val Rita-Harty","url":"https:\/\/valharty.ca\/fr\/","logo":{"@type":"ImageObject","inLanguage":"fr-FR","@id":"https:\/\/valharty.ca\/fr\/#\/schema\/logo\/image\/","url":"https:\/\/valharty.ca\/wp-content\/uploads\/2020\/02\/ValRita_Harty_Logo_Footer250x275.svg","contentUrl":"https:\/\/valharty.ca\/wp-content\/uploads\/2020\/02\/ValRita_Harty_Logo_Footer250x275.svg","width":200,"height":275,"caption":"Municipality of Val Rita-Harty"},"image":{"@id":"https:\/\/valharty.ca\/fr\/#\/schema\/logo\/image\/"},"sameAs":["https:\/\/www.facebook.com\/valharty.ca"]}]}},"_links":{"self":[{"href":"https:\/\/valharty.ca\/fr\/wp-json\/wp\/v2\/pages\/6201","targetHints":{"allow":["GET"]}}],"collection":[{"href":"https:\/\/valharty.ca\/fr\/wp-json\/wp\/v2\/pages"}],"about":[{"href":"https:\/\/valharty.ca\/fr\/wp-json\/wp\/v2\/types\/page"}],"author":[{"embeddable":true,"href":"https:\/\/valharty.ca\/fr\/wp-json\/wp\/v2\/users\/1"}],"replies":[{"embeddable":true,"href":"https:\/\/valharty.ca\/fr\/wp-json\/wp\/v2\/comments?post=6201"}],"version-history":[{"count":4,"href":"https:\/\/valharty.ca\/fr\/wp-json\/wp\/v2\/pages\/6201\/revisions"}],"predecessor-version":[{"id":6213,"href":"https:\/\/valharty.ca\/fr\/wp-json\/wp\/v2\/pages\/6201\/revisions\/6213"}],"up":[{"embeddable":true,"href":"https:\/\/valharty.ca\/fr\/wp-json\/wp\/v2\/pages\/3463"}],"wp:attachment":[{"href":"https:\/\/valharty.ca\/fr\/wp-json\/wp\/v2\/media?parent=6201"}],"curies":[{"name":"wp","href":"https:\/\/api.w.org\/{rel}","templated":true}]}}