{"id":6141,"date":"2023-09-07T10:01:33","date_gmt":"2023-09-07T14:01:33","guid":{"rendered":"https:\/\/valharty.ca\/?page_id=6141"},"modified":"2023-09-07T10:16:37","modified_gmt":"2023-09-07T14:16:37","slug":"budget-et-finance","status":"publish","type":"page","link":"https:\/\/valharty.ca\/fr\/municipalite\/budget-et-finance\/","title":{"rendered":"BUDGET ET FINANCE"},"content":{"rendered":"<p><div class=\"fusion-fullwidth fullwidth-box fusion-builder-row-1 nonhundred-percent-fullwidth non-hundred-percent-height-scrolling\" style=\"background-color: rgba(255,255,255,0);background-position: center center;background-repeat: no-repeat;padding-top:0px;padding-right:0px;padding-bottom:0px;padding-left:0px;margin-bottom: 0px;margin-top: 0px;border-width: 0px 0px 0px 0px;border-color:#e7e4e2;border-style:solid;\" ><div class=\"fusion-builder-row fusion-row\"><div class=\"fusion-layout-column fusion_builder_column fusion-builder-column-0 fusion_builder_column_1_1 1_1 fusion-one-full fusion-column-first fusion-column-last\" style=\"margin-top:10px;margin-bottom:10px;\"><div class=\"fusion-column-wrapper fusion-flex-column-wrapper-legacy\" style=\"background-position:left top;background-repeat:no-repeat;-webkit-background-size:cover;-moz-background-size:cover;-o-background-size:cover;background-size:cover;padding: 0px 0px 0px 0px;\"><div class=\"fusion-text fusion-text-1\"><p>Tous les aspects des finances municipales sont principalement r\u00e9gis par la Loi sur les municipalit\u00e9s, LRO 2001 et modifications qui s\u2019y rapportent. Cette loi d\u00e9termine sp\u00e9cifiquement comment une municipalit\u00e9 peut pr\u00e9lever, emprunter, d\u00e9penser ou \u00e9pargner ses fonds et comment ses transactions financi\u00e8res doivent \u00eatre rapport\u00e9es. C\u2019est la responsabilit\u00e9 du D\u00e9partement des finances d\u2019assurer que la Municipalit\u00e9 de Val Rita-Harty est conforme \u00e0 toutes les exigences de la l\u00e9gislation provinciale.<\/p>\n<\/div><div class=\"fusion-text fusion-text-2\"><\/div><div class=\"fusion-text fusion-text-3\"><\/div><div class=\"fusion-clearfix\"><\/div><\/div><\/div><\/div><\/div><div class=\"fusion-fullwidth fullwidth-box fusion-builder-row-2 fusion-flex-container nonhundred-percent-fullwidth non-hundred-percent-height-scrolling\" style=\"background-color: rgba(255,255,255,0);background-position: center center;background-repeat: no-repeat;border-width: 0px 0px 0px 0px;border-color:#e7e4e2;border-style:solid;\" ><div class=\"fusion-builder-row fusion-row fusion-flex-align-items-flex-start\" style=\"max-width:1331.2px;margin-left: calc(-4% \/ 2 );margin-right: calc(-4% \/ 2 );\"><div class=\"fusion-layout-column fusion_builder_column fusion-builder-column-1 fusion_builder_column_1_2 1_2 fusion-flex-column\"><div class=\"fusion-column-wrapper fusion-flex-justify-content-flex-start fusion-content-layout-column\" style=\"background-position:left top;background-repeat:no-repeat;-webkit-background-size:cover;-moz-background-size:cover;-o-background-size:cover;background-size:cover;padding: 0px 0px 0px 0px;\"><div class=\"fusion-text fusion-text-4\"><p style=\"text-align: center;\"><strong style=\"font-size: 21px; color: #000000;\" data-fusion-font=\"true\">Budget<\/strong><\/p>\n<p style=\"text-align: center;\"><a href=\"https:\/\/valharty.ca\/wp-content\/uploads\/2023\/09\/2023-Budget.pdf\" target=\"_blank\" rel=\"noopener noreferrer\">2023 &#8211; Budget<\/a><br \/>\n<a href=\"https:\/\/valharty.ca\/wp-content\/uploads\/2023\/09\/2022-Budget.pdf\" target=\"_blank\" rel=\"noopener noreferrer\">2022 &#8211; Budget<\/a><br \/>\n<a href=\"https:\/\/valharty.ca\/wp-content\/uploads\/2023\/09\/2021-Budget.pdf\" target=\"_blank\" rel=\"noopener noreferrer\">2021 &#8211; Budget<\/a><br \/>\n<a href=\"https:\/\/valharty.ca\/wp-content\/uploads\/2023\/09\/2020-Budget.pdf\" target=\"_blank\" rel=\"noopener noreferrer\">2020 &#8211; Budget<\/a><br \/>\n<a href=\"https:\/\/valharty.ca\/wp-content\/uploads\/2023\/09\/2019-Budget.pdf\" target=\"_blank\" rel=\"noopener noreferrer\">2019 &#8211; Budget<\/a><br \/>\n<a href=\"https:\/\/valharty.ca\/wp-content\/uploads\/2023\/09\/2018-Budget.pdf\" target=\"_blank\" rel=\"noopener noreferrer\">2018 &#8211; Budget<\/a><\/p>\n<\/div><\/div><\/div><style type=\"text\/css\">.fusion-body .fusion-builder-column-1{width:50% !important;margin-top : 10px;margin-bottom : 10px;}.fusion-builder-column-1 > .fusion-column-wrapper {padding-top : 0px !important;padding-right : 0px !important;margin-right : 3.84%;padding-bottom : 0px !important;padding-left : 0px !important;margin-left : 3.84%;}@media only screen and (max-width:1024px) {.fusion-body .fusion-builder-column-1{width:100% !important;order : 0;}.fusion-builder-column-1 > .fusion-column-wrapper {margin-right : 1.92%;margin-left : 1.92%;}}@media only screen and (max-width:640px) {.fusion-body .fusion-builder-column-1{width:100% !important;order : 0;}.fusion-builder-column-1 > .fusion-column-wrapper {margin-right : 1.92%;margin-left : 1.92%;}}<\/style><div class=\"fusion-layout-column fusion_builder_column fusion-builder-column-2 fusion_builder_column_1_2 1_2 fusion-flex-column\"><div class=\"fusion-column-wrapper fusion-flex-justify-content-flex-start fusion-content-layout-column\" style=\"background-position:left top;background-repeat:no-repeat;-webkit-background-size:cover;-moz-background-size:cover;-o-background-size:cover;background-size:cover;padding: 0px 0px 0px 0px;\"><div class=\"fusion-text fusion-text-5\"><p style=\"text-align: center;\"><strong style=\"font-size: 21px; color: #000000;\" data-fusion-font=\"true\">Consolidated Financial Statements<\/strong><\/p>\n<p style=\"text-align: center;\">2023 &#8211; \u00c9tat financiers consolid\u00e9s<br \/>\n2022 &#8211; \u00c9tat financiers consolid\u00e9s<br \/>\n<a href=\"https:\/\/valharty.ca\/wp-content\/uploads\/2023\/09\/Auditors-Report-2021.pdf\" target=\"_blank\" rel=\"noopener noreferrer\">2021 &#8211; \u00c9tat financiers consolid\u00e9s<\/a><br \/>\n<a href=\"https:\/\/valharty.ca\/wp-content\/uploads\/2023\/09\/Auditors-Report-2020.pdf\" target=\"_blank\" rel=\"noopener noreferrer\">2020 &#8211; \u00c9tat financiers consolid\u00e9s<\/a><a href=\"https:\/\/valharty.ca\/wp-content\/uploads\/2023\/09\/Auditors-Report-2020.pdf\" target=\"_blank\" rel=\"noopener noreferrer\"><br \/>\n<\/a><a href=\"https:\/\/valharty.ca\/wp-content\/uploads\/2023\/09\/Auditors-Report-2019.pdf\" target=\"_blank\" rel=\"noopener noreferrer\">2019 &#8211; \u00c9tat financiers consolid\u00e9s<\/a><a href=\"https:\/\/valharty.ca\/wp-content\/uploads\/2023\/09\/Auditors-Report-2020.pdf\" target=\"_blank\" rel=\"noopener noreferrer\"><br \/>\n<\/a><a href=\"https:\/\/valharty.ca\/wp-content\/uploads\/2023\/09\/Auditors-Report-2018.pdf\">2018 &#8211; \u00c9tat financiers consolid\u00e9s<\/a><\/p>\n<\/div><\/div><\/div><style type=\"text\/css\">.fusion-body .fusion-builder-column-2{width:50% !important;margin-top : 10px;margin-bottom : 10px;}.fusion-builder-column-2 > .fusion-column-wrapper {padding-top : 0px !important;padding-right : 0px !important;margin-right : 3.84%;padding-bottom : 0px !important;padding-left : 0px !important;margin-left : 3.84%;}@media only screen and (max-width:1024px) {.fusion-body .fusion-builder-column-2{width:100% !important;order : 0;}.fusion-builder-column-2 > .fusion-column-wrapper {margin-right : 1.92%;margin-left : 1.92%;}}@media only screen and (max-width:640px) {.fusion-body .fusion-builder-column-2{width:100% !important;order : 0;}.fusion-builder-column-2 > .fusion-column-wrapper {margin-right : 1.92%;margin-left : 1.92%;}}<\/style><\/div><style type=\"text\/css\">.fusion-body .fusion-flex-container.fusion-builder-row-2{ padding-top : 0px;margin-top : 0px;padding-right : 0px;padding-bottom : 0px;margin-bottom : 0px;padding-left : 0px;}<\/style><\/div><div class=\"fusion-fullwidth fullwidth-box fusion-builder-row-3 fusion-flex-container nonhundred-percent-fullwidth non-hundred-percent-height-scrolling\" style=\"background-color: rgba(255,255,255,0);background-position: center center;background-repeat: no-repeat;border-width: 0px 0px 0px 0px;border-color:#e7e4e2;border-style:solid;\" ><div class=\"fusion-builder-row fusion-row fusion-flex-align-items-flex-start\" style=\"max-width:1331.2px;margin-left: calc(-4% \/ 2 );margin-right: calc(-4% \/ 2 );\"><div class=\"fusion-layout-column fusion_builder_column fusion-builder-column-3 fusion_builder_column_1_1 1_1 fusion-flex-column\"><div class=\"fusion-column-wrapper fusion-flex-justify-content-flex-start fusion-content-layout-column\" style=\"background-position:left top;background-repeat:no-repeat;-webkit-background-size:cover;-moz-background-size:cover;-o-background-size:cover;background-size:cover;padding: 0px 0px 0px 0px;\"><div class=\"fusion-text fusion-text-6\"><p style=\"text-align: center;\"><b style=\"color: #000000;\">AUTRES<\/b><br \/>\n<span style=\"font-family: var(--body_typography-font-family);\"><span style=\"background-color: rgba(255, 255, 255, 0); font-style: var(--body_typography-font-style,normal); font-weight: var(--body_typography-font-weight); letter-spacing: var(--body_typography-letter-spacing);\"><a href=\"https:\/\/valharty.ca\/wp-content\/uploads\/2023\/09\/By-law-1140-22-Fees-and-Charges-2023.pdf\" target=\"_blank\" rel=\"noopener noreferrer\">Grille tarifaire 2023\u00a0<\/a><\/span><\/span><br \/>\n<span style=\"font-family: var(--body_typography-font-family);\"><span style=\"background-color: rgba(255, 255, 255, 0); font-style: var(--body_typography-font-style,normal); font-weight: var(--body_typography-font-weight); letter-spacing: var(--body_typography-letter-spacing);\"><a href=\"https:\/\/valharty.ca\/wp-content\/uploads\/2023\/09\/VAL-RITA-DRINKING-WATER-FINANCIAL-PLAN_2021_2026_FINAL.pdf\" target=\"_blank\" rel=\"noopener noreferrer\">Plan financier eau potable \/ 2021-2026<\/a><\/span><\/span><\/p>\n<\/div><\/div><\/div><style type=\"text\/css\">.fusion-body .fusion-builder-column-3{width:100% !important;margin-top : 10px;margin-bottom : 10px;}.fusion-builder-column-3 > .fusion-column-wrapper {padding-top : 0px !important;padding-right : 0px !important;margin-right : 1.92%;padding-bottom : 0px !important;padding-left : 0px !important;margin-left : 1.92%;}@media only screen and (max-width:1024px) {.fusion-body .fusion-builder-column-3{width:100% !important;order : 0;}.fusion-builder-column-3 > .fusion-column-wrapper {margin-right : 1.92%;margin-left : 1.92%;}}@media only screen and (max-width:640px) {.fusion-body .fusion-builder-column-3{width:100% !important;order : 0;}.fusion-builder-column-3 > .fusion-column-wrapper {margin-right : 1.92%;margin-left : 1.92%;}}<\/style><div class=\"fusion-layout-column fusion_builder_column fusion-builder-column-4 fusion_builder_column_1_2 1_2 fusion-flex-column\"><div class=\"fusion-column-wrapper fusion-flex-justify-content-flex-start fusion-content-layout-column\" style=\"background-position:left top;background-repeat:no-repeat;-webkit-background-size:cover;-moz-background-size:cover;-o-background-size:cover;background-size:cover;padding: 0px 0px 0px 0px;\"><div class=\"fusion-text fusion-text-7\"><p style=\"text-align: center;\"><strong><span style=\"color: #000000;\">Vickie Boudreau<\/span><br \/>\n<\/strong><span style=\"color: #000000;\">Greffi\u00e8re\/Tr\u00e9sori\u00e8re<\/span><br \/>\n<span style=\"color: #000000;\">705-335-6147<\/span><br \/>\n<a href=\"mailto:Clerk@valharty.ca\" target=\"_blank\" rel=\"noopener noreferrer\">Clerk@valharty.ca<\/a><\/p>\n<\/div><\/div><\/div><style type=\"text\/css\">.fusion-body .fusion-builder-column-4{width:50% !important;margin-top : 10px;margin-bottom : 10px;}.fusion-builder-column-4 > .fusion-column-wrapper {padding-top : 0px !important;padding-right : 0px !important;margin-right : 3.84%;padding-bottom : 0px !important;padding-left : 0px !important;margin-left : 3.84%;}@media only screen and (max-width:1024px) {.fusion-body .fusion-builder-column-4{width:100% !important;order : 0;}.fusion-builder-column-4 > .fusion-column-wrapper {margin-right : 1.92%;margin-left : 1.92%;}}@media only screen and (max-width:640px) {.fusion-body .fusion-builder-column-4{width:100% !important;order : 0;}.fusion-builder-column-4 > .fusion-column-wrapper {margin-right : 1.92%;margin-left : 1.92%;}}<\/style><div class=\"fusion-layout-column fusion_builder_column fusion-builder-column-5 fusion_builder_column_1_2 1_2 fusion-flex-column\"><div class=\"fusion-column-wrapper fusion-flex-justify-content-flex-start fusion-content-layout-column\" style=\"background-position:left top;background-repeat:no-repeat;-webkit-background-size:cover;-moz-background-size:cover;-o-background-size:cover;background-size:cover;padding: 0px 0px 0px 0px;\"><div class=\"fusion-text fusion-text-8\"><p style=\"text-align: center;\"><b><span style=\"color: #000000;\">Lise B\u00e9rub\u00e9<\/span><br \/>\n<\/b><span style=\"background-color: rgba(255, 255, 255, 0); color: var(--body_typography-color); font-family: var(--body_typography-font-family); font-size: var(--body_typography-font-size); font-style: var(--body_typography-font-style,normal); font-weight: var(--body_typography-font-weight); letter-spacing: var(--body_typography-letter-spacing);\"><span style=\"color: #000000;\">Commis comptable<\/span><br \/>\n<\/span><span style=\"background-color: rgba(255, 255, 255, 0); font-family: var(--body_typography-font-family); font-size: var(--body_typography-font-size); font-style: var(--body_typography-font-style,normal); font-weight: var(--body_typography-font-weight); letter-spacing: var(--body_typography-letter-spacing);\"><span style=\"color: rgba(0, 0, 0, 0);\"><span style=\"color: #000000;\">705-335-6147<\/span><\/span><br \/>\n<\/span><span style=\"font-family: var(--body_typography-font-family);\"><span style=\"background-color: rgba(255, 255, 255, 0); font-style: var(--body_typography-font-style,normal); font-weight: var(--body_typography-font-weight); letter-spacing: var(--body_typography-letter-spacing);\"><a href=\"mailto:Administration@valharty.ca\" target=\"_blank\" rel=\"noopener noreferrer\">Administration@valharty.ca<\/a><\/span><\/span><\/p>\n<\/div><\/div><\/div><style type=\"text\/css\">.fusion-body .fusion-builder-column-5{width:50% !important;margin-top : 10px;margin-bottom : 10px;}.fusion-builder-column-5 > .fusion-column-wrapper {padding-top : 0px !important;padding-right : 0px !important;margin-right : 3.84%;padding-bottom : 0px !important;padding-left : 0px !important;margin-left : 3.84%;}@media only screen and (max-width:1024px) {.fusion-body .fusion-builder-column-5{width:100% !important;order : 0;}.fusion-builder-column-5 > .fusion-column-wrapper {margin-right : 1.92%;margin-left : 1.92%;}}@media only screen and (max-width:640px) {.fusion-body .fusion-builder-column-5{width:100% !important;order : 0;}.fusion-builder-column-5 > .fusion-column-wrapper {margin-right : 1.92%;margin-left : 1.92%;}}<\/style><\/div><style type=\"text\/css\">.fusion-body .fusion-flex-container.fusion-builder-row-3{ padding-top : 0px;margin-top : 0px;padding-right : 0px;padding-bottom : 0px;margin-bottom : 0px;padding-left : 0px;}<\/style><\/div><\/p>\n","protected":false},"excerpt":{"rendered":"","protected":false},"author":1,"featured_media":0,"parent":3479,"menu_order":0,"comment_status":"closed","ping_status":"closed","template":"page-inner.php","meta":{"inline_featured_image":false,"footnotes":""},"class_list":["post-6141","page","type-page","status-publish","hentry"],"acf":[],"yoast_head":"<!-- This site is optimized with the Yoast SEO plugin v27.3 - https:\/\/yoast.com\/product\/yoast-seo-wordpress\/ -->\n<title>BUDGET ET FINANCE | VAL RITA-HARTY<\/title>\n<meta name=\"description\" content=\"The Val Rita-Harty Fire Department plays a critical role in the health and safety of all residents. Visit the page to learn more.\" \/>\n<meta name=\"robots\" content=\"index, follow, max-snippet:-1, max-image-preview:large, max-video-preview:-1\" \/>\n<link rel=\"canonical\" href=\"https:\/\/valharty.ca\/fr\/municipalite\/budget-et-finance\/\" \/>\n<meta property=\"og:locale\" content=\"fr_FR\" \/>\n<meta property=\"og:type\" content=\"article\" \/>\n<meta property=\"og:title\" content=\"BUDGET ET FINANCE | VAL RITA-HARTY\" \/>\n<meta property=\"og:description\" content=\"The Val Rita-Harty Fire Department plays a critical role in the health and safety of all residents. Visit the page to learn more.\" \/>\n<meta property=\"og:url\" content=\"https:\/\/valharty.ca\/fr\/municipalite\/budget-et-finance\/\" \/>\n<meta property=\"og:site_name\" content=\"VAL RITA-HARTY\" \/>\n<meta property=\"article:publisher\" content=\"https:\/\/www.facebook.com\/valharty.ca\" \/>\n<meta property=\"article:modified_time\" content=\"2023-09-07T14:16:37+00:00\" \/>\n<meta property=\"og:image\" content=\"https:\/\/valharty.ca\/wp-content\/uploads\/2020\/06\/Header_Aerial-1.jpg\" \/>\n\t<meta property=\"og:image:width\" content=\"1920\" \/>\n\t<meta property=\"og:image:height\" content=\"600\" \/>\n\t<meta property=\"og:image:type\" content=\"image\/jpeg\" \/>\n<meta name=\"twitter:card\" content=\"summary_large_image\" \/>\n<meta name=\"twitter:label1\" content=\"Dur\u00e9e de lecture estim\u00e9e\" \/>\n\t<meta name=\"twitter:data1\" content=\"11 minutes\" \/>\n<script type=\"application\/ld+json\" class=\"yoast-schema-graph\">{\"@context\":\"https:\\\/\\\/schema.org\",\"@graph\":[{\"@type\":\"WebPage\",\"@id\":\"https:\\\/\\\/valharty.ca\\\/fr\\\/municipalite\\\/budget-et-finance\\\/\",\"url\":\"https:\\\/\\\/valharty.ca\\\/fr\\\/municipalite\\\/budget-et-finance\\\/\",\"name\":\"BUDGET ET FINANCE | VAL RITA-HARTY\",\"isPartOf\":{\"@id\":\"https:\\\/\\\/valharty.ca\\\/fr\\\/#website\"},\"datePublished\":\"2023-09-07T14:01:33+00:00\",\"dateModified\":\"2023-09-07T14:16:37+00:00\",\"description\":\"The Val Rita-Harty Fire Department plays a critical role in the health and safety of all residents. Visit the page to learn more.\",\"breadcrumb\":{\"@id\":\"https:\\\/\\\/valharty.ca\\\/fr\\\/municipalite\\\/budget-et-finance\\\/#breadcrumb\"},\"inLanguage\":\"fr-FR\",\"potentialAction\":[{\"@type\":\"ReadAction\",\"target\":[\"https:\\\/\\\/valharty.ca\\\/fr\\\/municipalite\\\/budget-et-finance\\\/\"]}]},{\"@type\":\"BreadcrumbList\",\"@id\":\"https:\\\/\\\/valharty.ca\\\/fr\\\/municipalite\\\/budget-et-finance\\\/#breadcrumb\",\"itemListElement\":[{\"@type\":\"ListItem\",\"position\":1,\"name\":\"Home\",\"item\":\"https:\\\/\\\/valharty.ca\\\/fr\\\/\"},{\"@type\":\"ListItem\",\"position\":2,\"name\":\"MUNICIPALIT\u00c9\",\"item\":\"https:\\\/\\\/valharty.ca\\\/fr\\\/municipalite\\\/\"},{\"@type\":\"ListItem\",\"position\":3,\"name\":\"BUDGET ET FINANCE\"}]},{\"@type\":\"WebSite\",\"@id\":\"https:\\\/\\\/valharty.ca\\\/fr\\\/#website\",\"url\":\"https:\\\/\\\/valharty.ca\\\/fr\\\/\",\"name\":\"VAL RITA-HARTY\",\"description\":\"Ontario, Canada\",\"publisher\":{\"@id\":\"https:\\\/\\\/valharty.ca\\\/fr\\\/#organization\"},\"potentialAction\":[{\"@type\":\"SearchAction\",\"target\":{\"@type\":\"EntryPoint\",\"urlTemplate\":\"https:\\\/\\\/valharty.ca\\\/fr\\\/?s={search_term_string}\"},\"query-input\":{\"@type\":\"PropertyValueSpecification\",\"valueRequired\":true,\"valueName\":\"search_term_string\"}}],\"inLanguage\":\"fr-FR\"},{\"@type\":\"Organization\",\"@id\":\"https:\\\/\\\/valharty.ca\\\/fr\\\/#organization\",\"name\":\"Municipality of Val Rita-Harty\",\"url\":\"https:\\\/\\\/valharty.ca\\\/fr\\\/\",\"logo\":{\"@type\":\"ImageObject\",\"inLanguage\":\"fr-FR\",\"@id\":\"https:\\\/\\\/valharty.ca\\\/fr\\\/#\\\/schema\\\/logo\\\/image\\\/\",\"url\":\"https:\\\/\\\/valharty.ca\\\/wp-content\\\/uploads\\\/2020\\\/02\\\/ValRita_Harty_Logo_Footer250x275.svg\",\"contentUrl\":\"https:\\\/\\\/valharty.ca\\\/wp-content\\\/uploads\\\/2020\\\/02\\\/ValRita_Harty_Logo_Footer250x275.svg\",\"width\":200,\"height\":275,\"caption\":\"Municipality of Val Rita-Harty\"},\"image\":{\"@id\":\"https:\\\/\\\/valharty.ca\\\/fr\\\/#\\\/schema\\\/logo\\\/image\\\/\"},\"sameAs\":[\"https:\\\/\\\/www.facebook.com\\\/valharty.ca\"]}]}<\/script>\n<!-- \/ Yoast SEO plugin. -->","yoast_head_json":{"title":"BUDGET ET FINANCE | VAL RITA-HARTY","description":"The Val Rita-Harty Fire Department plays a critical role in the health and safety of all residents. Visit the page to learn more.","robots":{"index":"index","follow":"follow","max-snippet":"max-snippet:-1","max-image-preview":"max-image-preview:large","max-video-preview":"max-video-preview:-1"},"canonical":"https:\/\/valharty.ca\/fr\/municipalite\/budget-et-finance\/","og_locale":"fr_FR","og_type":"article","og_title":"BUDGET ET FINANCE | VAL RITA-HARTY","og_description":"The Val Rita-Harty Fire Department plays a critical role in the health and safety of all residents. Visit the page to learn more.","og_url":"https:\/\/valharty.ca\/fr\/municipalite\/budget-et-finance\/","og_site_name":"VAL RITA-HARTY","article_publisher":"https:\/\/www.facebook.com\/valharty.ca","article_modified_time":"2023-09-07T14:16:37+00:00","og_image":[{"width":1920,"height":600,"url":"https:\/\/valharty.ca\/wp-content\/uploads\/2020\/06\/Header_Aerial-1.jpg","type":"image\/jpeg"}],"twitter_card":"summary_large_image","twitter_misc":{"Dur\u00e9e de lecture estim\u00e9e":"11 minutes"},"schema":{"@context":"https:\/\/schema.org","@graph":[{"@type":"WebPage","@id":"https:\/\/valharty.ca\/fr\/municipalite\/budget-et-finance\/","url":"https:\/\/valharty.ca\/fr\/municipalite\/budget-et-finance\/","name":"BUDGET ET FINANCE | VAL RITA-HARTY","isPartOf":{"@id":"https:\/\/valharty.ca\/fr\/#website"},"datePublished":"2023-09-07T14:01:33+00:00","dateModified":"2023-09-07T14:16:37+00:00","description":"The Val Rita-Harty Fire Department plays a critical role in the health and safety of all residents. Visit the page to learn more.","breadcrumb":{"@id":"https:\/\/valharty.ca\/fr\/municipalite\/budget-et-finance\/#breadcrumb"},"inLanguage":"fr-FR","potentialAction":[{"@type":"ReadAction","target":["https:\/\/valharty.ca\/fr\/municipalite\/budget-et-finance\/"]}]},{"@type":"BreadcrumbList","@id":"https:\/\/valharty.ca\/fr\/municipalite\/budget-et-finance\/#breadcrumb","itemListElement":[{"@type":"ListItem","position":1,"name":"Home","item":"https:\/\/valharty.ca\/fr\/"},{"@type":"ListItem","position":2,"name":"MUNICIPALIT\u00c9","item":"https:\/\/valharty.ca\/fr\/municipalite\/"},{"@type":"ListItem","position":3,"name":"BUDGET ET FINANCE"}]},{"@type":"WebSite","@id":"https:\/\/valharty.ca\/fr\/#website","url":"https:\/\/valharty.ca\/fr\/","name":"VAL RITA-HARTY","description":"Ontario, Canada","publisher":{"@id":"https:\/\/valharty.ca\/fr\/#organization"},"potentialAction":[{"@type":"SearchAction","target":{"@type":"EntryPoint","urlTemplate":"https:\/\/valharty.ca\/fr\/?s={search_term_string}"},"query-input":{"@type":"PropertyValueSpecification","valueRequired":true,"valueName":"search_term_string"}}],"inLanguage":"fr-FR"},{"@type":"Organization","@id":"https:\/\/valharty.ca\/fr\/#organization","name":"Municipality of Val Rita-Harty","url":"https:\/\/valharty.ca\/fr\/","logo":{"@type":"ImageObject","inLanguage":"fr-FR","@id":"https:\/\/valharty.ca\/fr\/#\/schema\/logo\/image\/","url":"https:\/\/valharty.ca\/wp-content\/uploads\/2020\/02\/ValRita_Harty_Logo_Footer250x275.svg","contentUrl":"https:\/\/valharty.ca\/wp-content\/uploads\/2020\/02\/ValRita_Harty_Logo_Footer250x275.svg","width":200,"height":275,"caption":"Municipality of Val Rita-Harty"},"image":{"@id":"https:\/\/valharty.ca\/fr\/#\/schema\/logo\/image\/"},"sameAs":["https:\/\/www.facebook.com\/valharty.ca"]}]}},"_links":{"self":[{"href":"https:\/\/valharty.ca\/fr\/wp-json\/wp\/v2\/pages\/6141","targetHints":{"allow":["GET"]}}],"collection":[{"href":"https:\/\/valharty.ca\/fr\/wp-json\/wp\/v2\/pages"}],"about":[{"href":"https:\/\/valharty.ca\/fr\/wp-json\/wp\/v2\/types\/page"}],"author":[{"embeddable":true,"href":"https:\/\/valharty.ca\/fr\/wp-json\/wp\/v2\/users\/1"}],"replies":[{"embeddable":true,"href":"https:\/\/valharty.ca\/fr\/wp-json\/wp\/v2\/comments?post=6141"}],"version-history":[{"count":5,"href":"https:\/\/valharty.ca\/fr\/wp-json\/wp\/v2\/pages\/6141\/revisions"}],"predecessor-version":[{"id":6147,"href":"https:\/\/valharty.ca\/fr\/wp-json\/wp\/v2\/pages\/6141\/revisions\/6147"}],"up":[{"embeddable":true,"href":"https:\/\/valharty.ca\/fr\/wp-json\/wp\/v2\/pages\/3479"}],"wp:attachment":[{"href":"https:\/\/valharty.ca\/fr\/wp-json\/wp\/v2\/media?parent=6141"}],"curies":[{"name":"wp","href":"https:\/\/api.w.org\/{rel}","templated":true}]}}