{"id":5722,"date":"2022-07-10T09:44:55","date_gmt":"2022-07-10T13:44:55","guid":{"rendered":"https:\/\/valharty.ca\/?page_id=5722"},"modified":"2022-11-09T08:15:11","modified_gmt":"2022-11-09T13:15:11","slug":"programme-dete-des-petits-explorateurs","status":"publish","type":"page","link":"https:\/\/valharty.ca\/fr\/vivre\/programme-dete-des-petits-explorateurs\/","title":{"rendered":"PROGRAMME D&rsquo;\u00c9T\u00c9 DES PETITS EXPLORATEURS"},"content":{"rendered":"<div class=\"fusion-fullwidth fullwidth-box fusion-builder-row-1 nonhundred-percent-fullwidth non-hundred-percent-height-scrolling\" style=\"background-color: rgba(255,255,255,0);background-position: center center;background-repeat: no-repeat;padding-top:0px;padding-right:0px;padding-bottom:0px;padding-left:0px;margin-bottom: 0px;margin-top: 0px;border-width: 0px 0px 0px 0px;border-color:#e7e4e2;border-style:solid;\" ><div class=\"fusion-builder-row fusion-row\"><div class=\"fusion-layout-column fusion_builder_column fusion-builder-column-0 fusion_builder_column_5_6 5_6 fusion-five-sixth fusion-column-first\" style=\"width:83.333333333333%;width:calc(83.333333333333% - ( ( 4% ) * 0.83333333333333 ) );margin-right: 4%;margin-top:10px;margin-bottom:10px;\"><div class=\"fusion-column-wrapper fusion-flex-column-wrapper-legacy\" style=\"background-position:left top;background-repeat:no-repeat;-webkit-background-size:cover;-moz-background-size:cover;-o-background-size:cover;background-size:cover;padding: 0px 0px 0px 0px;\"><div class=\"fusion-column-content-centered\"><div class=\"fusion-column-content\"><div class=\"fusion-text fusion-text-1\"><p>Le programme se d\u00e9roulera 3 fois par semaine, \u00e0 raison de 2 heures par jour.<\/p>\n<p><span style=\"color: #008000;\"><strong><a style=\"color: #008000;\" href=\"https:\/\/www.facebook.com\/VRHPetitsExplorateurs\">Lien au groupe Facebook<\/a><\/strong><\/span><br \/><span style=\"color: #008000;\"><strong><a style=\"color: #008000;\" href=\"https:\/\/valharty.ca\/fr\/event\/programme-dete-des-petits-explorateurs\/\">Lien au programme sur le calendrier des activit\u00e9s<\/a><\/p>\n<p><\/strong><\/span><img decoding=\"async\" class=\"alignnone size-full wp-image-5705\" src=\"https:\/\/valharty.ca\/wp-content\/uploads\/2022\/07\/Program-FR.png\" alt=\"\" width=\"1545\" height=\"2000\" srcset=\"https:\/\/valharty.ca\/wp-content\/uploads\/2022\/07\/Program-FR-193x250.png 193w, https:\/\/valharty.ca\/wp-content\/uploads\/2022\/07\/Program-FR-200x259.png 200w, https:\/\/valharty.ca\/wp-content\/uploads\/2022\/07\/Program-FR-309x400.png 309w, https:\/\/valharty.ca\/wp-content\/uploads\/2022\/07\/Program-FR-400x518.png 400w, https:\/\/valharty.ca\/wp-content\/uploads\/2022\/07\/Program-FR-600x777.png 600w, https:\/\/valharty.ca\/wp-content\/uploads\/2022\/07\/Program-FR-768x994.png 768w, https:\/\/valharty.ca\/wp-content\/uploads\/2022\/07\/Program-FR-791x1024.png 791w, https:\/\/valharty.ca\/wp-content\/uploads\/2022\/07\/Program-FR-800x1036.png 800w, https:\/\/valharty.ca\/wp-content\/uploads\/2022\/07\/Program-FR-1187x1536.png 1187w, https:\/\/valharty.ca\/wp-content\/uploads\/2022\/07\/Program-FR-1200x1553.png 1200w, https:\/\/valharty.ca\/wp-content\/uploads\/2022\/07\/Program-FR.png 1545w\" sizes=\"(max-width: 1545px) 100vw, 1545px\" \/><\/p>\n<\/div><\/div><\/div><div class=\"fusion-clearfix\"><\/div><\/div><\/div><\/div><\/div>\n","protected":false},"excerpt":{"rendered":"","protected":false},"author":1,"featured_media":0,"parent":3463,"menu_order":0,"comment_status":"closed","ping_status":"closed","template":"page-inner.php","meta":{"inline_featured_image":false,"footnotes":""},"class_list":["post-5722","page","type-page","status-publish","hentry"],"acf":[],"yoast_head":"<!-- This site is optimized with the Yoast SEO plugin v27.3 - https:\/\/yoast.com\/product\/yoast-seo-wordpress\/ -->\n<title>PROGRAMME D&#039;\u00c9T\u00c9 DES PETITS EXPLORATEURS | VAL RITA-HARTY<\/title>\n<meta name=\"description\" content=\"Le parc est \u00e0 votre disposition \u00e0 tout moment. \u00c0 Val Rita, vous trouverez une patinoire, un terrain de base-ball et un terrain de tennis, ainsi qu&#039;une vari\u00e9t\u00e9 de divertissements pour les enfants.\" \/>\n<meta name=\"robots\" content=\"index, follow, max-snippet:-1, max-image-preview:large, max-video-preview:-1\" \/>\n<link rel=\"canonical\" href=\"https:\/\/valharty.ca\/fr\/vivre\/programme-dete-des-petits-explorateurs\/\" \/>\n<meta property=\"og:locale\" content=\"fr_FR\" \/>\n<meta property=\"og:type\" content=\"article\" \/>\n<meta property=\"og:title\" content=\"PROGRAMME D&#039;\u00c9T\u00c9 DES PETITS EXPLORATEURS | VAL RITA-HARTY\" \/>\n<meta property=\"og:description\" content=\"Le parc est \u00e0 votre disposition \u00e0 tout moment. \u00c0 Val Rita, vous trouverez une patinoire, un terrain de base-ball et un terrain de tennis, ainsi qu&#039;une vari\u00e9t\u00e9 de divertissements pour les enfants.\" \/>\n<meta property=\"og:url\" content=\"https:\/\/valharty.ca\/fr\/vivre\/programme-dete-des-petits-explorateurs\/\" \/>\n<meta property=\"og:site_name\" content=\"VAL RITA-HARTY\" \/>\n<meta property=\"article:publisher\" content=\"https:\/\/www.facebook.com\/valharty.ca\" \/>\n<meta property=\"article:modified_time\" content=\"2022-11-09T13:15:11+00:00\" \/>\n<meta property=\"og:image\" content=\"https:\/\/valharty.ca\/wp-content\/uploads\/2022\/07\/Program-FR.png\" \/>\n<meta name=\"twitter:card\" content=\"summary_large_image\" \/>\n<meta name=\"twitter:label1\" content=\"Dur\u00e9e de lecture estim\u00e9e\" \/>\n\t<meta name=\"twitter:data1\" content=\"2 minutes\" \/>\n<script type=\"application\/ld+json\" class=\"yoast-schema-graph\">{\"@context\":\"https:\\\/\\\/schema.org\",\"@graph\":[{\"@type\":\"WebPage\",\"@id\":\"https:\\\/\\\/valharty.ca\\\/fr\\\/vivre\\\/programme-dete-des-petits-explorateurs\\\/\",\"url\":\"https:\\\/\\\/valharty.ca\\\/fr\\\/vivre\\\/programme-dete-des-petits-explorateurs\\\/\",\"name\":\"PROGRAMME D'\u00c9T\u00c9 DES PETITS EXPLORATEURS | VAL RITA-HARTY\",\"isPartOf\":{\"@id\":\"https:\\\/\\\/valharty.ca\\\/fr\\\/#website\"},\"primaryImageOfPage\":{\"@id\":\"https:\\\/\\\/valharty.ca\\\/fr\\\/vivre\\\/programme-dete-des-petits-explorateurs\\\/#primaryimage\"},\"image\":{\"@id\":\"https:\\\/\\\/valharty.ca\\\/fr\\\/vivre\\\/programme-dete-des-petits-explorateurs\\\/#primaryimage\"},\"thumbnailUrl\":\"https:\\\/\\\/valharty.ca\\\/wp-content\\\/uploads\\\/2022\\\/07\\\/Program-FR.png\",\"datePublished\":\"2022-07-10T13:44:55+00:00\",\"dateModified\":\"2022-11-09T13:15:11+00:00\",\"description\":\"Le parc est \u00e0 votre disposition \u00e0 tout moment. \u00c0 Val Rita, vous trouverez une patinoire, un terrain de base-ball et un terrain de tennis, ainsi qu'une vari\u00e9t\u00e9 de divertissements pour les enfants.\",\"breadcrumb\":{\"@id\":\"https:\\\/\\\/valharty.ca\\\/fr\\\/vivre\\\/programme-dete-des-petits-explorateurs\\\/#breadcrumb\"},\"inLanguage\":\"fr-FR\",\"potentialAction\":[{\"@type\":\"ReadAction\",\"target\":[\"https:\\\/\\\/valharty.ca\\\/fr\\\/vivre\\\/programme-dete-des-petits-explorateurs\\\/\"]}]},{\"@type\":\"ImageObject\",\"inLanguage\":\"fr-FR\",\"@id\":\"https:\\\/\\\/valharty.ca\\\/fr\\\/vivre\\\/programme-dete-des-petits-explorateurs\\\/#primaryimage\",\"url\":\"https:\\\/\\\/valharty.ca\\\/wp-content\\\/uploads\\\/2022\\\/07\\\/Program-FR.png\",\"contentUrl\":\"https:\\\/\\\/valharty.ca\\\/wp-content\\\/uploads\\\/2022\\\/07\\\/Program-FR.png\"},{\"@type\":\"BreadcrumbList\",\"@id\":\"https:\\\/\\\/valharty.ca\\\/fr\\\/vivre\\\/programme-dete-des-petits-explorateurs\\\/#breadcrumb\",\"itemListElement\":[{\"@type\":\"ListItem\",\"position\":1,\"name\":\"Home\",\"item\":\"https:\\\/\\\/valharty.ca\\\/fr\\\/\"},{\"@type\":\"ListItem\",\"position\":2,\"name\":\"VIVRE\",\"item\":\"https:\\\/\\\/valharty.ca\\\/fr\\\/living\\\/\"},{\"@type\":\"ListItem\",\"position\":3,\"name\":\"PROGRAMME D&#8217;\u00c9T\u00c9 DES PETITS EXPLORATEURS\"}]},{\"@type\":\"WebSite\",\"@id\":\"https:\\\/\\\/valharty.ca\\\/fr\\\/#website\",\"url\":\"https:\\\/\\\/valharty.ca\\\/fr\\\/\",\"name\":\"VAL RITA-HARTY\",\"description\":\"Ontario, Canada\",\"publisher\":{\"@id\":\"https:\\\/\\\/valharty.ca\\\/fr\\\/#organization\"},\"potentialAction\":[{\"@type\":\"SearchAction\",\"target\":{\"@type\":\"EntryPoint\",\"urlTemplate\":\"https:\\\/\\\/valharty.ca\\\/fr\\\/?s={search_term_string}\"},\"query-input\":{\"@type\":\"PropertyValueSpecification\",\"valueRequired\":true,\"valueName\":\"search_term_string\"}}],\"inLanguage\":\"fr-FR\"},{\"@type\":\"Organization\",\"@id\":\"https:\\\/\\\/valharty.ca\\\/fr\\\/#organization\",\"name\":\"Municipality of Val Rita-Harty\",\"url\":\"https:\\\/\\\/valharty.ca\\\/fr\\\/\",\"logo\":{\"@type\":\"ImageObject\",\"inLanguage\":\"fr-FR\",\"@id\":\"https:\\\/\\\/valharty.ca\\\/fr\\\/#\\\/schema\\\/logo\\\/image\\\/\",\"url\":\"https:\\\/\\\/valharty.ca\\\/wp-content\\\/uploads\\\/2020\\\/02\\\/ValRita_Harty_Logo_Footer250x275.svg\",\"contentUrl\":\"https:\\\/\\\/valharty.ca\\\/wp-content\\\/uploads\\\/2020\\\/02\\\/ValRita_Harty_Logo_Footer250x275.svg\",\"width\":200,\"height\":275,\"caption\":\"Municipality of Val Rita-Harty\"},\"image\":{\"@id\":\"https:\\\/\\\/valharty.ca\\\/fr\\\/#\\\/schema\\\/logo\\\/image\\\/\"},\"sameAs\":[\"https:\\\/\\\/www.facebook.com\\\/valharty.ca\"]}]}<\/script>\n<!-- \/ Yoast SEO plugin. -->","yoast_head_json":{"title":"PROGRAMME D'\u00c9T\u00c9 DES PETITS EXPLORATEURS | VAL RITA-HARTY","description":"Le parc est \u00e0 votre disposition \u00e0 tout moment. \u00c0 Val Rita, vous trouverez une patinoire, un terrain de base-ball et un terrain de tennis, ainsi qu'une vari\u00e9t\u00e9 de divertissements pour les enfants.","robots":{"index":"index","follow":"follow","max-snippet":"max-snippet:-1","max-image-preview":"max-image-preview:large","max-video-preview":"max-video-preview:-1"},"canonical":"https:\/\/valharty.ca\/fr\/vivre\/programme-dete-des-petits-explorateurs\/","og_locale":"fr_FR","og_type":"article","og_title":"PROGRAMME D'\u00c9T\u00c9 DES PETITS EXPLORATEURS | VAL RITA-HARTY","og_description":"Le parc est \u00e0 votre disposition \u00e0 tout moment. \u00c0 Val Rita, vous trouverez une patinoire, un terrain de base-ball et un terrain de tennis, ainsi qu'une vari\u00e9t\u00e9 de divertissements pour les enfants.","og_url":"https:\/\/valharty.ca\/fr\/vivre\/programme-dete-des-petits-explorateurs\/","og_site_name":"VAL RITA-HARTY","article_publisher":"https:\/\/www.facebook.com\/valharty.ca","article_modified_time":"2022-11-09T13:15:11+00:00","og_image":[{"url":"https:\/\/valharty.ca\/wp-content\/uploads\/2022\/07\/Program-FR.png","type":"","width":"","height":""}],"twitter_card":"summary_large_image","twitter_misc":{"Dur\u00e9e de lecture estim\u00e9e":"2 minutes"},"schema":{"@context":"https:\/\/schema.org","@graph":[{"@type":"WebPage","@id":"https:\/\/valharty.ca\/fr\/vivre\/programme-dete-des-petits-explorateurs\/","url":"https:\/\/valharty.ca\/fr\/vivre\/programme-dete-des-petits-explorateurs\/","name":"PROGRAMME D'\u00c9T\u00c9 DES PETITS EXPLORATEURS | VAL RITA-HARTY","isPartOf":{"@id":"https:\/\/valharty.ca\/fr\/#website"},"primaryImageOfPage":{"@id":"https:\/\/valharty.ca\/fr\/vivre\/programme-dete-des-petits-explorateurs\/#primaryimage"},"image":{"@id":"https:\/\/valharty.ca\/fr\/vivre\/programme-dete-des-petits-explorateurs\/#primaryimage"},"thumbnailUrl":"https:\/\/valharty.ca\/wp-content\/uploads\/2022\/07\/Program-FR.png","datePublished":"2022-07-10T13:44:55+00:00","dateModified":"2022-11-09T13:15:11+00:00","description":"Le parc est \u00e0 votre disposition \u00e0 tout moment. \u00c0 Val Rita, vous trouverez une patinoire, un terrain de base-ball et un terrain de tennis, ainsi qu'une vari\u00e9t\u00e9 de divertissements pour les enfants.","breadcrumb":{"@id":"https:\/\/valharty.ca\/fr\/vivre\/programme-dete-des-petits-explorateurs\/#breadcrumb"},"inLanguage":"fr-FR","potentialAction":[{"@type":"ReadAction","target":["https:\/\/valharty.ca\/fr\/vivre\/programme-dete-des-petits-explorateurs\/"]}]},{"@type":"ImageObject","inLanguage":"fr-FR","@id":"https:\/\/valharty.ca\/fr\/vivre\/programme-dete-des-petits-explorateurs\/#primaryimage","url":"https:\/\/valharty.ca\/wp-content\/uploads\/2022\/07\/Program-FR.png","contentUrl":"https:\/\/valharty.ca\/wp-content\/uploads\/2022\/07\/Program-FR.png"},{"@type":"BreadcrumbList","@id":"https:\/\/valharty.ca\/fr\/vivre\/programme-dete-des-petits-explorateurs\/#breadcrumb","itemListElement":[{"@type":"ListItem","position":1,"name":"Home","item":"https:\/\/valharty.ca\/fr\/"},{"@type":"ListItem","position":2,"name":"VIVRE","item":"https:\/\/valharty.ca\/fr\/living\/"},{"@type":"ListItem","position":3,"name":"PROGRAMME D&#8217;\u00c9T\u00c9 DES PETITS EXPLORATEURS"}]},{"@type":"WebSite","@id":"https:\/\/valharty.ca\/fr\/#website","url":"https:\/\/valharty.ca\/fr\/","name":"VAL RITA-HARTY","description":"Ontario, Canada","publisher":{"@id":"https:\/\/valharty.ca\/fr\/#organization"},"potentialAction":[{"@type":"SearchAction","target":{"@type":"EntryPoint","urlTemplate":"https:\/\/valharty.ca\/fr\/?s={search_term_string}"},"query-input":{"@type":"PropertyValueSpecification","valueRequired":true,"valueName":"search_term_string"}}],"inLanguage":"fr-FR"},{"@type":"Organization","@id":"https:\/\/valharty.ca\/fr\/#organization","name":"Municipality of Val Rita-Harty","url":"https:\/\/valharty.ca\/fr\/","logo":{"@type":"ImageObject","inLanguage":"fr-FR","@id":"https:\/\/valharty.ca\/fr\/#\/schema\/logo\/image\/","url":"https:\/\/valharty.ca\/wp-content\/uploads\/2020\/02\/ValRita_Harty_Logo_Footer250x275.svg","contentUrl":"https:\/\/valharty.ca\/wp-content\/uploads\/2020\/02\/ValRita_Harty_Logo_Footer250x275.svg","width":200,"height":275,"caption":"Municipality of Val Rita-Harty"},"image":{"@id":"https:\/\/valharty.ca\/fr\/#\/schema\/logo\/image\/"},"sameAs":["https:\/\/www.facebook.com\/valharty.ca"]}]}},"_links":{"self":[{"href":"https:\/\/valharty.ca\/fr\/wp-json\/wp\/v2\/pages\/5722","targetHints":{"allow":["GET"]}}],"collection":[{"href":"https:\/\/valharty.ca\/fr\/wp-json\/wp\/v2\/pages"}],"about":[{"href":"https:\/\/valharty.ca\/fr\/wp-json\/wp\/v2\/types\/page"}],"author":[{"embeddable":true,"href":"https:\/\/valharty.ca\/fr\/wp-json\/wp\/v2\/users\/1"}],"replies":[{"embeddable":true,"href":"https:\/\/valharty.ca\/fr\/wp-json\/wp\/v2\/comments?post=5722"}],"version-history":[{"count":3,"href":"https:\/\/valharty.ca\/fr\/wp-json\/wp\/v2\/pages\/5722\/revisions"}],"predecessor-version":[{"id":5854,"href":"https:\/\/valharty.ca\/fr\/wp-json\/wp\/v2\/pages\/5722\/revisions\/5854"}],"up":[{"embeddable":true,"href":"https:\/\/valharty.ca\/fr\/wp-json\/wp\/v2\/pages\/3463"}],"wp:attachment":[{"href":"https:\/\/valharty.ca\/fr\/wp-json\/wp\/v2\/media?parent=5722"}],"curies":[{"name":"wp","href":"https:\/\/api.w.org\/{rel}","templated":true}]}}