{"id":3516,"date":"2020-06-02T11:34:58","date_gmt":"2020-06-02T15:34:58","guid":{"rendered":"https:\/\/valharty.ca\/municipalite\/proces-verbaux\/"},"modified":"2026-04-30T18:53:30","modified_gmt":"2026-04-30T22:53:30","slug":"proces-verbaux","status":"publish","type":"page","link":"https:\/\/valharty.ca\/fr\/municipalite\/proces-verbaux\/","title":{"rendered":"ORDRE DU JOUR ET PROC\u00c8S-VERBAUX"},"content":{"rendered":"<p><div class=\"fusion-fullwidth fullwidth-box fusion-builder-row-1 nonhundred-percent-fullwidth non-hundred-percent-height-scrolling\" style=\"background-color: rgba(255,255,255,0);background-position: center center;background-repeat: no-repeat;padding-top:0px;padding-right:0px;padding-bottom:0px;padding-left:0px;margin-bottom: 0px;margin-top: 0px;border-width: 0px 0px 0px 0px;border-color:#e7e4e2;border-style:solid;\" ><div class=\"fusion-builder-row fusion-row\"><div class=\"fusion-layout-column fusion_builder_column fusion-builder-column-0 fusion_builder_column_1_1 1_1 fusion-one-full fusion-column-first fusion-column-last\" style=\"margin-top:10px;margin-bottom:10px;\"><div class=\"fusion-column-wrapper fusion-flex-column-wrapper-legacy\" style=\"background-position:left top;background-repeat:no-repeat;-webkit-background-size:cover;-moz-background-size:cover;-o-background-size:cover;background-size:cover;padding: 0px 0px 0px 0px;\"><div class=\"fusion-text fusion-text-1\"><h2 style=\"text-align: center;\"><strong>Calendrier 2026<\/strong><\/h2>\n<p style=\"text-align: center;\">Cliquez sur l\u2019image pour agrandir et\/ou t\u00e9l\u00e9charger le calendrier des r\u00e9unions municipaux pour 2026.<\/p>\n<h2><a href=\"https:\/\/valharty.ca\/wp-content\/uploads\/2026\/01\/calendrier-2026-calendar-1.jpg\"><img decoding=\"async\" class=\"aligncenter wp-image-6731\" src=\"https:\/\/valharty.ca\/wp-content\/uploads\/2026\/01\/calendrier-2026-calendar-1-1024x625.jpg\" alt=\"\" width=\"461\" height=\"281\" srcset=\"https:\/\/valharty.ca\/wp-content\/uploads\/2026\/01\/calendrier-2026-calendar-1-200x122.jpg 200w, https:\/\/valharty.ca\/wp-content\/uploads\/2026\/01\/calendrier-2026-calendar-1-250x152.jpg 250w, https:\/\/valharty.ca\/wp-content\/uploads\/2026\/01\/calendrier-2026-calendar-1-400x244.jpg 400w, https:\/\/valharty.ca\/wp-content\/uploads\/2026\/01\/calendrier-2026-calendar-1-600x366.jpg 600w, https:\/\/valharty.ca\/wp-content\/uploads\/2026\/01\/calendrier-2026-calendar-1-768x468.jpg 768w, https:\/\/valharty.ca\/wp-content\/uploads\/2026\/01\/calendrier-2026-calendar-1-800x488.jpg 800w, https:\/\/valharty.ca\/wp-content\/uploads\/2026\/01\/calendrier-2026-calendar-1-1024x625.jpg 1024w, https:\/\/valharty.ca\/wp-content\/uploads\/2026\/01\/calendrier-2026-calendar-1-1200x732.jpg 1200w, https:\/\/valharty.ca\/wp-content\/uploads\/2026\/01\/calendrier-2026-calendar-1.jpg 1387w\" sizes=\"(max-width: 461px) 100vw, 461px\" \/><\/a><\/h2>\n<h2 style=\"text-align: center;\">Ordre du jour<\/h2>\n<p style=\"text-align: center;\"><a href=\"https:\/\/valharty.ca\/wp-content\/uploads\/2026\/04\/Special-Meeting-May-5-2026.pdf\"><strong>May 5, 2026 Special Council Agenda \/ Ordre du jour reunion extraordinaire du 5 mai 2026<\/strong><\/a><\/p>\n<p style=\"text-align: center;\"><a href=\"https:\/\/valharty.ca\/wp-content\/uploads\/2026\/04\/April-21-2026-Regular-Meeting-of-Council.pdf\"><strong>April 21, 2026 Regular Council Meeting \/ Ordre du jour r\u00e9union ordinaire du 21 avril 2026<\/strong><\/a><\/p>\n<p style=\"text-align: center;\"><a href=\"https:\/\/valharty.ca\/wp-content\/uploads\/2026\/03\/SpecialMeetingofMarch-31-2026.pdf\"><strong>March 31, 2026 Special Council Agenda \/ Ordre du jour r\u00e9union extraordinaire du 31 mars 2026<\/strong><\/a><\/p>\n<p style=\"text-align: center;\"><strong><a href=\"https:\/\/valharty.ca\/wp-content\/uploads\/2026\/03\/SpecialMeetingofMarch302026-1.pdf\">March 30, 2026 Special Council Agenda \/ Ordre du jour reunion extraordinaire du 30 mars 2026<\/a><\/strong><\/p>\n<p style=\"text-align: center;\"><b><a href=\"https:\/\/valharty.ca\/wp-content\/uploads\/2026\/03\/PublicMeeting-website-agenda.pdf\">March<\/a><a href=\"https:\/\/valharty.ca\/wp-content\/uploads\/2026\/03\/PublicMeeting-website-agenda.pdf\"> 17th 5:30 pm Committee of Adjustment Meeting Agenda \/ Ordre du jour &#8211; Comit\u00e9 de d\u00e9rogation, 17 mars \u00e0 17h30<\/a><\/b><\/p>\n<p style=\"text-align: center;\"><b><a href=\"https:\/\/valharty.ca\/wp-content\/uploads\/2026\/03\/RegularMeetingof-March-17-18-2026.pdf\">March<\/a><a href=\"https:\/\/valharty.ca\/wp-content\/uploads\/2026\/03\/RegularMeetingof-March-17-18-2026.pdf\"> 17 &amp; 18 2026 Regular Council Meeting Agenda \/ Ordre du jour r\u00e9union(s) ordinaire du 17 et 18 mars 2026<\/a><\/b><\/p>\n<p style=\"text-align: center;\"><a href=\"https:\/\/valharty.ca\/wp-content\/uploads\/2026\/03\/SpecialCouncilMeeting-March-5-2026.pdf\"><b>March 5, 2026 Special Council Agenda \/ Ordre du jour reunion extraordinaire du 5 mars 2026<\/b><\/a><\/p>\n<p style=\"text-align: center;\"><a href=\"https:\/\/valharty.ca\/wp-content\/uploads\/2026\/02\/Regular-Meeting-Agenda-for-February-17-2026.pdf\"><b>February 17, 2026 Regular Council Meeting Agenda \/ Ordre du jour r\u00e9union ordinaire du 17 f\u00e9vrier 2026<\/b><\/a><\/p>\n<p style=\"text-align: center;\"><a href=\"https:\/\/valharty.ca\/wp-content\/uploads\/2026\/01\/January-27-28-2026-Council-agenda-package.pdf\"><b>January 27, 2026 Regular Council Meeting Agenda \/ Ordre du jour r\u00e9union ordinaire du 27 janvier 2026<\/b><\/a><\/p>\n<p style=\"text-align: center;\"><a href=\"https:\/\/valharty.ca\/wp-content\/uploads\/2025\/12\/December-9-2025.pdf\"><b>December 9, 2025 Regular Council Meeting Agenda \/ Ordre du jour r\u00e9union ordinaire du 9 d\u00e9cembre 2025<\/b><\/a><\/p>\n<p style=\"text-align: center;\"><a href=\"https:\/\/valharty.ca\/wp-content\/uploads\/2025\/11\/Special-Council-meeting-November-27-2025.pdf\"><b>November 27, 2025 Special Council Agenda \/ Ordre du jour reunion extraordinaire du 27 novembre 2025<\/b><\/a><\/p>\n<p style=\"text-align: center;\"><a href=\"https:\/\/valharty.ca\/wp-content\/uploads\/2025\/11\/November-18-2025-Regular.pdf\"><b>November 18, 2025 Council Agenda \/ Ordre du jour r\u00e9union du 18, novembre 2025<\/b><\/a><\/p>\n<p style=\"text-align: center;\"><a href=\"https:\/\/valharty.ca\/wp-content\/uploads\/2025\/10\/Regular-agenda-October-21-2025.pdf\"><b>October 21, 2025 Council Agenda \/ ordre du jour reunion du 21 octobre 2025<\/b><\/a><\/p>\n<p style=\"text-align: center;\"><b><\/b><b>Cliquez sur le lien ci-dessous pour acc\u00e9der aux ordres du jour du Conseil :<\/b><\/p>\n<p style=\"text-align: center;\"><strong><a href=\"https:\/\/valritaharty.allnetmeetings.com\/pubs\/agendas.aspx\">Ordres du jour Val Rita-Harty Council Agendas<\/a><\/strong><\/p>\n<p style=\"text-align: center;\" data-fontsize=\"23.719\" data-lineheight=\"32.495px\">Le site Web Val Rita-Harty et la base de donn\u00e9es des ordres du jour\/proc\u00e8s-verbaux sont en train d&rsquo;\u00eatre mise \u00e0 jour. Si vous recherchez un document qui n&rsquo;est pas disponible ou si vous avez des questions concernant ces documents, n&rsquo;h\u00e9sitez pas \u00e0 contacter <a href=\"mailto:clerk@valharty.ca\"><b>clerk@valharty.ca<\/b><\/a><\/p>\n<\/div><div class=\"fusion-clearfix\"><\/div><\/div><\/div><\/div><\/div><div class=\"fusion-fullwidth fullwidth-box fusion-builder-row-2 nonhundred-percent-fullwidth non-hundred-percent-height-scrolling\" style=\"background-color: rgba(255,255,255,0);background-position: center center;background-repeat: no-repeat;padding-top:0px;padding-right:0px;padding-bottom:0px;padding-left:0px;margin-bottom: 0px;margin-top: 0px;border-width: 0px 0px 0px 0px;border-color:#e7e4e2;border-style:solid;\" ><div class=\"fusion-builder-row fusion-row\"><div class=\"fusion-layout-column fusion_builder_column fusion-builder-column-1 fusion_builder_column_1_1 1_1 fusion-one-full fusion-column-first fusion-column-last\" style=\"margin-top:10px;margin-bottom:10px;\"><div class=\"fusion-column-wrapper fusion-flex-column-wrapper-legacy\" style=\"background-position:left top;background-repeat:no-repeat;-webkit-background-size:cover;-moz-background-size:cover;-o-background-size:cover;background-size:cover;padding: 0px 0px 0px 0px;\"><style type=\"text\/css\">@media only screen and (max-width:1000px) {.fusion-title.fusion-title-1{margin-top:!important;margin-bottom:0px!important;}}<\/style><div class=\"fusion-title title fusion-title-1 fusion-sep-none fusion-title-center fusion-title-text fusion-title-size-three\" style=\"margin-top:0px;margin-bottom:0px;\"><h3 class=\"title-heading-center\" style=\"margin:0;\"><\/h3><\/div><div class=\"fusion-clearfix\"><\/div><\/div><\/div><\/div><\/div><\/p>\n","protected":false},"excerpt":{"rendered":"","protected":false},"author":1,"featured_media":0,"parent":3479,"menu_order":0,"comment_status":"closed","ping_status":"closed","template":"page-inner.php","meta":{"inline_featured_image":false,"footnotes":""},"class_list":["post-3516","page","type-page","status-publish","hentry"],"acf":[],"yoast_head":"<!-- This site is optimized with the Yoast SEO plugin v27.3 - https:\/\/yoast.com\/product\/yoast-seo-wordpress\/ -->\n<title>ORDRE DU JOUR ET PROC\u00c8S-VERBAUX | VAL RITA-HARTY<\/title>\n<meta name=\"description\" content=\"Voir tous les proc\u00e8s-verbaux des r\u00e9unions du Conseil. Veuillez contacter le bureau municipal si vous avez des questions\" \/>\n<meta name=\"robots\" content=\"index, follow, max-snippet:-1, max-image-preview:large, max-video-preview:-1\" \/>\n<link rel=\"canonical\" href=\"https:\/\/valharty.ca\/fr\/municipalite\/proces-verbaux\/\" \/>\n<meta property=\"og:locale\" content=\"fr_FR\" \/>\n<meta property=\"og:type\" content=\"article\" \/>\n<meta property=\"og:title\" content=\"ORDRE DU JOUR ET PROC\u00c8S-VERBAUX | VAL RITA-HARTY\" \/>\n<meta property=\"og:description\" content=\"Voir tous les proc\u00e8s-verbaux des r\u00e9unions du Conseil. Veuillez contacter le bureau municipal si vous avez des questions\" \/>\n<meta property=\"og:url\" content=\"https:\/\/valharty.ca\/fr\/municipalite\/proces-verbaux\/\" \/>\n<meta property=\"og:site_name\" content=\"VAL RITA-HARTY\" \/>\n<meta property=\"article:publisher\" content=\"https:\/\/www.facebook.com\/valharty.ca\" \/>\n<meta property=\"article:modified_time\" content=\"2026-04-30T22:53:30+00:00\" \/>\n<meta property=\"og:image\" content=\"https:\/\/valharty.ca\/wp-content\/uploads\/2026\/01\/calendrier-2026-calendar-1.jpg\" \/>\n\t<meta property=\"og:image:width\" content=\"1387\" \/>\n\t<meta property=\"og:image:height\" content=\"846\" \/>\n\t<meta property=\"og:image:type\" content=\"image\/jpeg\" \/>\n<meta name=\"twitter:card\" content=\"summary_large_image\" \/>\n<meta name=\"twitter:label1\" content=\"Dur\u00e9e de lecture estim\u00e9e\" \/>\n\t<meta name=\"twitter:data1\" content=\"7 minutes\" \/>\n<script type=\"application\/ld+json\" class=\"yoast-schema-graph\">{\"@context\":\"https:\\\/\\\/schema.org\",\"@graph\":[{\"@type\":\"WebPage\",\"@id\":\"https:\\\/\\\/valharty.ca\\\/fr\\\/municipalite\\\/proces-verbaux\\\/\",\"url\":\"https:\\\/\\\/valharty.ca\\\/fr\\\/municipalite\\\/proces-verbaux\\\/\",\"name\":\"ORDRE DU JOUR ET PROC\u00c8S-VERBAUX | VAL RITA-HARTY\",\"isPartOf\":{\"@id\":\"https:\\\/\\\/valharty.ca\\\/fr\\\/#website\"},\"primaryImageOfPage\":{\"@id\":\"https:\\\/\\\/valharty.ca\\\/fr\\\/municipalite\\\/proces-verbaux\\\/#primaryimage\"},\"image\":{\"@id\":\"https:\\\/\\\/valharty.ca\\\/fr\\\/municipalite\\\/proces-verbaux\\\/#primaryimage\"},\"thumbnailUrl\":\"https:\\\/\\\/valharty.ca\\\/wp-content\\\/uploads\\\/2026\\\/01\\\/calendrier-2026-calendar-1-1024x625.jpg\",\"datePublished\":\"2020-06-02T15:34:58+00:00\",\"dateModified\":\"2026-04-30T22:53:30+00:00\",\"description\":\"Voir tous les proc\u00e8s-verbaux des r\u00e9unions du Conseil. Veuillez contacter le bureau municipal si vous avez des questions\",\"breadcrumb\":{\"@id\":\"https:\\\/\\\/valharty.ca\\\/fr\\\/municipalite\\\/proces-verbaux\\\/#breadcrumb\"},\"inLanguage\":\"fr-FR\",\"potentialAction\":[{\"@type\":\"ReadAction\",\"target\":[\"https:\\\/\\\/valharty.ca\\\/fr\\\/municipalite\\\/proces-verbaux\\\/\"]}]},{\"@type\":\"ImageObject\",\"inLanguage\":\"fr-FR\",\"@id\":\"https:\\\/\\\/valharty.ca\\\/fr\\\/municipalite\\\/proces-verbaux\\\/#primaryimage\",\"url\":\"https:\\\/\\\/valharty.ca\\\/wp-content\\\/uploads\\\/2026\\\/01\\\/calendrier-2026-calendar-1-1024x625.jpg\",\"contentUrl\":\"https:\\\/\\\/valharty.ca\\\/wp-content\\\/uploads\\\/2026\\\/01\\\/calendrier-2026-calendar-1-1024x625.jpg\"},{\"@type\":\"BreadcrumbList\",\"@id\":\"https:\\\/\\\/valharty.ca\\\/fr\\\/municipalite\\\/proces-verbaux\\\/#breadcrumb\",\"itemListElement\":[{\"@type\":\"ListItem\",\"position\":1,\"name\":\"Home\",\"item\":\"https:\\\/\\\/valharty.ca\\\/fr\\\/\"},{\"@type\":\"ListItem\",\"position\":2,\"name\":\"MUNICIPALIT\u00c9\",\"item\":\"https:\\\/\\\/valharty.ca\\\/fr\\\/municipalite\\\/\"},{\"@type\":\"ListItem\",\"position\":3,\"name\":\"ORDRE DU JOUR ET PROC\u00c8S-VERBAUX\"}]},{\"@type\":\"WebSite\",\"@id\":\"https:\\\/\\\/valharty.ca\\\/fr\\\/#website\",\"url\":\"https:\\\/\\\/valharty.ca\\\/fr\\\/\",\"name\":\"VAL RITA-HARTY\",\"description\":\"Ontario, Canada\",\"publisher\":{\"@id\":\"https:\\\/\\\/valharty.ca\\\/fr\\\/#organization\"},\"potentialAction\":[{\"@type\":\"SearchAction\",\"target\":{\"@type\":\"EntryPoint\",\"urlTemplate\":\"https:\\\/\\\/valharty.ca\\\/fr\\\/?s={search_term_string}\"},\"query-input\":{\"@type\":\"PropertyValueSpecification\",\"valueRequired\":true,\"valueName\":\"search_term_string\"}}],\"inLanguage\":\"fr-FR\"},{\"@type\":\"Organization\",\"@id\":\"https:\\\/\\\/valharty.ca\\\/fr\\\/#organization\",\"name\":\"Municipality of Val Rita-Harty\",\"url\":\"https:\\\/\\\/valharty.ca\\\/fr\\\/\",\"logo\":{\"@type\":\"ImageObject\",\"inLanguage\":\"fr-FR\",\"@id\":\"https:\\\/\\\/valharty.ca\\\/fr\\\/#\\\/schema\\\/logo\\\/image\\\/\",\"url\":\"https:\\\/\\\/valharty.ca\\\/wp-content\\\/uploads\\\/2020\\\/02\\\/ValRita_Harty_Logo_Footer250x275.svg\",\"contentUrl\":\"https:\\\/\\\/valharty.ca\\\/wp-content\\\/uploads\\\/2020\\\/02\\\/ValRita_Harty_Logo_Footer250x275.svg\",\"width\":200,\"height\":275,\"caption\":\"Municipality of Val Rita-Harty\"},\"image\":{\"@id\":\"https:\\\/\\\/valharty.ca\\\/fr\\\/#\\\/schema\\\/logo\\\/image\\\/\"},\"sameAs\":[\"https:\\\/\\\/www.facebook.com\\\/valharty.ca\"]}]}<\/script>\n<!-- \/ Yoast SEO plugin. -->","yoast_head_json":{"title":"ORDRE DU JOUR ET PROC\u00c8S-VERBAUX | VAL RITA-HARTY","description":"Voir tous les proc\u00e8s-verbaux des r\u00e9unions du Conseil. Veuillez contacter le bureau municipal si vous avez des questions","robots":{"index":"index","follow":"follow","max-snippet":"max-snippet:-1","max-image-preview":"max-image-preview:large","max-video-preview":"max-video-preview:-1"},"canonical":"https:\/\/valharty.ca\/fr\/municipalite\/proces-verbaux\/","og_locale":"fr_FR","og_type":"article","og_title":"ORDRE DU JOUR ET PROC\u00c8S-VERBAUX | VAL RITA-HARTY","og_description":"Voir tous les proc\u00e8s-verbaux des r\u00e9unions du Conseil. Veuillez contacter le bureau municipal si vous avez des questions","og_url":"https:\/\/valharty.ca\/fr\/municipalite\/proces-verbaux\/","og_site_name":"VAL RITA-HARTY","article_publisher":"https:\/\/www.facebook.com\/valharty.ca","article_modified_time":"2026-04-30T22:53:30+00:00","og_image":[{"width":1387,"height":846,"url":"https:\/\/valharty.ca\/wp-content\/uploads\/2026\/01\/calendrier-2026-calendar-1.jpg","type":"image\/jpeg"}],"twitter_card":"summary_large_image","twitter_misc":{"Dur\u00e9e de lecture estim\u00e9e":"7 minutes"},"schema":{"@context":"https:\/\/schema.org","@graph":[{"@type":"WebPage","@id":"https:\/\/valharty.ca\/fr\/municipalite\/proces-verbaux\/","url":"https:\/\/valharty.ca\/fr\/municipalite\/proces-verbaux\/","name":"ORDRE DU JOUR ET PROC\u00c8S-VERBAUX | VAL RITA-HARTY","isPartOf":{"@id":"https:\/\/valharty.ca\/fr\/#website"},"primaryImageOfPage":{"@id":"https:\/\/valharty.ca\/fr\/municipalite\/proces-verbaux\/#primaryimage"},"image":{"@id":"https:\/\/valharty.ca\/fr\/municipalite\/proces-verbaux\/#primaryimage"},"thumbnailUrl":"https:\/\/valharty.ca\/wp-content\/uploads\/2026\/01\/calendrier-2026-calendar-1-1024x625.jpg","datePublished":"2020-06-02T15:34:58+00:00","dateModified":"2026-04-30T22:53:30+00:00","description":"Voir tous les proc\u00e8s-verbaux des r\u00e9unions du Conseil. Veuillez contacter le bureau municipal si vous avez des questions","breadcrumb":{"@id":"https:\/\/valharty.ca\/fr\/municipalite\/proces-verbaux\/#breadcrumb"},"inLanguage":"fr-FR","potentialAction":[{"@type":"ReadAction","target":["https:\/\/valharty.ca\/fr\/municipalite\/proces-verbaux\/"]}]},{"@type":"ImageObject","inLanguage":"fr-FR","@id":"https:\/\/valharty.ca\/fr\/municipalite\/proces-verbaux\/#primaryimage","url":"https:\/\/valharty.ca\/wp-content\/uploads\/2026\/01\/calendrier-2026-calendar-1-1024x625.jpg","contentUrl":"https:\/\/valharty.ca\/wp-content\/uploads\/2026\/01\/calendrier-2026-calendar-1-1024x625.jpg"},{"@type":"BreadcrumbList","@id":"https:\/\/valharty.ca\/fr\/municipalite\/proces-verbaux\/#breadcrumb","itemListElement":[{"@type":"ListItem","position":1,"name":"Home","item":"https:\/\/valharty.ca\/fr\/"},{"@type":"ListItem","position":2,"name":"MUNICIPALIT\u00c9","item":"https:\/\/valharty.ca\/fr\/municipalite\/"},{"@type":"ListItem","position":3,"name":"ORDRE DU JOUR ET PROC\u00c8S-VERBAUX"}]},{"@type":"WebSite","@id":"https:\/\/valharty.ca\/fr\/#website","url":"https:\/\/valharty.ca\/fr\/","name":"VAL RITA-HARTY","description":"Ontario, Canada","publisher":{"@id":"https:\/\/valharty.ca\/fr\/#organization"},"potentialAction":[{"@type":"SearchAction","target":{"@type":"EntryPoint","urlTemplate":"https:\/\/valharty.ca\/fr\/?s={search_term_string}"},"query-input":{"@type":"PropertyValueSpecification","valueRequired":true,"valueName":"search_term_string"}}],"inLanguage":"fr-FR"},{"@type":"Organization","@id":"https:\/\/valharty.ca\/fr\/#organization","name":"Municipality of Val Rita-Harty","url":"https:\/\/valharty.ca\/fr\/","logo":{"@type":"ImageObject","inLanguage":"fr-FR","@id":"https:\/\/valharty.ca\/fr\/#\/schema\/logo\/image\/","url":"https:\/\/valharty.ca\/wp-content\/uploads\/2020\/02\/ValRita_Harty_Logo_Footer250x275.svg","contentUrl":"https:\/\/valharty.ca\/wp-content\/uploads\/2020\/02\/ValRita_Harty_Logo_Footer250x275.svg","width":200,"height":275,"caption":"Municipality of Val Rita-Harty"},"image":{"@id":"https:\/\/valharty.ca\/fr\/#\/schema\/logo\/image\/"},"sameAs":["https:\/\/www.facebook.com\/valharty.ca"]}]}},"_links":{"self":[{"href":"https:\/\/valharty.ca\/fr\/wp-json\/wp\/v2\/pages\/3516","targetHints":{"allow":["GET"]}}],"collection":[{"href":"https:\/\/valharty.ca\/fr\/wp-json\/wp\/v2\/pages"}],"about":[{"href":"https:\/\/valharty.ca\/fr\/wp-json\/wp\/v2\/types\/page"}],"author":[{"embeddable":true,"href":"https:\/\/valharty.ca\/fr\/wp-json\/wp\/v2\/users\/1"}],"replies":[{"embeddable":true,"href":"https:\/\/valharty.ca\/fr\/wp-json\/wp\/v2\/comments?post=3516"}],"version-history":[{"count":119,"href":"https:\/\/valharty.ca\/fr\/wp-json\/wp\/v2\/pages\/3516\/revisions"}],"predecessor-version":[{"id":7012,"href":"https:\/\/valharty.ca\/fr\/wp-json\/wp\/v2\/pages\/3516\/revisions\/7012"}],"up":[{"embeddable":true,"href":"https:\/\/valharty.ca\/fr\/wp-json\/wp\/v2\/pages\/3479"}],"wp:attachment":[{"href":"https:\/\/valharty.ca\/fr\/wp-json\/wp\/v2\/media?parent=3516"}],"curies":[{"name":"wp","href":"https:\/\/api.w.org\/{rel}","templated":true}]}}