{"id":3512,"date":"2020-06-02T11:22:11","date_gmt":"2020-06-02T15:22:11","guid":{"rendered":"https:\/\/valharty.ca\/municipalite\/bibliotheque\/"},"modified":"2024-07-30T15:17:18","modified_gmt":"2024-07-30T19:17:18","slug":"bibliotheque","status":"publish","type":"page","link":"https:\/\/valharty.ca\/fr\/municipalite\/bibliotheque\/","title":{"rendered":"BIBLIOTH\u00c8QUE"},"content":{"rendered":"<p><div class=\"fusion-fullwidth fullwidth-box fusion-builder-row-1 nonhundred-percent-fullwidth non-hundred-percent-height-scrolling\" style=\"background-color: rgba(255,255,255,0);background-position: center center;background-repeat: no-repeat;padding-top:0px;padding-right:0px;padding-bottom:0px;padding-left:0px;margin-bottom: 0px;margin-top: 0px;border-width: 0px 0px 0px 0px;border-color:#e7e4e2;border-style:solid;\" ><div class=\"fusion-builder-row fusion-row\"><div class=\"fusion-layout-column fusion_builder_column fusion-builder-column-0 fusion_builder_column_1_1 1_1 fusion-one-full fusion-column-first fusion-column-last\" style=\"margin-top:10px;margin-bottom:10px;\"><div class=\"fusion-column-wrapper fusion-flex-column-wrapper-legacy\" style=\"background-position:left top;background-repeat:no-repeat;-webkit-background-size:cover;-moz-background-size:cover;-o-background-size:cover;background-size:cover;padding: 0px 0px 0px 0px;\"><div class=\"fusion-column-content-centered\"><div class=\"fusion-column-content\"><div class=\"fusion-text fusion-text-1\"><h3 class=\"\" style=\"--fontsize: 24; line-height: 1.4;\" data-fontsize=\"24\" data-lineheight=\"33.6px\">Heures de service<\/h3>\n<p>Lundi : FERM\u00c9<br \/>\nMardi : FERM\u00c9<br \/>\nMercredi : 10h \u00e0 14h voir horaire ci-dessous<br \/>\n<span style=\"background-color: rgba(255, 255, 255, 0); color: var(--body_typography-color); font-family: var(--body_typography-font-family); font-size: var(--body_typography-font-size); font-style: var(--body_typography-font-style,normal); font-weight: var(--body_typography-font-weight); letter-spacing: var(--body_typography-letter-spacing);\">Jeudi :16h \u00e0 20h voir horaire ci-dessous<br \/>\n<\/span><span style=\"background-color: rgba(255, 255, 255, 0); color: var(--body_typography-color); font-family: var(--body_typography-font-family); font-size: var(--body_typography-font-size); font-style: var(--body_typography-font-style,normal); font-weight: var(--body_typography-font-weight); letter-spacing: var(--body_typography-letter-spacing);\">Vendredi : FERM\u00c9<br \/>\nSamedi : FERM\u00c9<br \/>\nDimanche : FERM\u00c9<\/span><\/p>\n<\/div><div class=\"fusion-text fusion-text-2\"><h3 class=\"\" style=\"--fontsize: 24; line-height: 1.4;\" data-fontsize=\"24\" data-lineheight=\"33.6px\">Contact<\/h3>\n<p><strong><\/strong><br \/>\n106, chemin du Gouvernement<br \/>\nVal Rita, Ontario P0L 2G0<br \/>\nTelephone\/Fax: 705-335-8700<br \/>\n<a href=\"mailto:bibliovalrita@gmail.com\">Courriel <\/a><\/p>\n<\/div><\/div><\/div><div class=\"fusion-clearfix\"><\/div><\/div><\/div><\/div><\/div><br \/>\n<a href=\"https:\/\/valharty.ca\/wp-content\/uploads\/2024\/07\/Library-Calendar-1.pdf\">HORAIRE DE LA BIBLIOTH\u00c8QUE<\/a><\/p>\n","protected":false},"excerpt":{"rendered":"<p>HORAIRE DE LA BIBLIOTH\u00c8QUE<\/p>\n","protected":false},"author":1,"featured_media":0,"parent":3479,"menu_order":0,"comment_status":"closed","ping_status":"closed","template":"page-inner.php","meta":{"inline_featured_image":false,"footnotes":""},"class_list":["post-3512","page","type-page","status-publish","hentry"],"acf":[],"yoast_head":"<!-- This site is optimized with the Yoast SEO plugin v27.3 - https:\/\/yoast.com\/product\/yoast-seo-wordpress\/ -->\n<title>BIBLIOTH\u00c8QUE | VAL RITA-HARTY<\/title>\n<meta name=\"description\" content=\"La biblioth\u00e8que de Val-Rita-Harty poss\u00e8de des milliers de livres. Vous y trouverez des informations sur les \u00e9v\u00e9nements, les programmes et les services de la biblioth\u00e8que.\" \/>\n<meta name=\"robots\" content=\"index, follow, max-snippet:-1, max-image-preview:large, max-video-preview:-1\" \/>\n<link rel=\"canonical\" href=\"https:\/\/valharty.ca\/fr\/municipalite\/bibliotheque\/\" \/>\n<meta property=\"og:locale\" content=\"fr_FR\" \/>\n<meta property=\"og:type\" content=\"article\" \/>\n<meta property=\"og:title\" content=\"BIBLIOTH\u00c8QUE | VAL RITA-HARTY\" \/>\n<meta property=\"og:description\" content=\"La biblioth\u00e8que de Val-Rita-Harty poss\u00e8de des milliers de livres. Vous y trouverez des informations sur les \u00e9v\u00e9nements, les programmes et les services de la biblioth\u00e8que.\" \/>\n<meta property=\"og:url\" content=\"https:\/\/valharty.ca\/fr\/municipalite\/bibliotheque\/\" \/>\n<meta property=\"og:site_name\" content=\"VAL RITA-HARTY\" \/>\n<meta property=\"article:publisher\" content=\"https:\/\/www.facebook.com\/valharty.ca\" \/>\n<meta property=\"article:modified_time\" content=\"2024-07-30T19:17:18+00:00\" \/>\n<meta property=\"og:image\" content=\"https:\/\/valharty.ca\/wp-content\/uploads\/2020\/06\/Header_Aerial-1.jpg\" \/>\n\t<meta property=\"og:image:width\" content=\"1920\" \/>\n\t<meta property=\"og:image:height\" content=\"600\" \/>\n\t<meta property=\"og:image:type\" content=\"image\/jpeg\" \/>\n<meta name=\"twitter:card\" content=\"summary_large_image\" \/>\n<meta name=\"twitter:label1\" content=\"Dur\u00e9e de lecture estim\u00e9e\" \/>\n\t<meta name=\"twitter:data1\" content=\"1 minute\" \/>\n<script type=\"application\/ld+json\" class=\"yoast-schema-graph\">{\"@context\":\"https:\\\/\\\/schema.org\",\"@graph\":[{\"@type\":\"WebPage\",\"@id\":\"https:\\\/\\\/valharty.ca\\\/fr\\\/municipalite\\\/bibliotheque\\\/\",\"url\":\"https:\\\/\\\/valharty.ca\\\/fr\\\/municipalite\\\/bibliotheque\\\/\",\"name\":\"BIBLIOTH\u00c8QUE | VAL RITA-HARTY\",\"isPartOf\":{\"@id\":\"https:\\\/\\\/valharty.ca\\\/fr\\\/#website\"},\"datePublished\":\"2020-06-02T15:22:11+00:00\",\"dateModified\":\"2024-07-30T19:17:18+00:00\",\"description\":\"La biblioth\u00e8que de Val-Rita-Harty poss\u00e8de des milliers de livres. Vous y trouverez des informations sur les \u00e9v\u00e9nements, les programmes et les services de la biblioth\u00e8que.\",\"breadcrumb\":{\"@id\":\"https:\\\/\\\/valharty.ca\\\/fr\\\/municipalite\\\/bibliotheque\\\/#breadcrumb\"},\"inLanguage\":\"fr-FR\",\"potentialAction\":[{\"@type\":\"ReadAction\",\"target\":[\"https:\\\/\\\/valharty.ca\\\/fr\\\/municipalite\\\/bibliotheque\\\/\"]}]},{\"@type\":\"BreadcrumbList\",\"@id\":\"https:\\\/\\\/valharty.ca\\\/fr\\\/municipalite\\\/bibliotheque\\\/#breadcrumb\",\"itemListElement\":[{\"@type\":\"ListItem\",\"position\":1,\"name\":\"Home\",\"item\":\"https:\\\/\\\/valharty.ca\\\/fr\\\/\"},{\"@type\":\"ListItem\",\"position\":2,\"name\":\"MUNICIPALIT\u00c9\",\"item\":\"https:\\\/\\\/valharty.ca\\\/fr\\\/municipalite\\\/\"},{\"@type\":\"ListItem\",\"position\":3,\"name\":\"BIBLIOTH\u00c8QUE\"}]},{\"@type\":\"WebSite\",\"@id\":\"https:\\\/\\\/valharty.ca\\\/fr\\\/#website\",\"url\":\"https:\\\/\\\/valharty.ca\\\/fr\\\/\",\"name\":\"VAL RITA-HARTY\",\"description\":\"Ontario, Canada\",\"publisher\":{\"@id\":\"https:\\\/\\\/valharty.ca\\\/fr\\\/#organization\"},\"potentialAction\":[{\"@type\":\"SearchAction\",\"target\":{\"@type\":\"EntryPoint\",\"urlTemplate\":\"https:\\\/\\\/valharty.ca\\\/fr\\\/?s={search_term_string}\"},\"query-input\":{\"@type\":\"PropertyValueSpecification\",\"valueRequired\":true,\"valueName\":\"search_term_string\"}}],\"inLanguage\":\"fr-FR\"},{\"@type\":\"Organization\",\"@id\":\"https:\\\/\\\/valharty.ca\\\/fr\\\/#organization\",\"name\":\"Municipality of Val Rita-Harty\",\"url\":\"https:\\\/\\\/valharty.ca\\\/fr\\\/\",\"logo\":{\"@type\":\"ImageObject\",\"inLanguage\":\"fr-FR\",\"@id\":\"https:\\\/\\\/valharty.ca\\\/fr\\\/#\\\/schema\\\/logo\\\/image\\\/\",\"url\":\"https:\\\/\\\/valharty.ca\\\/wp-content\\\/uploads\\\/2020\\\/02\\\/ValRita_Harty_Logo_Footer250x275.svg\",\"contentUrl\":\"https:\\\/\\\/valharty.ca\\\/wp-content\\\/uploads\\\/2020\\\/02\\\/ValRita_Harty_Logo_Footer250x275.svg\",\"width\":200,\"height\":275,\"caption\":\"Municipality of Val Rita-Harty\"},\"image\":{\"@id\":\"https:\\\/\\\/valharty.ca\\\/fr\\\/#\\\/schema\\\/logo\\\/image\\\/\"},\"sameAs\":[\"https:\\\/\\\/www.facebook.com\\\/valharty.ca\"]}]}<\/script>\n<!-- \/ Yoast SEO plugin. -->","yoast_head_json":{"title":"BIBLIOTH\u00c8QUE | VAL RITA-HARTY","description":"La biblioth\u00e8que de Val-Rita-Harty poss\u00e8de des milliers de livres. Vous y trouverez des informations sur les \u00e9v\u00e9nements, les programmes et les services de la biblioth\u00e8que.","robots":{"index":"index","follow":"follow","max-snippet":"max-snippet:-1","max-image-preview":"max-image-preview:large","max-video-preview":"max-video-preview:-1"},"canonical":"https:\/\/valharty.ca\/fr\/municipalite\/bibliotheque\/","og_locale":"fr_FR","og_type":"article","og_title":"BIBLIOTH\u00c8QUE | VAL RITA-HARTY","og_description":"La biblioth\u00e8que de Val-Rita-Harty poss\u00e8de des milliers de livres. Vous y trouverez des informations sur les \u00e9v\u00e9nements, les programmes et les services de la biblioth\u00e8que.","og_url":"https:\/\/valharty.ca\/fr\/municipalite\/bibliotheque\/","og_site_name":"VAL RITA-HARTY","article_publisher":"https:\/\/www.facebook.com\/valharty.ca","article_modified_time":"2024-07-30T19:17:18+00:00","og_image":[{"width":1920,"height":600,"url":"https:\/\/valharty.ca\/wp-content\/uploads\/2020\/06\/Header_Aerial-1.jpg","type":"image\/jpeg"}],"twitter_card":"summary_large_image","twitter_misc":{"Dur\u00e9e de lecture estim\u00e9e":"1 minute"},"schema":{"@context":"https:\/\/schema.org","@graph":[{"@type":"WebPage","@id":"https:\/\/valharty.ca\/fr\/municipalite\/bibliotheque\/","url":"https:\/\/valharty.ca\/fr\/municipalite\/bibliotheque\/","name":"BIBLIOTH\u00c8QUE | VAL RITA-HARTY","isPartOf":{"@id":"https:\/\/valharty.ca\/fr\/#website"},"datePublished":"2020-06-02T15:22:11+00:00","dateModified":"2024-07-30T19:17:18+00:00","description":"La biblioth\u00e8que de Val-Rita-Harty poss\u00e8de des milliers de livres. Vous y trouverez des informations sur les \u00e9v\u00e9nements, les programmes et les services de la biblioth\u00e8que.","breadcrumb":{"@id":"https:\/\/valharty.ca\/fr\/municipalite\/bibliotheque\/#breadcrumb"},"inLanguage":"fr-FR","potentialAction":[{"@type":"ReadAction","target":["https:\/\/valharty.ca\/fr\/municipalite\/bibliotheque\/"]}]},{"@type":"BreadcrumbList","@id":"https:\/\/valharty.ca\/fr\/municipalite\/bibliotheque\/#breadcrumb","itemListElement":[{"@type":"ListItem","position":1,"name":"Home","item":"https:\/\/valharty.ca\/fr\/"},{"@type":"ListItem","position":2,"name":"MUNICIPALIT\u00c9","item":"https:\/\/valharty.ca\/fr\/municipalite\/"},{"@type":"ListItem","position":3,"name":"BIBLIOTH\u00c8QUE"}]},{"@type":"WebSite","@id":"https:\/\/valharty.ca\/fr\/#website","url":"https:\/\/valharty.ca\/fr\/","name":"VAL RITA-HARTY","description":"Ontario, Canada","publisher":{"@id":"https:\/\/valharty.ca\/fr\/#organization"},"potentialAction":[{"@type":"SearchAction","target":{"@type":"EntryPoint","urlTemplate":"https:\/\/valharty.ca\/fr\/?s={search_term_string}"},"query-input":{"@type":"PropertyValueSpecification","valueRequired":true,"valueName":"search_term_string"}}],"inLanguage":"fr-FR"},{"@type":"Organization","@id":"https:\/\/valharty.ca\/fr\/#organization","name":"Municipality of Val Rita-Harty","url":"https:\/\/valharty.ca\/fr\/","logo":{"@type":"ImageObject","inLanguage":"fr-FR","@id":"https:\/\/valharty.ca\/fr\/#\/schema\/logo\/image\/","url":"https:\/\/valharty.ca\/wp-content\/uploads\/2020\/02\/ValRita_Harty_Logo_Footer250x275.svg","contentUrl":"https:\/\/valharty.ca\/wp-content\/uploads\/2020\/02\/ValRita_Harty_Logo_Footer250x275.svg","width":200,"height":275,"caption":"Municipality of Val Rita-Harty"},"image":{"@id":"https:\/\/valharty.ca\/fr\/#\/schema\/logo\/image\/"},"sameAs":["https:\/\/www.facebook.com\/valharty.ca"]}]}},"_links":{"self":[{"href":"https:\/\/valharty.ca\/fr\/wp-json\/wp\/v2\/pages\/3512","targetHints":{"allow":["GET"]}}],"collection":[{"href":"https:\/\/valharty.ca\/fr\/wp-json\/wp\/v2\/pages"}],"about":[{"href":"https:\/\/valharty.ca\/fr\/wp-json\/wp\/v2\/types\/page"}],"author":[{"embeddable":true,"href":"https:\/\/valharty.ca\/fr\/wp-json\/wp\/v2\/users\/1"}],"replies":[{"embeddable":true,"href":"https:\/\/valharty.ca\/fr\/wp-json\/wp\/v2\/comments?post=3512"}],"version-history":[{"count":15,"href":"https:\/\/valharty.ca\/fr\/wp-json\/wp\/v2\/pages\/3512\/revisions"}],"predecessor-version":[{"id":6401,"href":"https:\/\/valharty.ca\/fr\/wp-json\/wp\/v2\/pages\/3512\/revisions\/6401"}],"up":[{"embeddable":true,"href":"https:\/\/valharty.ca\/fr\/wp-json\/wp\/v2\/pages\/3479"}],"wp:attachment":[{"href":"https:\/\/valharty.ca\/fr\/wp-json\/wp\/v2\/media?parent=3512"}],"curies":[{"name":"wp","href":"https:\/\/api.w.org\/{rel}","templated":true}]}}