{"id":3479,"date":"2020-06-02T10:39:59","date_gmt":"2020-06-02T14:39:59","guid":{"rendered":"https:\/\/valharty.ca\/municipalite\/"},"modified":"2020-07-05T20:13:49","modified_gmt":"2020-07-06T00:13:49","slug":"municipalite","status":"publish","type":"page","link":"https:\/\/valharty.ca\/fr\/municipalite\/","title":{"rendered":"MUNICIPALIT\u00c9"},"content":{"rendered":"<div class=\"fusion-fullwidth fullwidth-box fusion-builder-row-1 nonhundred-percent-fullwidth non-hundred-percent-height-scrolling\" style=\"background-color: rgba(255,255,255,0);background-position: center center;background-repeat: no-repeat;padding-top:0px;padding-right:0px;padding-bottom:0px;padding-left:0px;margin-bottom: 0px;margin-top: 0px;border-width: 0px 0px 0px 0px;border-color:#e7e4e2;border-style:solid;\" ><div class=\"fusion-builder-row fusion-row\"><div class=\"fusion-layout-column fusion_builder_column fusion-builder-column-0 fusion_builder_column_5_6 5_6 fusion-five-sixth fusion-column-first\" style=\"width:83.333333333333%;width:calc(83.333333333333% - ( ( 4% ) * 0.83333333333333 ) );margin-right: 4%;margin-top:10px;margin-bottom:10px;\"><div class=\"fusion-column-wrapper fusion-flex-column-wrapper-legacy\" style=\"background-position:left top;background-repeat:no-repeat;-webkit-background-size:cover;-moz-background-size:cover;-o-background-size:cover;background-size:cover;padding: 0px 0px 0px 0px;\"><div class=\"fusion-text fusion-text-1\"><p>Au nom du conseil municipal et l\u2019\u00e9quipe d\u2019employ\u00e9(e)s, j\u2019aimerais vous souhaiter la bienvenue sur le site web de la municipalit\u00e9 de Val Rita-Harty. Ensemble, nous travaillons pour le bien-\u00eatre dans notre communaut\u00e9, et cela commence par une bonne diffusion des informations locales via un site internet des plus conviviales.<\/p>\n<p>Avec plus de 800 habitants \u00e0 proximit\u00e9 de la ville de Kapuskasing, vivre \u00e0 Val Rita-Harty, c\u2019est profiter du plein air \u00e0 l\u2019ann\u00e9e sur nos 380 km carr\u00e9s de territoire. Nous retrouvons plusieurs lacs; une rivi\u00e8re; une aire de repos pour les voyageurs; une magnifique biblioth\u00e8que remplie de tr\u00e9sors; deux centres communautaires multifonctionnels; plusieurs clubs; et une patinoire ext\u00e9rieur ph\u00e9nom\u00e9nale. Les gens s\u2019impliquent chez nous, apportent leurs id\u00e9es et donnent de leur temps afin d\u2019am\u00e9liorer la qualit\u00e9 de vie de tous les r\u00e9sident(e)s.<\/p>\n<p>Chez nous, on ressent une belle tranquillit\u00e9 qui se veut rassurante et r\u00e9confortante. Nos citoyens et citoyennes sont fiers de demeurer ici. Nous sommes heureux de constater qu\u2019un grand nombre de nouvelles familles choisissent Val Rita-Harty comme endroit o\u00f9 habiter.<\/p>\n<p>Nous \u0153uvrons afin de d\u00e9velopper un sentiment d\u2019appartenance qui solidifiera les liens qui nous unissent tous.<\/p>\n<p>Les portes de la mairie vous sont grandes ouvertes et ayez l\u2019assurance que votre implication est le gage d\u2019une communaut\u00e9 saine et vibrante.<\/p>\n<p>Au plaisir de vous servir!<\/p>\n<p><img decoding=\"async\" class=\"alignnone wp-image-2244\" src=\"https:\/\/valharty.ca\/wp-content\/uploads\/2020\/03\/Maire_Baril.jpg\" alt=\"This is a photo of Mayor Johanne Baril, Val Rita-Harty\" width=\"138\" height=\"162\"><\/p>\n<p><strong>Johanne Baril<\/strong><br \/>\n<strong>Maire<\/strong><\/p>\n<\/div><div class=\"fusion-clearfix\"><\/div><\/div><\/div><div class=\"fusion-layout-column fusion_builder_column fusion-builder-column-1 fusion_builder_column_1_6 1_6 fusion-one-sixth fusion-column-last\" style=\"width:16.666666666667%;width:calc(16.666666666667% - ( ( 4% ) * 0.16666666666667 ) );margin-top:10px;margin-bottom:10px;\"><div class=\"fusion-column-wrapper fusion-flex-column-wrapper-legacy\" style=\"background-position:left top;background-repeat:no-repeat;-webkit-background-size:cover;-moz-background-size:cover;-o-background-size:cover;background-size:cover;padding: 0px 0px 0px 0px;\"><div class=\"fusion-clearfix\"><\/div><\/div><\/div><\/div><\/div>\n","protected":false},"excerpt":{"rendered":"","protected":false},"author":1,"featured_media":0,"parent":0,"menu_order":0,"comment_status":"closed","ping_status":"closed","template":"page-inner.php","meta":{"inline_featured_image":false,"footnotes":""},"class_list":["post-3479","page","type-page","status-publish","hentry"],"acf":[],"yoast_head":"<!-- This site is optimized with the Yoast SEO plugin v27.3 - https:\/\/yoast.com\/product\/yoast-seo-wordpress\/ -->\n<title>MUNICIPALIT\u00c9 | VAL RITA-HARTY<\/title>\n<meta name=\"description\" content=\"Nous sommes heureux de constater qu\u2019un grand nombre de nouvelles familles ont choisi Val Rita-Harty comme domicile. Nous nous effor\u00e7ons de d\u00e9velopper un sentiment d\u2019appartenance qui renforcera les liens qui nous unissent tous.\" \/>\n<meta name=\"robots\" content=\"index, follow, max-snippet:-1, max-image-preview:large, max-video-preview:-1\" \/>\n<link rel=\"canonical\" href=\"https:\/\/valharty.ca\/fr\/municipalite\/\" \/>\n<meta property=\"og:locale\" content=\"fr_FR\" \/>\n<meta property=\"og:type\" content=\"article\" \/>\n<meta property=\"og:title\" content=\"MUNICIPALIT\u00c9 | VAL RITA-HARTY\" \/>\n<meta property=\"og:description\" content=\"Nous sommes heureux de constater qu\u2019un grand nombre de nouvelles familles ont choisi Val Rita-Harty comme domicile. Nous nous effor\u00e7ons de d\u00e9velopper un sentiment d\u2019appartenance qui renforcera les liens qui nous unissent tous.\" \/>\n<meta property=\"og:url\" content=\"https:\/\/valharty.ca\/fr\/municipalite\/\" \/>\n<meta property=\"og:site_name\" content=\"VAL RITA-HARTY\" \/>\n<meta property=\"article:publisher\" content=\"https:\/\/www.facebook.com\/valharty.ca\" \/>\n<meta property=\"article:modified_time\" content=\"2020-07-06T00:13:49+00:00\" \/>\n<meta property=\"og:image\" content=\"https:\/\/valharty.ca\/wp-content\/uploads\/2020\/03\/Maire_Baril.jpg\" \/>\n<meta name=\"twitter:card\" content=\"summary_large_image\" \/>\n<meta name=\"twitter:label1\" content=\"Dur\u00e9e de lecture estim\u00e9e\" \/>\n\t<meta name=\"twitter:data1\" content=\"4 minutes\" \/>\n<script type=\"application\/ld+json\" class=\"yoast-schema-graph\">{\"@context\":\"https:\\\/\\\/schema.org\",\"@graph\":[{\"@type\":\"WebPage\",\"@id\":\"https:\\\/\\\/valharty.ca\\\/fr\\\/municipalite\\\/\",\"url\":\"https:\\\/\\\/valharty.ca\\\/fr\\\/municipalite\\\/\",\"name\":\"MUNICIPALIT\u00c9 | VAL RITA-HARTY\",\"isPartOf\":{\"@id\":\"https:\\\/\\\/valharty.ca\\\/fr\\\/#website\"},\"primaryImageOfPage\":{\"@id\":\"https:\\\/\\\/valharty.ca\\\/fr\\\/municipalite\\\/#primaryimage\"},\"image\":{\"@id\":\"https:\\\/\\\/valharty.ca\\\/fr\\\/municipalite\\\/#primaryimage\"},\"thumbnailUrl\":\"https:\\\/\\\/valharty.ca\\\/wp-content\\\/uploads\\\/2020\\\/03\\\/Maire_Baril.jpg\",\"datePublished\":\"2020-06-02T14:39:59+00:00\",\"dateModified\":\"2020-07-06T00:13:49+00:00\",\"description\":\"Nous sommes heureux de constater qu\u2019un grand nombre de nouvelles familles ont choisi Val Rita-Harty comme domicile. Nous nous effor\u00e7ons de d\u00e9velopper un sentiment d\u2019appartenance qui renforcera les liens qui nous unissent tous.\",\"breadcrumb\":{\"@id\":\"https:\\\/\\\/valharty.ca\\\/fr\\\/municipalite\\\/#breadcrumb\"},\"inLanguage\":\"fr-FR\",\"potentialAction\":[{\"@type\":\"ReadAction\",\"target\":[\"https:\\\/\\\/valharty.ca\\\/fr\\\/municipalite\\\/\"]}]},{\"@type\":\"ImageObject\",\"inLanguage\":\"fr-FR\",\"@id\":\"https:\\\/\\\/valharty.ca\\\/fr\\\/municipalite\\\/#primaryimage\",\"url\":\"https:\\\/\\\/valharty.ca\\\/wp-content\\\/uploads\\\/2020\\\/03\\\/Maire_Baril.jpg\",\"contentUrl\":\"https:\\\/\\\/valharty.ca\\\/wp-content\\\/uploads\\\/2020\\\/03\\\/Maire_Baril.jpg\"},{\"@type\":\"BreadcrumbList\",\"@id\":\"https:\\\/\\\/valharty.ca\\\/fr\\\/municipalite\\\/#breadcrumb\",\"itemListElement\":[{\"@type\":\"ListItem\",\"position\":1,\"name\":\"Home\",\"item\":\"https:\\\/\\\/valharty.ca\\\/fr\\\/\"},{\"@type\":\"ListItem\",\"position\":2,\"name\":\"MUNICIPALIT\u00c9\"}]},{\"@type\":\"WebSite\",\"@id\":\"https:\\\/\\\/valharty.ca\\\/fr\\\/#website\",\"url\":\"https:\\\/\\\/valharty.ca\\\/fr\\\/\",\"name\":\"VAL RITA-HARTY\",\"description\":\"Ontario, Canada\",\"publisher\":{\"@id\":\"https:\\\/\\\/valharty.ca\\\/fr\\\/#organization\"},\"potentialAction\":[{\"@type\":\"SearchAction\",\"target\":{\"@type\":\"EntryPoint\",\"urlTemplate\":\"https:\\\/\\\/valharty.ca\\\/fr\\\/?s={search_term_string}\"},\"query-input\":{\"@type\":\"PropertyValueSpecification\",\"valueRequired\":true,\"valueName\":\"search_term_string\"}}],\"inLanguage\":\"fr-FR\"},{\"@type\":\"Organization\",\"@id\":\"https:\\\/\\\/valharty.ca\\\/fr\\\/#organization\",\"name\":\"Municipality of Val Rita-Harty\",\"url\":\"https:\\\/\\\/valharty.ca\\\/fr\\\/\",\"logo\":{\"@type\":\"ImageObject\",\"inLanguage\":\"fr-FR\",\"@id\":\"https:\\\/\\\/valharty.ca\\\/fr\\\/#\\\/schema\\\/logo\\\/image\\\/\",\"url\":\"https:\\\/\\\/valharty.ca\\\/wp-content\\\/uploads\\\/2020\\\/02\\\/ValRita_Harty_Logo_Footer250x275.svg\",\"contentUrl\":\"https:\\\/\\\/valharty.ca\\\/wp-content\\\/uploads\\\/2020\\\/02\\\/ValRita_Harty_Logo_Footer250x275.svg\",\"width\":200,\"height\":275,\"caption\":\"Municipality of Val Rita-Harty\"},\"image\":{\"@id\":\"https:\\\/\\\/valharty.ca\\\/fr\\\/#\\\/schema\\\/logo\\\/image\\\/\"},\"sameAs\":[\"https:\\\/\\\/www.facebook.com\\\/valharty.ca\"]}]}<\/script>\n<!-- \/ Yoast SEO plugin. -->","yoast_head_json":{"title":"MUNICIPALIT\u00c9 | VAL RITA-HARTY","description":"Nous sommes heureux de constater qu\u2019un grand nombre de nouvelles familles ont choisi Val Rita-Harty comme domicile. Nous nous effor\u00e7ons de d\u00e9velopper un sentiment d\u2019appartenance qui renforcera les liens qui nous unissent tous.","robots":{"index":"index","follow":"follow","max-snippet":"max-snippet:-1","max-image-preview":"max-image-preview:large","max-video-preview":"max-video-preview:-1"},"canonical":"https:\/\/valharty.ca\/fr\/municipalite\/","og_locale":"fr_FR","og_type":"article","og_title":"MUNICIPALIT\u00c9 | VAL RITA-HARTY","og_description":"Nous sommes heureux de constater qu\u2019un grand nombre de nouvelles familles ont choisi Val Rita-Harty comme domicile. Nous nous effor\u00e7ons de d\u00e9velopper un sentiment d\u2019appartenance qui renforcera les liens qui nous unissent tous.","og_url":"https:\/\/valharty.ca\/fr\/municipalite\/","og_site_name":"VAL RITA-HARTY","article_publisher":"https:\/\/www.facebook.com\/valharty.ca","article_modified_time":"2020-07-06T00:13:49+00:00","og_image":[{"url":"https:\/\/valharty.ca\/wp-content\/uploads\/2020\/03\/Maire_Baril.jpg","type":"","width":"","height":""}],"twitter_card":"summary_large_image","twitter_misc":{"Dur\u00e9e de lecture estim\u00e9e":"4 minutes"},"schema":{"@context":"https:\/\/schema.org","@graph":[{"@type":"WebPage","@id":"https:\/\/valharty.ca\/fr\/municipalite\/","url":"https:\/\/valharty.ca\/fr\/municipalite\/","name":"MUNICIPALIT\u00c9 | VAL RITA-HARTY","isPartOf":{"@id":"https:\/\/valharty.ca\/fr\/#website"},"primaryImageOfPage":{"@id":"https:\/\/valharty.ca\/fr\/municipalite\/#primaryimage"},"image":{"@id":"https:\/\/valharty.ca\/fr\/municipalite\/#primaryimage"},"thumbnailUrl":"https:\/\/valharty.ca\/wp-content\/uploads\/2020\/03\/Maire_Baril.jpg","datePublished":"2020-06-02T14:39:59+00:00","dateModified":"2020-07-06T00:13:49+00:00","description":"Nous sommes heureux de constater qu\u2019un grand nombre de nouvelles familles ont choisi Val Rita-Harty comme domicile. Nous nous effor\u00e7ons de d\u00e9velopper un sentiment d\u2019appartenance qui renforcera les liens qui nous unissent tous.","breadcrumb":{"@id":"https:\/\/valharty.ca\/fr\/municipalite\/#breadcrumb"},"inLanguage":"fr-FR","potentialAction":[{"@type":"ReadAction","target":["https:\/\/valharty.ca\/fr\/municipalite\/"]}]},{"@type":"ImageObject","inLanguage":"fr-FR","@id":"https:\/\/valharty.ca\/fr\/municipalite\/#primaryimage","url":"https:\/\/valharty.ca\/wp-content\/uploads\/2020\/03\/Maire_Baril.jpg","contentUrl":"https:\/\/valharty.ca\/wp-content\/uploads\/2020\/03\/Maire_Baril.jpg"},{"@type":"BreadcrumbList","@id":"https:\/\/valharty.ca\/fr\/municipalite\/#breadcrumb","itemListElement":[{"@type":"ListItem","position":1,"name":"Home","item":"https:\/\/valharty.ca\/fr\/"},{"@type":"ListItem","position":2,"name":"MUNICIPALIT\u00c9"}]},{"@type":"WebSite","@id":"https:\/\/valharty.ca\/fr\/#website","url":"https:\/\/valharty.ca\/fr\/","name":"VAL RITA-HARTY","description":"Ontario, Canada","publisher":{"@id":"https:\/\/valharty.ca\/fr\/#organization"},"potentialAction":[{"@type":"SearchAction","target":{"@type":"EntryPoint","urlTemplate":"https:\/\/valharty.ca\/fr\/?s={search_term_string}"},"query-input":{"@type":"PropertyValueSpecification","valueRequired":true,"valueName":"search_term_string"}}],"inLanguage":"fr-FR"},{"@type":"Organization","@id":"https:\/\/valharty.ca\/fr\/#organization","name":"Municipality of Val Rita-Harty","url":"https:\/\/valharty.ca\/fr\/","logo":{"@type":"ImageObject","inLanguage":"fr-FR","@id":"https:\/\/valharty.ca\/fr\/#\/schema\/logo\/image\/","url":"https:\/\/valharty.ca\/wp-content\/uploads\/2020\/02\/ValRita_Harty_Logo_Footer250x275.svg","contentUrl":"https:\/\/valharty.ca\/wp-content\/uploads\/2020\/02\/ValRita_Harty_Logo_Footer250x275.svg","width":200,"height":275,"caption":"Municipality of Val Rita-Harty"},"image":{"@id":"https:\/\/valharty.ca\/fr\/#\/schema\/logo\/image\/"},"sameAs":["https:\/\/www.facebook.com\/valharty.ca"]}]}},"_links":{"self":[{"href":"https:\/\/valharty.ca\/fr\/wp-json\/wp\/v2\/pages\/3479","targetHints":{"allow":["GET"]}}],"collection":[{"href":"https:\/\/valharty.ca\/fr\/wp-json\/wp\/v2\/pages"}],"about":[{"href":"https:\/\/valharty.ca\/fr\/wp-json\/wp\/v2\/types\/page"}],"author":[{"embeddable":true,"href":"https:\/\/valharty.ca\/fr\/wp-json\/wp\/v2\/users\/1"}],"replies":[{"embeddable":true,"href":"https:\/\/valharty.ca\/fr\/wp-json\/wp\/v2\/comments?post=3479"}],"version-history":[{"count":7,"href":"https:\/\/valharty.ca\/fr\/wp-json\/wp\/v2\/pages\/3479\/revisions"}],"predecessor-version":[{"id":3914,"href":"https:\/\/valharty.ca\/fr\/wp-json\/wp\/v2\/pages\/3479\/revisions\/3914"}],"wp:attachment":[{"href":"https:\/\/valharty.ca\/fr\/wp-json\/wp\/v2\/media?parent=3479"}],"curies":[{"name":"wp","href":"https:\/\/api.w.org\/{rel}","templated":true}]}}