{"id":3477,"date":"2020-06-02T10:35:30","date_gmt":"2020-06-02T14:35:30","guid":{"rendered":"https:\/\/valharty.ca\/vivre\/soumettre-une-activite\/"},"modified":"2020-07-05T20:39:40","modified_gmt":"2020-07-06T00:39:40","slug":"soumettre-une-activite","status":"publish","type":"page","link":"https:\/\/valharty.ca\/fr\/vivre\/soumettre-une-activite\/","title":{"rendered":"SOUMETTRE UNE ACTIVIT\u00c9"},"content":{"rendered":"<p><div class=\"fusion-fullwidth fullwidth-box fusion-builder-row-1 nonhundred-percent-fullwidth non-hundred-percent-height-scrolling\" style=\"background-color: rgba(255,255,255,0);background-position: center center;background-repeat: no-repeat;padding-top:0px;padding-right:0px;padding-bottom:0px;padding-left:0px;margin-bottom: 0px;margin-top: 0px;border-width: 0px 0px 0px 0px;border-color:#e7e4e2;border-style:solid;\" ><div class=\"fusion-builder-row fusion-row\"><div class=\"fusion-layout-column fusion_builder_column fusion-builder-column-0 fusion_builder_column_1_1 1_1 fusion-one-full fusion-column-first fusion-column-last\" style=\"margin-top:10px;margin-bottom:10px;\"><div class=\"fusion-column-wrapper fusion-flex-column-wrapper-legacy\" style=\"background-position:left top;background-repeat:no-repeat;-webkit-background-size:cover;-moz-background-size:cover;-o-background-size:cover;background-size:cover;padding: 0px 0px 0px 0px;\"><div class=\"fusion-column-content-centered\"><div class=\"fusion-column-content\"><div class=\"fusion-text fusion-text-1\"><p>Soumettre une demande de location d&rsquo;un de nos emplacements.\u00a0 Vous pouvez \u00e9galement soumettre une activit\u00e9 et nous l&rsquo;ajouterons au calendrier des \u00e9v\u00e9nements.<\/p>\n<\/div>\n<div class=\"wpcf7 no-js\" id=\"wpcf7-f1788-o1\" lang=\"en-US\" dir=\"ltr\" data-wpcf7-id=\"1788\">\n<div class=\"screen-reader-response\"><p role=\"status\" aria-live=\"polite\" aria-atomic=\"true\"><\/p> <ul><\/ul><\/div>\n<form action=\"\/fr\/wp-json\/wp\/v2\/pages\/3477#wpcf7-f1788-o1\" method=\"post\" class=\"wpcf7-form init\" aria-label=\"Contact form\" novalidate=\"novalidate\" data-status=\"init\">\n<fieldset class=\"hidden-fields-container\"><input type=\"hidden\" name=\"_wpcf7\" value=\"1788\" \/><input type=\"hidden\" name=\"_wpcf7_version\" value=\"6.1.5\" \/><input type=\"hidden\" name=\"_wpcf7_locale\" value=\"en_US\" \/><input type=\"hidden\" name=\"_wpcf7_unit_tag\" value=\"wpcf7-f1788-o1\" \/><input type=\"hidden\" name=\"_wpcf7_container_post\" value=\"0\" \/><input type=\"hidden\" name=\"_wpcf7_posted_data_hash\" value=\"\" \/><input type=\"hidden\" name=\"_wpcf7_recaptcha_response\" value=\"\" \/>\n<\/fieldset>\n<div style=\"margin-bottom: 40px;\" class=\"fusion-one-third fusion-layout-column fusion-spacing-yes\">\n\t<p><span class=\"wpcf7-form-control-wrap\" data-name=\"your-name\"><input size=\"40\" maxlength=\"400\" class=\"wpcf7-form-control wpcf7-text wpcf7-validates-as-required\" aria-required=\"true\" aria-invalid=\"false\" placeholder=\"Name\" value=\"\" type=\"text\" name=\"your-name\" \/><\/span>\n\t<\/p>\n<\/div>\n<div style=\"margin-bottom: 40px;\" class=\"fusion-one-third fusion-layout-column fusion-spacing-yes\">\n\t<p><span class=\"wpcf7-form-control-wrap\" data-name=\"your-email\"><input size=\"40\" maxlength=\"400\" class=\"wpcf7-form-control wpcf7-email wpcf7-validates-as-required wpcf7-text wpcf7-validates-as-email\" aria-required=\"true\" aria-invalid=\"false\" placeholder=\"Email\" value=\"\" type=\"email\" name=\"your-email\" \/><\/span>\n\t<\/p>\n<\/div>\n<div style=\"margin-bottom: 40px;\" class=\"fusion-one-third fusion-layout-column fusion-column-last fusion-spacing-yes\">\n\t<p><span class=\"wpcf7-form-control-wrap\" data-name=\"event-name\"><input size=\"40\" maxlength=\"400\" class=\"wpcf7-form-control wpcf7-text wpcf7-validates-as-required\" aria-required=\"true\" aria-invalid=\"false\" placeholder=\"Event Name\" value=\"\" type=\"text\" name=\"event-name\" \/><\/span>\n\t<\/p>\n<\/div>\n<div style=\"margin-bottom: 40px;\" class=\"fusion-one-third fusion-layout-column fusion-spacing-yes\">\n\t<p><span class=\"wpcf7-form-control-wrap\" data-name=\"event-date\"><input size=\"40\" maxlength=\"400\" class=\"wpcf7-form-control wpcf7-text wpcf7-validates-as-required\" aria-required=\"true\" aria-invalid=\"false\" placeholder=\"Event Date\" value=\"\" type=\"text\" name=\"event-date\" \/><\/span>\n\t<\/p>\n<\/div>\n<div style=\"margin-bottom: 40px;\" class=\"fusion-one-third fusion-layout-column fusion-spacing-yes\">\n\t<p><span class=\"wpcf7-form-control-wrap\" data-name=\"event-time\"><input size=\"40\" maxlength=\"400\" class=\"wpcf7-form-control wpcf7-text wpcf7-validates-as-required\" aria-required=\"true\" aria-invalid=\"false\" placeholder=\"Time: Start\/End\" value=\"\" type=\"text\" name=\"event-time\" \/><\/span>\n\t<\/p>\n<\/div>\n<div style=\"margin-bottom: 40px;\" class=\"fusion-one-third fusion-layout-column fusion-column-last fusion-spacing-yes\">\n\t<p><span class=\"wpcf7-form-control-wrap\" data-name=\"event-location\"><input size=\"40\" maxlength=\"400\" class=\"wpcf7-form-control wpcf7-text wpcf7-validates-as-required\" aria-required=\"true\" aria-invalid=\"false\" placeholder=\"Location\" value=\"\" type=\"text\" name=\"event-location\" \/><\/span>\n\t<\/p>\n<\/div>\n<p style=\"margin-bottom: 20px;\"><label for=\"message\">Message<span class=\"wpcf7-form-control-wrap\" data-name=\"your-message\"><textarea cols=\"40\" rows=\"10\" maxlength=\"2000\" class=\"wpcf7-form-control wpcf7-textarea\" id=\"message\" aria-invalid=\"false\" placeholder=\"Additional Information\" name=\"your-message\"><\/textarea><\/span><\/label>\n<\/p>\n<p><input class=\"wpcf7-form-control wpcf7-submit has-spinner\" type=\"submit\" value=\"Send\" \/>\n<\/p><div class=\"fusion-alert alert custom alert-custom fusion-alert-center wpcf7-response-output fusion-alert-capitalize\" style=\"border-width:1px;\"><div class=\"fusion-alert-content-wrapper\"><span class=\"fusion-alert-content\"><\/span><\/div><\/div>\n<\/form>\n<\/div>\n<style type=\"text\/css\">@media only screen and (max-width:1000px) {.fusion-title.fusion-title-1{margin-top:50px!important;margin-bottom:!important;}}<\/style><div class=\"fusion-title title fusion-title-1 fusion-sep-none fusion-title-text fusion-title-size-one\" style=\"margin-top:50px;margin-bottom:30px;\"><h1 class=\"title-heading-left\" style=\"margin:0;\"><h2><span style=\"color: #1b9e57;\">ACTIVIT\u00c9S \u00c0 VENIR<\/span><\/h2><\/h1><\/div><\/div><\/div><div class=\"fusion-clearfix\"><\/div><\/div><\/div><\/div><\/div><div class=\"fusion-fullwidth fullwidth-box fusion-builder-row-2 nonhundred-percent-fullwidth non-hundred-percent-height-scrolling\" style=\"background-color: rgba(32,60,89,0);background-position: center center;background-repeat: no-repeat;padding-top:0px;padding-right:0px;padding-bottom:0px;padding-left:0px;margin-bottom: 0px;margin-top: 0px;border-width: 0px 0px 0px 0px;border-color:#e7e4e2;border-style:solid;\" ><div class=\"fusion-builder-row fusion-row\"><div class=\"fusion-layout-column fusion_builder_column fusion-builder-column-1 fusion_builder_column_1_1 1_1 fusion-one-full fusion-column-first fusion-column-last\" style=\"margin-top:10px;margin-bottom:10px;\"><div class=\"fusion-column-wrapper fusion-flex-column-wrapper-legacy\" style=\"background-position:left top;background-repeat:no-repeat;-webkit-background-size:cover;-moz-background-size:cover;-o-background-size:cover;background-size:cover;padding: 0px 0px 0px 0px;\"><div class=\"fusion-column-content-centered\"><div class=\"fusion-column-content\"><div class=\"fusion-align-block\"><style type=\"text\/css\">.fusion-button.button-1 .fusion-button-text, .fusion-button.button-1 i {color:#ffffff;}.fusion-button.button-1 .fusion-button-icon-divider{border-color:#ffffff;}.fusion-button.button-1:hover .fusion-button-text, .fusion-button.button-1:hover i,.fusion-button.button-1:focus .fusion-button-text, .fusion-button.button-1:focus i,.fusion-button.button-1:active .fusion-button-text, .fusion-button.button-1:active{color:#ffffff;}.fusion-button.button-1:hover .fusion-button-icon-divider, .fusion-button.button-1:hover .fusion-button-icon-divider, .fusion-button.button-1:active .fusion-button-icon-divider{border-color:#ffffff;}.fusion-button.button-1:hover, .fusion-button.button-1:focus, .fusion-button.button-1:active{border-color:#ffffff;}.fusion-button.button-1 {border-color:#ffffff;border-radius:1px;}.fusion-button.button-1{background: #203c59;}.fusion-button.button-1:hover,.button-1:focus,.fusion-button.button-1:active{background: rgba(32,60,89,0.8);}<\/style><a class=\"fusion-button button-flat fusion-button-default-size button-custom button-1 fusion-button-default-span fusion-button-default-type\" target=\"_self\" href=\"\/?page_id=2537\"><i class=\"fa-calendar-plus fas button-icon-left\" aria-hidden=\"true\"><\/i><span class=\"fusion-button-text\">INSCRIVEZ-VOUS \u00c0 NOTRE CALENDRIER D&rsquo;ACTIVIT\u00c9S<\/span><\/a><\/div><\/div><\/div><div class=\"fusion-clearfix\"><\/div><\/div><\/div><\/div><\/div><\/p>\n","protected":false},"excerpt":{"rendered":"","protected":false},"author":1,"featured_media":0,"parent":3463,"menu_order":0,"comment_status":"closed","ping_status":"closed","template":"page-inner.php","meta":{"inline_featured_image":false,"footnotes":""},"class_list":["post-3477","page","type-page","status-publish","hentry"],"acf":[],"yoast_head":"<!-- This site is optimized with the Yoast SEO plugin v27.3 - https:\/\/yoast.com\/product\/yoast-seo-wordpress\/ -->\n<title>SOUMETTRE UNE ACTIVIT\u00c9 | VAL RITA-HARTY<\/title>\n<meta name=\"description\" content=\"Vous avez une activit\u00e9 ou un \u00e9v\u00e8nement? Faites-nous savoir en nous envoyant tous les d\u00e9tails au sujet de votre activit\u00e9 ou votre \u00e9v\u00e8nement.\" \/>\n<meta name=\"robots\" content=\"index, follow, max-snippet:-1, max-image-preview:large, max-video-preview:-1\" \/>\n<link rel=\"canonical\" href=\"https:\/\/valharty.ca\/fr\/vivre\/soumettre-une-activite\/\" \/>\n<meta property=\"og:locale\" content=\"fr_FR\" \/>\n<meta property=\"og:type\" content=\"article\" \/>\n<meta property=\"og:title\" content=\"SOUMETTRE UNE ACTIVIT\u00c9 | VAL RITA-HARTY\" \/>\n<meta property=\"og:description\" content=\"Vous avez une activit\u00e9 ou un \u00e9v\u00e8nement? Faites-nous savoir en nous envoyant tous les d\u00e9tails au sujet de votre activit\u00e9 ou votre \u00e9v\u00e8nement.\" \/>\n<meta property=\"og:url\" content=\"https:\/\/valharty.ca\/fr\/vivre\/soumettre-une-activite\/\" \/>\n<meta property=\"og:site_name\" content=\"VAL RITA-HARTY\" \/>\n<meta property=\"article:publisher\" content=\"https:\/\/www.facebook.com\/valharty.ca\" \/>\n<meta property=\"article:modified_time\" content=\"2020-07-06T00:39:40+00:00\" \/>\n<meta property=\"og:image\" content=\"https:\/\/valharty.ca\/wp-content\/uploads\/2020\/06\/Header_Aerial-1.jpg\" \/>\n\t<meta property=\"og:image:width\" content=\"1920\" \/>\n\t<meta property=\"og:image:height\" content=\"600\" \/>\n\t<meta property=\"og:image:type\" content=\"image\/jpeg\" \/>\n<meta name=\"twitter:card\" content=\"summary_large_image\" \/>\n<meta name=\"twitter:label1\" content=\"Dur\u00e9e de lecture estim\u00e9e\" \/>\n\t<meta name=\"twitter:data1\" content=\"5 minutes\" \/>\n<script type=\"application\/ld+json\" class=\"yoast-schema-graph\">{\"@context\":\"https:\\\/\\\/schema.org\",\"@graph\":[{\"@type\":\"WebPage\",\"@id\":\"https:\\\/\\\/valharty.ca\\\/fr\\\/vivre\\\/soumettre-une-activite\\\/\",\"url\":\"https:\\\/\\\/valharty.ca\\\/fr\\\/vivre\\\/soumettre-une-activite\\\/\",\"name\":\"SOUMETTRE UNE ACTIVIT\u00c9 | VAL RITA-HARTY\",\"isPartOf\":{\"@id\":\"https:\\\/\\\/valharty.ca\\\/fr\\\/#website\"},\"datePublished\":\"2020-06-02T14:35:30+00:00\",\"dateModified\":\"2020-07-06T00:39:40+00:00\",\"description\":\"Vous avez une activit\u00e9 ou un \u00e9v\u00e8nement? Faites-nous savoir en nous envoyant tous les d\u00e9tails au sujet de votre activit\u00e9 ou votre \u00e9v\u00e8nement.\",\"breadcrumb\":{\"@id\":\"https:\\\/\\\/valharty.ca\\\/fr\\\/vivre\\\/soumettre-une-activite\\\/#breadcrumb\"},\"inLanguage\":\"fr-FR\",\"potentialAction\":[{\"@type\":\"ReadAction\",\"target\":[\"https:\\\/\\\/valharty.ca\\\/fr\\\/vivre\\\/soumettre-une-activite\\\/\"]}]},{\"@type\":\"BreadcrumbList\",\"@id\":\"https:\\\/\\\/valharty.ca\\\/fr\\\/vivre\\\/soumettre-une-activite\\\/#breadcrumb\",\"itemListElement\":[{\"@type\":\"ListItem\",\"position\":1,\"name\":\"Home\",\"item\":\"https:\\\/\\\/valharty.ca\\\/fr\\\/\"},{\"@type\":\"ListItem\",\"position\":2,\"name\":\"VIVRE\",\"item\":\"https:\\\/\\\/valharty.ca\\\/fr\\\/living\\\/\"},{\"@type\":\"ListItem\",\"position\":3,\"name\":\"SOUMETTRE UNE ACTIVIT\u00c9\"}]},{\"@type\":\"WebSite\",\"@id\":\"https:\\\/\\\/valharty.ca\\\/fr\\\/#website\",\"url\":\"https:\\\/\\\/valharty.ca\\\/fr\\\/\",\"name\":\"VAL RITA-HARTY\",\"description\":\"Ontario, Canada\",\"publisher\":{\"@id\":\"https:\\\/\\\/valharty.ca\\\/fr\\\/#organization\"},\"potentialAction\":[{\"@type\":\"SearchAction\",\"target\":{\"@type\":\"EntryPoint\",\"urlTemplate\":\"https:\\\/\\\/valharty.ca\\\/fr\\\/?s={search_term_string}\"},\"query-input\":{\"@type\":\"PropertyValueSpecification\",\"valueRequired\":true,\"valueName\":\"search_term_string\"}}],\"inLanguage\":\"fr-FR\"},{\"@type\":\"Organization\",\"@id\":\"https:\\\/\\\/valharty.ca\\\/fr\\\/#organization\",\"name\":\"Municipality of Val Rita-Harty\",\"url\":\"https:\\\/\\\/valharty.ca\\\/fr\\\/\",\"logo\":{\"@type\":\"ImageObject\",\"inLanguage\":\"fr-FR\",\"@id\":\"https:\\\/\\\/valharty.ca\\\/fr\\\/#\\\/schema\\\/logo\\\/image\\\/\",\"url\":\"https:\\\/\\\/valharty.ca\\\/wp-content\\\/uploads\\\/2020\\\/02\\\/ValRita_Harty_Logo_Footer250x275.svg\",\"contentUrl\":\"https:\\\/\\\/valharty.ca\\\/wp-content\\\/uploads\\\/2020\\\/02\\\/ValRita_Harty_Logo_Footer250x275.svg\",\"width\":200,\"height\":275,\"caption\":\"Municipality of Val Rita-Harty\"},\"image\":{\"@id\":\"https:\\\/\\\/valharty.ca\\\/fr\\\/#\\\/schema\\\/logo\\\/image\\\/\"},\"sameAs\":[\"https:\\\/\\\/www.facebook.com\\\/valharty.ca\"]}]}<\/script>\n<!-- \/ Yoast SEO plugin. -->","yoast_head_json":{"title":"SOUMETTRE UNE ACTIVIT\u00c9 | VAL RITA-HARTY","description":"Vous avez une activit\u00e9 ou un \u00e9v\u00e8nement? Faites-nous savoir en nous envoyant tous les d\u00e9tails au sujet de votre activit\u00e9 ou votre \u00e9v\u00e8nement.","robots":{"index":"index","follow":"follow","max-snippet":"max-snippet:-1","max-image-preview":"max-image-preview:large","max-video-preview":"max-video-preview:-1"},"canonical":"https:\/\/valharty.ca\/fr\/vivre\/soumettre-une-activite\/","og_locale":"fr_FR","og_type":"article","og_title":"SOUMETTRE UNE ACTIVIT\u00c9 | VAL RITA-HARTY","og_description":"Vous avez une activit\u00e9 ou un \u00e9v\u00e8nement? Faites-nous savoir en nous envoyant tous les d\u00e9tails au sujet de votre activit\u00e9 ou votre \u00e9v\u00e8nement.","og_url":"https:\/\/valharty.ca\/fr\/vivre\/soumettre-une-activite\/","og_site_name":"VAL RITA-HARTY","article_publisher":"https:\/\/www.facebook.com\/valharty.ca","article_modified_time":"2020-07-06T00:39:40+00:00","og_image":[{"width":1920,"height":600,"url":"https:\/\/valharty.ca\/wp-content\/uploads\/2020\/06\/Header_Aerial-1.jpg","type":"image\/jpeg"}],"twitter_card":"summary_large_image","twitter_misc":{"Dur\u00e9e de lecture estim\u00e9e":"5 minutes"},"schema":{"@context":"https:\/\/schema.org","@graph":[{"@type":"WebPage","@id":"https:\/\/valharty.ca\/fr\/vivre\/soumettre-une-activite\/","url":"https:\/\/valharty.ca\/fr\/vivre\/soumettre-une-activite\/","name":"SOUMETTRE UNE ACTIVIT\u00c9 | VAL RITA-HARTY","isPartOf":{"@id":"https:\/\/valharty.ca\/fr\/#website"},"datePublished":"2020-06-02T14:35:30+00:00","dateModified":"2020-07-06T00:39:40+00:00","description":"Vous avez une activit\u00e9 ou un \u00e9v\u00e8nement? Faites-nous savoir en nous envoyant tous les d\u00e9tails au sujet de votre activit\u00e9 ou votre \u00e9v\u00e8nement.","breadcrumb":{"@id":"https:\/\/valharty.ca\/fr\/vivre\/soumettre-une-activite\/#breadcrumb"},"inLanguage":"fr-FR","potentialAction":[{"@type":"ReadAction","target":["https:\/\/valharty.ca\/fr\/vivre\/soumettre-une-activite\/"]}]},{"@type":"BreadcrumbList","@id":"https:\/\/valharty.ca\/fr\/vivre\/soumettre-une-activite\/#breadcrumb","itemListElement":[{"@type":"ListItem","position":1,"name":"Home","item":"https:\/\/valharty.ca\/fr\/"},{"@type":"ListItem","position":2,"name":"VIVRE","item":"https:\/\/valharty.ca\/fr\/living\/"},{"@type":"ListItem","position":3,"name":"SOUMETTRE UNE ACTIVIT\u00c9"}]},{"@type":"WebSite","@id":"https:\/\/valharty.ca\/fr\/#website","url":"https:\/\/valharty.ca\/fr\/","name":"VAL RITA-HARTY","description":"Ontario, Canada","publisher":{"@id":"https:\/\/valharty.ca\/fr\/#organization"},"potentialAction":[{"@type":"SearchAction","target":{"@type":"EntryPoint","urlTemplate":"https:\/\/valharty.ca\/fr\/?s={search_term_string}"},"query-input":{"@type":"PropertyValueSpecification","valueRequired":true,"valueName":"search_term_string"}}],"inLanguage":"fr-FR"},{"@type":"Organization","@id":"https:\/\/valharty.ca\/fr\/#organization","name":"Municipality of Val Rita-Harty","url":"https:\/\/valharty.ca\/fr\/","logo":{"@type":"ImageObject","inLanguage":"fr-FR","@id":"https:\/\/valharty.ca\/fr\/#\/schema\/logo\/image\/","url":"https:\/\/valharty.ca\/wp-content\/uploads\/2020\/02\/ValRita_Harty_Logo_Footer250x275.svg","contentUrl":"https:\/\/valharty.ca\/wp-content\/uploads\/2020\/02\/ValRita_Harty_Logo_Footer250x275.svg","width":200,"height":275,"caption":"Municipality of Val Rita-Harty"},"image":{"@id":"https:\/\/valharty.ca\/fr\/#\/schema\/logo\/image\/"},"sameAs":["https:\/\/www.facebook.com\/valharty.ca"]}]}},"_links":{"self":[{"href":"https:\/\/valharty.ca\/fr\/wp-json\/wp\/v2\/pages\/3477","targetHints":{"allow":["GET"]}}],"collection":[{"href":"https:\/\/valharty.ca\/fr\/wp-json\/wp\/v2\/pages"}],"about":[{"href":"https:\/\/valharty.ca\/fr\/wp-json\/wp\/v2\/types\/page"}],"author":[{"embeddable":true,"href":"https:\/\/valharty.ca\/fr\/wp-json\/wp\/v2\/users\/1"}],"replies":[{"embeddable":true,"href":"https:\/\/valharty.ca\/fr\/wp-json\/wp\/v2\/comments?post=3477"}],"version-history":[{"count":2,"href":"https:\/\/valharty.ca\/fr\/wp-json\/wp\/v2\/pages\/3477\/revisions"}],"predecessor-version":[{"id":3934,"href":"https:\/\/valharty.ca\/fr\/wp-json\/wp\/v2\/pages\/3477\/revisions\/3934"}],"up":[{"embeddable":true,"href":"https:\/\/valharty.ca\/fr\/wp-json\/wp\/v2\/pages\/3463"}],"wp:attachment":[{"href":"https:\/\/valharty.ca\/fr\/wp-json\/wp\/v2\/media?parent=3477"}],"curies":[{"name":"wp","href":"https:\/\/api.w.org\/{rel}","templated":true}]}}