{"id":3473,"date":"2020-06-02T10:10:23","date_gmt":"2020-06-02T14:10:23","guid":{"rendered":"https:\/\/valharty.ca\/vivre\/activites-de-plein-air\/"},"modified":"2020-12-03T08:35:38","modified_gmt":"2020-12-03T13:35:38","slug":"activites-de-plein-air","status":"publish","type":"page","link":"https:\/\/valharty.ca\/fr\/vivre\/activites-de-plein-air\/","title":{"rendered":"ACTIVIT\u00c9S DE PLEIN AIR"},"content":{"rendered":"<p><div class=\"fusion-fullwidth fullwidth-box fusion-builder-row-1 nonhundred-percent-fullwidth non-hundred-percent-height-scrolling\" style=\"background-color: rgba(255,255,255,0);background-position: center center;background-repeat: no-repeat;padding-top:0px;padding-right:0px;padding-bottom:0px;padding-left:0px;margin-bottom: 0px;margin-top: 0px;border-width: 0px 0px 0px 0px;border-color:#e7e4e2;border-style:solid;\" ><div class=\"fusion-builder-row fusion-row\"><div class=\"fusion-layout-column fusion_builder_column fusion-builder-column-0 fusion_builder_column_5_6 5_6 fusion-five-sixth fusion-column-first\" style=\"width:83.333333333333%;width:calc(83.333333333333% - ( ( 4% ) * 0.83333333333333 ) );margin-right: 4%;margin-top:10px;margin-bottom:10px;\"><div class=\"fusion-column-wrapper fusion-flex-column-wrapper-legacy\" style=\"background-position:left top;background-repeat:no-repeat;-webkit-background-size:cover;-moz-background-size:cover;-o-background-size:cover;background-size:cover;padding: 0px 0px 0px 0px;\"><div class=\"fusion-column-content-centered\"><div class=\"fusion-column-content\"><div class=\"fusion-text fusion-text-1\"><h3 class=\"\" style=\"--fontsize: 24; line-height: 1.4;\" data-fontsize=\"24\" data-lineheight=\"33.6px\">Patinoire ext\u00e9rieure &#8211; Ferm\u00e9e<\/h3>\n<p><strong>*Si les temp\u00e9ratures d\u00e9passent -35\u00b0C, la patinoire sera ferm\u00e9e<\/strong><\/p>\n<p>La patinoire est ouverte pendant la saison hivernale.<br \/>\nVenez profiter de l&rsquo;air frais et vous d\u00e9gourdir les jambes en jouant au hockey ou en patinant gratuitement.<\/p>\n<p>Activit\u00e9s de plein air | Municipalit\u00e9 de Val Rita-Harty<\/p>\n<div class=\"column-left\">\n<ul>\n<li>Du lundi au vendredi:<strong>18 h \u00e0 21 h<\/strong><\/li>\n<li>Samedi et dimanche: <strong>14 h \u00e0 21 h<\/strong><\/li>\n<li>Vacances scolaires: <strong>14 h \u00e0 21 h<\/strong><\/li>\n<\/ul>\n<\/div>\n<h3 class=\"\" style=\"--fontsize: 24; line-height: 1.4;\" data-fontsize=\"24\" data-lineheight=\"33.6px\"><\/h3>\n<\/div><div class=\"fusion-video fusion-youtube\" style=\"max-width:600px;max-height:360px;\"><div class=\"video-shortcode\"><iframe title=\"YouTube video player\" src=\"https:\/\/www.youtube.com\/embed\/tH41633rTXg?wmode=transparent&autoplay=0\" width=\"600\" height=\"360\" allowfullscreen allow=\"autoplay; fullscreen\"><\/iframe><\/div><\/div><\/div><\/div><div class=\"fusion-clearfix\"><\/div><\/div><\/div><\/div><\/div><div class=\"fusion-fullwidth fullwidth-box fusion-builder-row-2 nonhundred-percent-fullwidth non-hundred-percent-height-scrolling\" style=\"background-color: rgba(255,255,255,0);background-position: center center;background-repeat: no-repeat;padding-top:0px;padding-right:0px;padding-bottom:0px;padding-left:0px;margin-bottom: 0px;margin-top: 0px;border-width: 0px 0px 0px 0px;border-color:#e7e4e2;border-style:solid;\" ><div class=\"fusion-builder-row fusion-row\"><div class=\"fusion-layout-column fusion_builder_column fusion-builder-column-1 fusion_builder_column_5_6 5_6 fusion-five-sixth fusion-column-first\" style=\"width:83.333333333333%;width:calc(83.333333333333% - ( ( 4% ) * 0.83333333333333 ) );margin-right: 4%;margin-top:10px;margin-bottom:10px;\"><div class=\"fusion-column-wrapper fusion-flex-column-wrapper-legacy\" style=\"background-position:left top;background-repeat:no-repeat;-webkit-background-size:cover;-moz-background-size:cover;-o-background-size:cover;background-size:cover;padding: 0px 0px 0px 0px;\"><div class=\"fusion-column-content-centered\"><div class=\"fusion-column-content\"><div class=\"fusion-text fusion-text-2\"><h3 class=\"\" style=\"--fontsize: 24; line-height: 1.4;\" data-fontsize=\"24\" data-lineheight=\"33.6px\"><span style=\"color: var(--h3_typography-color); font-family: var(--h3_typography-font-family); font-size: var(--h3_typography-font-size); font-style: var(--h3_typography-font-style,normal); font-weight: var(--h3_typography-font-weight); letter-spacing: var(--h3_typography-letter-spacing); background-color: rgba(255, 255, 255, 0);\">Raquettes \u00e0 neige<\/span><br \/><\/h3>\n<p>De la patinoire de Val Rita au lac Therrien<\/p>\n<h3 class=\"\" style=\"--fontsize: 24; line-height: 1.4;\" data-fontsize=\"24\" data-lineheight=\"33.6px\">Aire de repos<\/h3>\n<p>Lors de votre arr\u00eat \u00e0 l&rsquo;aire de repos, vous trouverez des tables de pique-nique et des abris. En \u00e9t\u00e9, vous pouvez vous arr\u00eater et vous d\u00e9gourdir les jambes pendant votre long trajet sur l&rsquo;autoroute 11.<\/p>\n<p>En hiver, de magnifiques panneaux de No\u00ebl souhaitant \u00e0 tous un joyeux No\u00ebl sont install\u00e9s en novembre. Les lumi\u00e8res des sapins de No\u00ebl illuminent l&rsquo;autoroute 11 \u00e0 la tomb\u00e9e de la nuit. Prenez le temps de vous arr\u00eater et de profiter de ce magnifique spectacle de lumi\u00e8res.<\/p>\n<h3 class=\"\" style=\"--fontsize: 24; line-height: 1.4;\" data-fontsize=\"24\" data-lineheight=\"33.6px\">Terrain de jeu de Val Rita-Harty<\/h3>\n<p>Le parc est \u00e0 votre disposition \u00e0 tout moment. \u00c0 Val Rita, vous trouverez un terrain de base-ball et un terrain de tennis, ainsi qu&rsquo;une vari\u00e9t\u00e9 de divertissements pour les enfants.<\/p>\n<p>Vos enfants sont fatigu\u00e9s d&rsquo;\u00eatre dans la voiture ? Vous avez envie de faire une belle promenade pendant que les enfants jouent ? Alors arr\u00eatez-vous au terrain de jeux de Harty, situ\u00e9 sur l&rsquo;autoroute 11, ou \u00e0 Val Rita au centre communautaire au 106 chemin du Gouvernement, o\u00f9 vous trouverez des balan\u00e7oires et des glissades pour les enfants.<\/p>\n<p>Pour les adultes, vous trouverez, \u00e0 Val Rita, un terrain de tennis et un terrain de base-ball. \u00c0 Harty, vous trouverez un terrain de base-ball. Il y a aussi beaucoup de place pour se promener et s&rsquo;\u00e9tirer.<\/p>\n<p>Note : Les parcs \u00e9tant non surveill\u00e9s, utilisez-les \u00e0 vos risques et p\u00e9rils.<\/p>\n<\/div><\/div><\/div><div class=\"fusion-clearfix\"><\/div><\/div><\/div><\/div><\/div><\/p>\n","protected":false},"excerpt":{"rendered":"","protected":false},"author":1,"featured_media":0,"parent":3463,"menu_order":0,"comment_status":"closed","ping_status":"closed","template":"page-inner.php","meta":{"inline_featured_image":false,"footnotes":""},"class_list":["post-3473","page","type-page","status-publish","hentry"],"acf":[],"yoast_head":"<!-- This site is optimized with the Yoast SEO plugin v27.3 - https:\/\/yoast.com\/product\/yoast-seo-wordpress\/ -->\n<title>ACTIVIT\u00c9S DE PLEIN AIR | VAL RITA-HARTY<\/title>\n<meta name=\"description\" content=\"Le parc est \u00e0 votre disposition \u00e0 tout moment. \u00c0 Val Rita, vous trouverez une patinoire, un terrain de base-ball et un terrain de tennis, ainsi qu&#039;une vari\u00e9t\u00e9 de divertissements pour les enfants.\" \/>\n<meta name=\"robots\" content=\"index, follow, max-snippet:-1, max-image-preview:large, max-video-preview:-1\" \/>\n<link rel=\"canonical\" href=\"https:\/\/valharty.ca\/fr\/vivre\/activites-de-plein-air\/\" \/>\n<meta property=\"og:locale\" content=\"fr_FR\" \/>\n<meta property=\"og:type\" content=\"article\" \/>\n<meta property=\"og:title\" content=\"ACTIVIT\u00c9S DE PLEIN AIR | VAL RITA-HARTY\" \/>\n<meta property=\"og:description\" content=\"Le parc est \u00e0 votre disposition \u00e0 tout moment. \u00c0 Val Rita, vous trouverez une patinoire, un terrain de base-ball et un terrain de tennis, ainsi qu&#039;une vari\u00e9t\u00e9 de divertissements pour les enfants.\" \/>\n<meta property=\"og:url\" content=\"https:\/\/valharty.ca\/fr\/vivre\/activites-de-plein-air\/\" \/>\n<meta property=\"og:site_name\" content=\"VAL RITA-HARTY\" \/>\n<meta property=\"article:publisher\" content=\"https:\/\/www.facebook.com\/valharty.ca\" \/>\n<meta property=\"article:modified_time\" content=\"2020-12-03T13:35:38+00:00\" \/>\n<meta property=\"og:image\" content=\"https:\/\/valharty.ca\/wp-content\/uploads\/2020\/06\/Header_Aerial-1.jpg\" \/>\n\t<meta property=\"og:image:width\" content=\"1920\" \/>\n\t<meta property=\"og:image:height\" content=\"600\" \/>\n\t<meta property=\"og:image:type\" content=\"image\/jpeg\" \/>\n<meta name=\"twitter:card\" content=\"summary_large_image\" \/>\n<meta name=\"twitter:label1\" content=\"Dur\u00e9e de lecture estim\u00e9e\" \/>\n\t<meta name=\"twitter:data1\" content=\"5 minutes\" \/>\n<script type=\"application\/ld+json\" class=\"yoast-schema-graph\">{\"@context\":\"https:\\\/\\\/schema.org\",\"@graph\":[{\"@type\":\"WebPage\",\"@id\":\"https:\\\/\\\/valharty.ca\\\/fr\\\/vivre\\\/activites-de-plein-air\\\/\",\"url\":\"https:\\\/\\\/valharty.ca\\\/fr\\\/vivre\\\/activites-de-plein-air\\\/\",\"name\":\"ACTIVIT\u00c9S DE PLEIN AIR | VAL RITA-HARTY\",\"isPartOf\":{\"@id\":\"https:\\\/\\\/valharty.ca\\\/fr\\\/#website\"},\"datePublished\":\"2020-06-02T14:10:23+00:00\",\"dateModified\":\"2020-12-03T13:35:38+00:00\",\"description\":\"Le parc est \u00e0 votre disposition \u00e0 tout moment. \u00c0 Val Rita, vous trouverez une patinoire, un terrain de base-ball et un terrain de tennis, ainsi qu'une vari\u00e9t\u00e9 de divertissements pour les enfants.\",\"breadcrumb\":{\"@id\":\"https:\\\/\\\/valharty.ca\\\/fr\\\/vivre\\\/activites-de-plein-air\\\/#breadcrumb\"},\"inLanguage\":\"fr-FR\",\"potentialAction\":[{\"@type\":\"ReadAction\",\"target\":[\"https:\\\/\\\/valharty.ca\\\/fr\\\/vivre\\\/activites-de-plein-air\\\/\"]}]},{\"@type\":\"BreadcrumbList\",\"@id\":\"https:\\\/\\\/valharty.ca\\\/fr\\\/vivre\\\/activites-de-plein-air\\\/#breadcrumb\",\"itemListElement\":[{\"@type\":\"ListItem\",\"position\":1,\"name\":\"Home\",\"item\":\"https:\\\/\\\/valharty.ca\\\/fr\\\/\"},{\"@type\":\"ListItem\",\"position\":2,\"name\":\"VIVRE\",\"item\":\"https:\\\/\\\/valharty.ca\\\/fr\\\/living\\\/\"},{\"@type\":\"ListItem\",\"position\":3,\"name\":\"ACTIVIT\u00c9S DE PLEIN AIR\"}]},{\"@type\":\"WebSite\",\"@id\":\"https:\\\/\\\/valharty.ca\\\/fr\\\/#website\",\"url\":\"https:\\\/\\\/valharty.ca\\\/fr\\\/\",\"name\":\"VAL RITA-HARTY\",\"description\":\"Ontario, Canada\",\"publisher\":{\"@id\":\"https:\\\/\\\/valharty.ca\\\/fr\\\/#organization\"},\"potentialAction\":[{\"@type\":\"SearchAction\",\"target\":{\"@type\":\"EntryPoint\",\"urlTemplate\":\"https:\\\/\\\/valharty.ca\\\/fr\\\/?s={search_term_string}\"},\"query-input\":{\"@type\":\"PropertyValueSpecification\",\"valueRequired\":true,\"valueName\":\"search_term_string\"}}],\"inLanguage\":\"fr-FR\"},{\"@type\":\"Organization\",\"@id\":\"https:\\\/\\\/valharty.ca\\\/fr\\\/#organization\",\"name\":\"Municipality of Val Rita-Harty\",\"url\":\"https:\\\/\\\/valharty.ca\\\/fr\\\/\",\"logo\":{\"@type\":\"ImageObject\",\"inLanguage\":\"fr-FR\",\"@id\":\"https:\\\/\\\/valharty.ca\\\/fr\\\/#\\\/schema\\\/logo\\\/image\\\/\",\"url\":\"https:\\\/\\\/valharty.ca\\\/wp-content\\\/uploads\\\/2020\\\/02\\\/ValRita_Harty_Logo_Footer250x275.svg\",\"contentUrl\":\"https:\\\/\\\/valharty.ca\\\/wp-content\\\/uploads\\\/2020\\\/02\\\/ValRita_Harty_Logo_Footer250x275.svg\",\"width\":200,\"height\":275,\"caption\":\"Municipality of Val Rita-Harty\"},\"image\":{\"@id\":\"https:\\\/\\\/valharty.ca\\\/fr\\\/#\\\/schema\\\/logo\\\/image\\\/\"},\"sameAs\":[\"https:\\\/\\\/www.facebook.com\\\/valharty.ca\"]}]}<\/script>\n<!-- \/ Yoast SEO plugin. -->","yoast_head_json":{"title":"ACTIVIT\u00c9S DE PLEIN AIR | VAL RITA-HARTY","description":"Le parc est \u00e0 votre disposition \u00e0 tout moment. \u00c0 Val Rita, vous trouverez une patinoire, un terrain de base-ball et un terrain de tennis, ainsi qu'une vari\u00e9t\u00e9 de divertissements pour les enfants.","robots":{"index":"index","follow":"follow","max-snippet":"max-snippet:-1","max-image-preview":"max-image-preview:large","max-video-preview":"max-video-preview:-1"},"canonical":"https:\/\/valharty.ca\/fr\/vivre\/activites-de-plein-air\/","og_locale":"fr_FR","og_type":"article","og_title":"ACTIVIT\u00c9S DE PLEIN AIR | VAL RITA-HARTY","og_description":"Le parc est \u00e0 votre disposition \u00e0 tout moment. \u00c0 Val Rita, vous trouverez une patinoire, un terrain de base-ball et un terrain de tennis, ainsi qu'une vari\u00e9t\u00e9 de divertissements pour les enfants.","og_url":"https:\/\/valharty.ca\/fr\/vivre\/activites-de-plein-air\/","og_site_name":"VAL RITA-HARTY","article_publisher":"https:\/\/www.facebook.com\/valharty.ca","article_modified_time":"2020-12-03T13:35:38+00:00","og_image":[{"width":1920,"height":600,"url":"https:\/\/valharty.ca\/wp-content\/uploads\/2020\/06\/Header_Aerial-1.jpg","type":"image\/jpeg"}],"twitter_card":"summary_large_image","twitter_misc":{"Dur\u00e9e de lecture estim\u00e9e":"5 minutes"},"schema":{"@context":"https:\/\/schema.org","@graph":[{"@type":"WebPage","@id":"https:\/\/valharty.ca\/fr\/vivre\/activites-de-plein-air\/","url":"https:\/\/valharty.ca\/fr\/vivre\/activites-de-plein-air\/","name":"ACTIVIT\u00c9S DE PLEIN AIR | VAL RITA-HARTY","isPartOf":{"@id":"https:\/\/valharty.ca\/fr\/#website"},"datePublished":"2020-06-02T14:10:23+00:00","dateModified":"2020-12-03T13:35:38+00:00","description":"Le parc est \u00e0 votre disposition \u00e0 tout moment. \u00c0 Val Rita, vous trouverez une patinoire, un terrain de base-ball et un terrain de tennis, ainsi qu'une vari\u00e9t\u00e9 de divertissements pour les enfants.","breadcrumb":{"@id":"https:\/\/valharty.ca\/fr\/vivre\/activites-de-plein-air\/#breadcrumb"},"inLanguage":"fr-FR","potentialAction":[{"@type":"ReadAction","target":["https:\/\/valharty.ca\/fr\/vivre\/activites-de-plein-air\/"]}]},{"@type":"BreadcrumbList","@id":"https:\/\/valharty.ca\/fr\/vivre\/activites-de-plein-air\/#breadcrumb","itemListElement":[{"@type":"ListItem","position":1,"name":"Home","item":"https:\/\/valharty.ca\/fr\/"},{"@type":"ListItem","position":2,"name":"VIVRE","item":"https:\/\/valharty.ca\/fr\/living\/"},{"@type":"ListItem","position":3,"name":"ACTIVIT\u00c9S DE PLEIN AIR"}]},{"@type":"WebSite","@id":"https:\/\/valharty.ca\/fr\/#website","url":"https:\/\/valharty.ca\/fr\/","name":"VAL RITA-HARTY","description":"Ontario, Canada","publisher":{"@id":"https:\/\/valharty.ca\/fr\/#organization"},"potentialAction":[{"@type":"SearchAction","target":{"@type":"EntryPoint","urlTemplate":"https:\/\/valharty.ca\/fr\/?s={search_term_string}"},"query-input":{"@type":"PropertyValueSpecification","valueRequired":true,"valueName":"search_term_string"}}],"inLanguage":"fr-FR"},{"@type":"Organization","@id":"https:\/\/valharty.ca\/fr\/#organization","name":"Municipality of Val Rita-Harty","url":"https:\/\/valharty.ca\/fr\/","logo":{"@type":"ImageObject","inLanguage":"fr-FR","@id":"https:\/\/valharty.ca\/fr\/#\/schema\/logo\/image\/","url":"https:\/\/valharty.ca\/wp-content\/uploads\/2020\/02\/ValRita_Harty_Logo_Footer250x275.svg","contentUrl":"https:\/\/valharty.ca\/wp-content\/uploads\/2020\/02\/ValRita_Harty_Logo_Footer250x275.svg","width":200,"height":275,"caption":"Municipality of Val Rita-Harty"},"image":{"@id":"https:\/\/valharty.ca\/fr\/#\/schema\/logo\/image\/"},"sameAs":["https:\/\/www.facebook.com\/valharty.ca"]}]}},"_links":{"self":[{"href":"https:\/\/valharty.ca\/fr\/wp-json\/wp\/v2\/pages\/3473","targetHints":{"allow":["GET"]}}],"collection":[{"href":"https:\/\/valharty.ca\/fr\/wp-json\/wp\/v2\/pages"}],"about":[{"href":"https:\/\/valharty.ca\/fr\/wp-json\/wp\/v2\/types\/page"}],"author":[{"embeddable":true,"href":"https:\/\/valharty.ca\/fr\/wp-json\/wp\/v2\/users\/1"}],"replies":[{"embeddable":true,"href":"https:\/\/valharty.ca\/fr\/wp-json\/wp\/v2\/comments?post=3473"}],"version-history":[{"count":5,"href":"https:\/\/valharty.ca\/fr\/wp-json\/wp\/v2\/pages\/3473\/revisions"}],"predecessor-version":[{"id":4088,"href":"https:\/\/valharty.ca\/fr\/wp-json\/wp\/v2\/pages\/3473\/revisions\/4088"}],"up":[{"embeddable":true,"href":"https:\/\/valharty.ca\/fr\/wp-json\/wp\/v2\/pages\/3463"}],"wp:attachment":[{"href":"https:\/\/valharty.ca\/fr\/wp-json\/wp\/v2\/media?parent=3473"}],"curies":[{"name":"wp","href":"https:\/\/api.w.org\/{rel}","templated":true}]}}