{"id":3461,"date":"2020-06-02T09:05:51","date_gmt":"2020-06-02T13:05:51","guid":{"rendered":"https:\/\/valharty.ca\/contact\/"},"modified":"2026-04-13T21:43:13","modified_gmt":"2026-04-14T01:43:13","slug":"contact","status":"publish","type":"page","link":"https:\/\/valharty.ca\/fr\/contact\/","title":{"rendered":"CONTACT"},"content":{"rendered":"<p><div class=\"fusion-fullwidth fullwidth-box fusion-builder-row-1 nonhundred-percent-fullwidth non-hundred-percent-height-scrolling\" style=\"background-color: rgba(255,255,255,0);background-position: center center;background-repeat: no-repeat;padding-top:0px;padding-right:0px;padding-bottom:0px;padding-left:0px;margin-bottom: 0px;margin-top: 0px;border-width: 0px 0px 0px 0px;border-color:#e7e4e2;border-style:solid;\" ><div class=\"fusion-builder-row fusion-row\"><div class=\"fusion-layout-column fusion_builder_column fusion-builder-column-0 fusion_builder_column_1_1 1_1 fusion-one-full fusion-column-first fusion-column-last\" style=\"margin-top:10px;margin-bottom:10px;\"><div class=\"fusion-column-wrapper fusion-flex-column-wrapper-legacy\" style=\"background-position:left top;background-repeat:no-repeat;-webkit-background-size:cover;-moz-background-size:cover;-o-background-size:cover;background-size:cover;padding: 0px 0px 0px 0px;\"><div class=\"fusion-text fusion-text-1\"><h3>Employ\u00e9s municipaux<\/h3>\n<\/div>\n<div class=\"table-1\">\n<table width=\"100%\">\n<thead>\n<tr>\n<th align=\"left\">Nom<\/th>\n<th align=\"left\">Courriel<\/th>\n<\/tr>\n<\/thead>\n<tbody>\n<tr>\n<td align=\"left\"><strong>Directeur g\u00e9n\u00e9ral<br \/>\n<\/strong><\/td>\n<td align=\"left\"><a href=\"mailto:cao@valharty.ca\">Envoyer un courriel<\/a><\/td>\n<\/tr>\n<tr>\n<td align=\"left\"><strong>Greffi\u00e8re\/ Tr\u00e9sori\u00e8re<br \/>\n<\/strong><\/td>\n<td align=\"left\"><a href=\"mailto:leanne@e4m.solutions\">Envoyer un courriel<\/a><\/td>\n<\/tr>\n<tr>\n<td align=\"left\"><strong>Commis comptable<br \/>\n<\/strong>Lise B\u00e9rub\u00e9<\/td>\n<td align=\"left\"><a href=\"mailto:administration@valharty.ca\">Envoyer un courriel<\/a><\/td>\n<\/tr>\n<tr>\n<td align=\"left\"><strong>Contrema\u00eetre de chantier<br \/>\n<\/strong>Stefan Landry<\/td>\n<td align=\"left\"><a href=\"mailto:publicworks@valharty.ca\">Envoyer un courriel<\/a><\/td>\n<\/tr>\n<tr>\n<td align=\"left\"><strong>Agente de d\u00e9veloppement \u00e9conomique et communautaire<br \/>\n<\/strong><\/td>\n<td align=\"left\"><a href=\"mailto:edco@valharty.ca\">Envoyer un courriel<\/a><\/td>\n<\/tr>\n<tr>\n<td align=\"left\"><strong>Coordonnatrice des communications et des \u00e9v\u00e9nements<br \/>\n<\/strong>Vacant<\/td>\n<td align=\"left\"><a href=\"mailto:communication@valharty.ca\">Envoyer un courriel<\/a><\/td>\n<\/tr>\n<tr>\n<td align=\"left\"><strong>D\u00e9partement b\u00e2timent \/ Planification<br \/>\n<\/strong><\/td>\n<td align=\"left\"><a href=\"mailto:josh@e4m.solutions\">Envoyer un courriel<\/a><\/td>\n<\/tr>\n<tr>\n<td align=\"left\"><strong>Inspecteur des b\u00e2timents<\/strong><\/td>\n<td align=\"left\"><a href=\"mailto:\">Envoyer un courriel<\/a><\/td>\n<\/tr>\n<tr>\n<td align=\"left\"><strong>Agent charg\u00e9 de l&rsquo;application des r\u00e8glements<br \/>\n<\/strong><\/td>\n<td align=\"left\"><a href=\"mailto:\">Envoyer un courriel<\/a><\/td>\n<\/tr>\n<\/tbody>\n<\/table>\n<\/div>\n<div class=\"fusion-text fusion-text-2\"><h3>Maire et conseil municipal<\/h3>\n<\/div>\n<div class=\"table-1\">\n<table width=\"100%\">\n<thead>\n<tr>\n<th align=\"left\">Nom<\/th>\n<th align=\"left\">Courriel<\/th>\n<\/tr>\n<\/thead>\n<tbody>\n<tr>\n<td align=\"left\"><strong>Maire<br \/><\/strong>Johanne Baril<strong><br \/><\/strong><\/td>\n<td align=\"left\"><a href=\"mailto:mayor@valharty.ca\">Envoyer un courriel<\/a><\/td>\n<\/tr>\n<tr>\n<td align=\"left\"><strong>Conseill\u00e8re<br \/><\/strong>Ang\u00e8le Beauvais<\/td>\n<td align=\"left\"><a href=\"mailto:councillor.beauvais@valharty.ca\">Envoyer un courriel<\/a><\/td>\n<\/tr>\n<tr>\n<td align=\"left\"><strong>Conseill\u00e8re<br \/><\/strong><\/td>\n<td align=\"left\">Envoyer un courriel<\/td>\n<\/tr>\n<tr>\n<td align=\"left\"><strong>Conseiller<br \/><\/strong>Alain Tremblay<\/td>\n<td align=\"left\"><a href=\"mailto:councillor.tremblay@valharty.ca\">Envoyer un courriel<\/a><\/td>\n<\/tr>\n<tr>\n<td align=\"left\"><strong>Conseiller<br \/><\/strong>Roger Lachance<\/td>\n<td align=\"left\"><a href=\"mailto:councillor.lachance@valharty.ca\">Envoyer un courriel<\/a><\/td>\n<\/tr>\n<\/tbody>\n<\/table>\n<\/div>\n<div class=\"fusion-clearfix\"><\/div><\/div><\/div><\/div><\/div><div class=\"fusion-fullwidth fullwidth-box fusion-builder-row-2 nonhundred-percent-fullwidth non-hundred-percent-height-scrolling\" style=\"background-color: rgba(255,255,255,0);background-position: center center;background-repeat: no-repeat;padding-top:0px;padding-right:0px;padding-bottom:0px;padding-left:0px;margin-bottom: 0px;margin-top: 0px;border-width: 0px 0px 0px 0px;border-color:#e7e4e2;border-style:solid;\" ><div class=\"fusion-builder-row fusion-row\"><div class=\"fusion-layout-column fusion_builder_column fusion-builder-column-1 fusion_builder_column_1_1 1_1 fusion-one-full fusion-column-first fusion-column-last\" style=\"margin-top:10px;margin-bottom:10px;\"><div class=\"fusion-column-wrapper fusion-flex-column-wrapper-legacy\" style=\"background-position:left top;background-repeat:no-repeat;-webkit-background-size:cover;-moz-background-size:cover;-o-background-size:cover;background-size:cover;padding: 0px 0px 0px 0px;\"><div class=\"fusion-text fusion-text-3\"><p><strong>Bureau municipal<\/strong><br \/>106 chemin du Gouvernement<br \/>C.P. 100<br \/>Val Rita-Harty, Ontario P0L 2G0<br \/>T\u00e9l\u00e9phone: 705-335-6146<br \/>Fax: 705-337-6292<br \/><a href=\"mailto:services@valharty.ca\">Courriel<\/a><\/p>\n<\/div><div class=\"fusion-clearfix\"><\/div><\/div><\/div><\/div><\/div><\/p>\n","protected":false},"excerpt":{"rendered":"","protected":false},"author":1,"featured_media":0,"parent":0,"menu_order":0,"comment_status":"closed","ping_status":"closed","template":"page-inner.php","meta":{"inline_featured_image":false,"footnotes":""},"class_list":["post-3461","page","type-page","status-publish","hentry"],"acf":[],"yoast_head":"<!-- This site is optimized with the Yoast SEO plugin v27.3 - https:\/\/yoast.com\/product\/yoast-seo-wordpress\/ -->\n<title>CONTACT | VAL RITA-HARTY<\/title>\n<meta name=\"description\" content=\"Consultez la liste compl\u00e8te des contacts de la municipalit\u00e9 de Val Rita-Harty. Contactez-nous d\u00e8s aujourd&#039;hui au 705-335-6146. 2 avenue de l&#039;\u00c9glise C.P. 100, Val Rita Ontario, P0L 2G0\" \/>\n<meta name=\"robots\" content=\"index, follow, max-snippet:-1, max-image-preview:large, max-video-preview:-1\" \/>\n<link rel=\"canonical\" href=\"https:\/\/valharty.ca\/fr\/contact\/\" \/>\n<meta property=\"og:locale\" content=\"fr_FR\" \/>\n<meta property=\"og:type\" content=\"article\" \/>\n<meta property=\"og:title\" content=\"CONTACT | VAL RITA-HARTY\" \/>\n<meta property=\"og:description\" content=\"Consultez la liste compl\u00e8te des contacts de la municipalit\u00e9 de Val Rita-Harty. Contactez-nous d\u00e8s aujourd&#039;hui au 705-335-6146. 2 avenue de l&#039;\u00c9glise C.P. 100, Val Rita Ontario, P0L 2G0\" \/>\n<meta property=\"og:url\" content=\"https:\/\/valharty.ca\/fr\/contact\/\" \/>\n<meta property=\"og:site_name\" content=\"VAL RITA-HARTY\" \/>\n<meta property=\"article:publisher\" content=\"https:\/\/www.facebook.com\/valharty.ca\" \/>\n<meta property=\"article:modified_time\" content=\"2026-04-14T01:43:13+00:00\" \/>\n<meta property=\"og:image\" content=\"https:\/\/valharty.ca\/wp-content\/uploads\/2020\/06\/Header_Aerial-1.jpg\" \/>\n\t<meta property=\"og:image:width\" content=\"1920\" \/>\n\t<meta property=\"og:image:height\" content=\"600\" \/>\n\t<meta property=\"og:image:type\" content=\"image\/jpeg\" \/>\n<meta name=\"twitter:card\" content=\"summary_large_image\" \/>\n<meta name=\"twitter:label1\" content=\"Dur\u00e9e de lecture estim\u00e9e\" \/>\n\t<meta name=\"twitter:data1\" content=\"2 minutes\" \/>\n<script type=\"application\/ld+json\" class=\"yoast-schema-graph\">{\"@context\":\"https:\\\/\\\/schema.org\",\"@graph\":[{\"@type\":\"WebPage\",\"@id\":\"https:\\\/\\\/valharty.ca\\\/fr\\\/contact\\\/\",\"url\":\"https:\\\/\\\/valharty.ca\\\/fr\\\/contact\\\/\",\"name\":\"CONTACT | VAL RITA-HARTY\",\"isPartOf\":{\"@id\":\"https:\\\/\\\/valharty.ca\\\/fr\\\/#website\"},\"datePublished\":\"2020-06-02T13:05:51+00:00\",\"dateModified\":\"2026-04-14T01:43:13+00:00\",\"description\":\"Consultez la liste compl\u00e8te des contacts de la municipalit\u00e9 de Val Rita-Harty. Contactez-nous d\u00e8s aujourd'hui au 705-335-6146. 2 avenue de l'\u00c9glise C.P. 100, Val Rita Ontario, P0L 2G0\",\"breadcrumb\":{\"@id\":\"https:\\\/\\\/valharty.ca\\\/fr\\\/contact\\\/#breadcrumb\"},\"inLanguage\":\"fr-FR\",\"potentialAction\":[{\"@type\":\"ReadAction\",\"target\":[\"https:\\\/\\\/valharty.ca\\\/fr\\\/contact\\\/\"]}]},{\"@type\":\"BreadcrumbList\",\"@id\":\"https:\\\/\\\/valharty.ca\\\/fr\\\/contact\\\/#breadcrumb\",\"itemListElement\":[{\"@type\":\"ListItem\",\"position\":1,\"name\":\"Home\",\"item\":\"https:\\\/\\\/valharty.ca\\\/fr\\\/\"},{\"@type\":\"ListItem\",\"position\":2,\"name\":\"CONTACT\"}]},{\"@type\":\"WebSite\",\"@id\":\"https:\\\/\\\/valharty.ca\\\/fr\\\/#website\",\"url\":\"https:\\\/\\\/valharty.ca\\\/fr\\\/\",\"name\":\"VAL RITA-HARTY\",\"description\":\"Ontario, Canada\",\"publisher\":{\"@id\":\"https:\\\/\\\/valharty.ca\\\/fr\\\/#organization\"},\"potentialAction\":[{\"@type\":\"SearchAction\",\"target\":{\"@type\":\"EntryPoint\",\"urlTemplate\":\"https:\\\/\\\/valharty.ca\\\/fr\\\/?s={search_term_string}\"},\"query-input\":{\"@type\":\"PropertyValueSpecification\",\"valueRequired\":true,\"valueName\":\"search_term_string\"}}],\"inLanguage\":\"fr-FR\"},{\"@type\":\"Organization\",\"@id\":\"https:\\\/\\\/valharty.ca\\\/fr\\\/#organization\",\"name\":\"Municipality of Val Rita-Harty\",\"url\":\"https:\\\/\\\/valharty.ca\\\/fr\\\/\",\"logo\":{\"@type\":\"ImageObject\",\"inLanguage\":\"fr-FR\",\"@id\":\"https:\\\/\\\/valharty.ca\\\/fr\\\/#\\\/schema\\\/logo\\\/image\\\/\",\"url\":\"https:\\\/\\\/valharty.ca\\\/wp-content\\\/uploads\\\/2020\\\/02\\\/ValRita_Harty_Logo_Footer250x275.svg\",\"contentUrl\":\"https:\\\/\\\/valharty.ca\\\/wp-content\\\/uploads\\\/2020\\\/02\\\/ValRita_Harty_Logo_Footer250x275.svg\",\"width\":200,\"height\":275,\"caption\":\"Municipality of Val Rita-Harty\"},\"image\":{\"@id\":\"https:\\\/\\\/valharty.ca\\\/fr\\\/#\\\/schema\\\/logo\\\/image\\\/\"},\"sameAs\":[\"https:\\\/\\\/www.facebook.com\\\/valharty.ca\"]}]}<\/script>\n<!-- \/ Yoast SEO plugin. -->","yoast_head_json":{"title":"CONTACT | VAL RITA-HARTY","description":"Consultez la liste compl\u00e8te des contacts de la municipalit\u00e9 de Val Rita-Harty. Contactez-nous d\u00e8s aujourd'hui au 705-335-6146. 2 avenue de l'\u00c9glise C.P. 100, Val Rita Ontario, P0L 2G0","robots":{"index":"index","follow":"follow","max-snippet":"max-snippet:-1","max-image-preview":"max-image-preview:large","max-video-preview":"max-video-preview:-1"},"canonical":"https:\/\/valharty.ca\/fr\/contact\/","og_locale":"fr_FR","og_type":"article","og_title":"CONTACT | VAL RITA-HARTY","og_description":"Consultez la liste compl\u00e8te des contacts de la municipalit\u00e9 de Val Rita-Harty. Contactez-nous d\u00e8s aujourd'hui au 705-335-6146. 2 avenue de l'\u00c9glise C.P. 100, Val Rita Ontario, P0L 2G0","og_url":"https:\/\/valharty.ca\/fr\/contact\/","og_site_name":"VAL RITA-HARTY","article_publisher":"https:\/\/www.facebook.com\/valharty.ca","article_modified_time":"2026-04-14T01:43:13+00:00","og_image":[{"width":1920,"height":600,"url":"https:\/\/valharty.ca\/wp-content\/uploads\/2020\/06\/Header_Aerial-1.jpg","type":"image\/jpeg"}],"twitter_card":"summary_large_image","twitter_misc":{"Dur\u00e9e de lecture estim\u00e9e":"2 minutes"},"schema":{"@context":"https:\/\/schema.org","@graph":[{"@type":"WebPage","@id":"https:\/\/valharty.ca\/fr\/contact\/","url":"https:\/\/valharty.ca\/fr\/contact\/","name":"CONTACT | VAL RITA-HARTY","isPartOf":{"@id":"https:\/\/valharty.ca\/fr\/#website"},"datePublished":"2020-06-02T13:05:51+00:00","dateModified":"2026-04-14T01:43:13+00:00","description":"Consultez la liste compl\u00e8te des contacts de la municipalit\u00e9 de Val Rita-Harty. Contactez-nous d\u00e8s aujourd'hui au 705-335-6146. 2 avenue de l'\u00c9glise C.P. 100, Val Rita Ontario, P0L 2G0","breadcrumb":{"@id":"https:\/\/valharty.ca\/fr\/contact\/#breadcrumb"},"inLanguage":"fr-FR","potentialAction":[{"@type":"ReadAction","target":["https:\/\/valharty.ca\/fr\/contact\/"]}]},{"@type":"BreadcrumbList","@id":"https:\/\/valharty.ca\/fr\/contact\/#breadcrumb","itemListElement":[{"@type":"ListItem","position":1,"name":"Home","item":"https:\/\/valharty.ca\/fr\/"},{"@type":"ListItem","position":2,"name":"CONTACT"}]},{"@type":"WebSite","@id":"https:\/\/valharty.ca\/fr\/#website","url":"https:\/\/valharty.ca\/fr\/","name":"VAL RITA-HARTY","description":"Ontario, Canada","publisher":{"@id":"https:\/\/valharty.ca\/fr\/#organization"},"potentialAction":[{"@type":"SearchAction","target":{"@type":"EntryPoint","urlTemplate":"https:\/\/valharty.ca\/fr\/?s={search_term_string}"},"query-input":{"@type":"PropertyValueSpecification","valueRequired":true,"valueName":"search_term_string"}}],"inLanguage":"fr-FR"},{"@type":"Organization","@id":"https:\/\/valharty.ca\/fr\/#organization","name":"Municipality of Val Rita-Harty","url":"https:\/\/valharty.ca\/fr\/","logo":{"@type":"ImageObject","inLanguage":"fr-FR","@id":"https:\/\/valharty.ca\/fr\/#\/schema\/logo\/image\/","url":"https:\/\/valharty.ca\/wp-content\/uploads\/2020\/02\/ValRita_Harty_Logo_Footer250x275.svg","contentUrl":"https:\/\/valharty.ca\/wp-content\/uploads\/2020\/02\/ValRita_Harty_Logo_Footer250x275.svg","width":200,"height":275,"caption":"Municipality of Val Rita-Harty"},"image":{"@id":"https:\/\/valharty.ca\/fr\/#\/schema\/logo\/image\/"},"sameAs":["https:\/\/www.facebook.com\/valharty.ca"]}]}},"_links":{"self":[{"href":"https:\/\/valharty.ca\/fr\/wp-json\/wp\/v2\/pages\/3461","targetHints":{"allow":["GET"]}}],"collection":[{"href":"https:\/\/valharty.ca\/fr\/wp-json\/wp\/v2\/pages"}],"about":[{"href":"https:\/\/valharty.ca\/fr\/wp-json\/wp\/v2\/types\/page"}],"author":[{"embeddable":true,"href":"https:\/\/valharty.ca\/fr\/wp-json\/wp\/v2\/users\/1"}],"replies":[{"embeddable":true,"href":"https:\/\/valharty.ca\/fr\/wp-json\/wp\/v2\/comments?post=3461"}],"version-history":[{"count":35,"href":"https:\/\/valharty.ca\/fr\/wp-json\/wp\/v2\/pages\/3461\/revisions"}],"predecessor-version":[{"id":6937,"href":"https:\/\/valharty.ca\/fr\/wp-json\/wp\/v2\/pages\/3461\/revisions\/6937"}],"wp:attachment":[{"href":"https:\/\/valharty.ca\/fr\/wp-json\/wp\/v2\/media?parent=3461"}],"curies":[{"name":"wp","href":"https:\/\/api.w.org\/{rel}","templated":true}]}}