{"id":3458,"date":"2020-06-02T08:51:27","date_gmt":"2020-06-02T12:51:27","guid":{"rendered":"https:\/\/valharty.ca\/affaires\/rapports-et-etudes\/"},"modified":"2024-12-09T12:10:52","modified_gmt":"2024-12-09T17:10:52","slug":"rapports-et-etudes","status":"publish","type":"page","link":"https:\/\/valharty.ca\/fr\/affaires\/rapports-et-etudes\/","title":{"rendered":"RAPPORTS ET \u00c9TUDES"},"content":{"rendered":"<div class=\"fusion-fullwidth fullwidth-box fusion-builder-row-1 nonhundred-percent-fullwidth non-hundred-percent-height-scrolling\" style=\"background-color: rgba(255,255,255,0);background-position: center center;background-repeat: no-repeat;padding-top:0px;padding-right:0px;padding-bottom:0px;padding-left:0px;margin-bottom: 0px;margin-top: 0px;border-width: 0px 0px 0px 0px;border-color:#e7e4e2;border-style:solid;\" ><div class=\"fusion-builder-row fusion-row\"><div class=\"fusion-layout-column fusion_builder_column fusion-builder-column-0 fusion_builder_column_5_6 5_6 fusion-five-sixth fusion-column-first\" style=\"width:83.333333333333%;width:calc(83.333333333333% - ( ( 4% ) * 0.83333333333333 ) );margin-right: 4%;margin-top:10px;margin-bottom:10px;\"><div class=\"fusion-column-wrapper fusion-flex-column-wrapper-legacy\" style=\"background-position:left top;background-repeat:no-repeat;-webkit-background-size:cover;-moz-background-size:cover;-o-background-size:cover;background-size:cover;padding: 0px 0px 0px 0px;\"><div class=\"fusion-column-content-centered\"><div class=\"fusion-column-content\"><div class=\"fusion-text fusion-text-1\"><p>Vous trouverez ci-dessous une liste de rapports et d&rsquo;\u00e9tudes r\u00e9alis\u00e9s par la municipalit\u00e9 de Val Rita-Harty;<\/p>\n<ul>\n<li><a href=\"https:\/\/valharty.ca\/wp-content\/uploads\/2022\/01\/VRH-Report.pdf\">Prestation de services compl\u00e8te et r\u00e9vision organisationnelle<\/a><\/li>\n<li>Plan d&rsquo;am\u00e9lioration et incitatifs<\/li>\n<li><a href=\"https:\/\/valharty.ca\/wp-content\/uploads\/2020\/03\/Coop_Market_Study.pdf\">\u00c9tude de march\u00e9 sur une \u00e9picerie coop\u00e9rative<\/a><\/li>\n<li><a href=\"https:\/\/valharty.ca\/wp-content\/uploads\/2020\/03\/Micro_Brewery_Value_Proposition.pdf\">Proposition de valeur des microbrasseries<\/a><\/li>\n<li>Pr\u00e9paration \u00e0 l&rsquo;investissement agricole<\/li>\n<li>Strat\u00e9gie de d\u00e9veloppement de la main-d&rsquo;\u0153uvre agricole<\/li>\n<li>Strat\u00e9gie de pr\u00e9paration \u00e0 l&rsquo;investissement dans le domaine du travail<\/li>\n<\/ul>\n<p>Vous trouverez ci-dessous les rapports annuels de conformit\u00e9 et les sommaires de l&rsquo;Agence Ontarienne Des Eaux:<\/p>\n<p><a href=\"https:\/\/valharty.ca\/wp-content\/uploads\/2021\/03\/Val-Rita-WSS-Annual-Report-2020.pdf\">Val Rita WSS Annual Report 2020<\/a><\/p>\n<p>Vous trouverez ci-dessous un plan de s\u00e9curit\u00e9 et de bien-\u00eatre r\u00e9alis\u00e9 par le CRRIDEC en d\u00e9cembre 2020:<\/p>\n<p><a href=\"https:\/\/valharty.ca\/wp-content\/uploads\/2021\/05\/FR-Plan-de-securite-et-de-bien-etre-communautaire.pdf\">Plan de s\u00e9curit\u00e9 et de bien-\u00eatre communautaire<\/a><\/p>\n<p>Vous trouverez ci-dessous le plan d&rsquo;urgence pour Val Rita-Harty :<\/p>\n<p><a href=\"https:\/\/valharty.ca\/wp-content\/uploads\/2022\/07\/Emergency-response-plan-part-1-to-7.pdf\">Plan d&rsquo;urgence 2021<\/a><\/p>\n<\/div><\/div><\/div><div class=\"fusion-clearfix\"><\/div><\/div><\/div><\/div><\/div>\n","protected":false},"excerpt":{"rendered":"","protected":false},"author":1,"featured_media":0,"parent":3444,"menu_order":0,"comment_status":"closed","ping_status":"closed","template":"page-inner.php","meta":{"inline_featured_image":false,"footnotes":""},"class_list":["post-3458","page","type-page","status-publish","hentry"],"acf":[],"yoast_head":"<!-- This site is optimized with the Yoast SEO plugin v27.3 - https:\/\/yoast.com\/product\/yoast-seo-wordpress\/ -->\n<title>RAPPORTS ET \u00c9TUDES | VAL RITA-HARTY<\/title>\n<meta name=\"description\" content=\"Vous trouverez une liste de rapports et d\u2019\u00e9tudes r\u00e9alis\u00e9s par la municipalit\u00e9 de Val Rita-Harty. Ces documents peuvent \u00eatre utiles pour soutenir votre projet.\" \/>\n<meta name=\"robots\" content=\"index, follow, max-snippet:-1, max-image-preview:large, max-video-preview:-1\" \/>\n<link rel=\"canonical\" href=\"https:\/\/valharty.ca\/fr\/affaires\/rapports-et-etudes\/\" \/>\n<meta property=\"og:locale\" content=\"fr_FR\" \/>\n<meta property=\"og:type\" content=\"article\" \/>\n<meta property=\"og:title\" content=\"RAPPORTS ET \u00c9TUDES | VAL RITA-HARTY\" \/>\n<meta property=\"og:description\" content=\"Vous trouverez une liste de rapports et d\u2019\u00e9tudes r\u00e9alis\u00e9s par la municipalit\u00e9 de Val Rita-Harty. Ces documents peuvent \u00eatre utiles pour soutenir votre projet.\" \/>\n<meta property=\"og:url\" content=\"https:\/\/valharty.ca\/fr\/affaires\/rapports-et-etudes\/\" \/>\n<meta property=\"og:site_name\" content=\"VAL RITA-HARTY\" \/>\n<meta property=\"article:publisher\" content=\"https:\/\/www.facebook.com\/valharty.ca\" \/>\n<meta property=\"article:modified_time\" content=\"2024-12-09T17:10:52+00:00\" \/>\n<meta property=\"og:image\" content=\"https:\/\/valharty.ca\/wp-content\/uploads\/2020\/06\/Header_Aerial-1.jpg\" \/>\n\t<meta property=\"og:image:width\" content=\"1920\" \/>\n\t<meta property=\"og:image:height\" content=\"600\" \/>\n\t<meta property=\"og:image:type\" content=\"image\/jpeg\" \/>\n<meta name=\"twitter:card\" content=\"summary_large_image\" \/>\n<meta name=\"twitter:label1\" content=\"Dur\u00e9e de lecture estim\u00e9e\" \/>\n\t<meta name=\"twitter:data1\" content=\"2 minutes\" \/>\n<script type=\"application\/ld+json\" class=\"yoast-schema-graph\">{\"@context\":\"https:\\\/\\\/schema.org\",\"@graph\":[{\"@type\":\"WebPage\",\"@id\":\"https:\\\/\\\/valharty.ca\\\/fr\\\/affaires\\\/rapports-et-etudes\\\/\",\"url\":\"https:\\\/\\\/valharty.ca\\\/fr\\\/affaires\\\/rapports-et-etudes\\\/\",\"name\":\"RAPPORTS ET \u00c9TUDES | VAL RITA-HARTY\",\"isPartOf\":{\"@id\":\"https:\\\/\\\/valharty.ca\\\/fr\\\/#website\"},\"datePublished\":\"2020-06-02T12:51:27+00:00\",\"dateModified\":\"2024-12-09T17:10:52+00:00\",\"description\":\"Vous trouverez une liste de rapports et d\u2019\u00e9tudes r\u00e9alis\u00e9s par la municipalit\u00e9 de Val Rita-Harty. Ces documents peuvent \u00eatre utiles pour soutenir votre projet.\",\"breadcrumb\":{\"@id\":\"https:\\\/\\\/valharty.ca\\\/fr\\\/affaires\\\/rapports-et-etudes\\\/#breadcrumb\"},\"inLanguage\":\"fr-FR\",\"potentialAction\":[{\"@type\":\"ReadAction\",\"target\":[\"https:\\\/\\\/valharty.ca\\\/fr\\\/affaires\\\/rapports-et-etudes\\\/\"]}]},{\"@type\":\"BreadcrumbList\",\"@id\":\"https:\\\/\\\/valharty.ca\\\/fr\\\/affaires\\\/rapports-et-etudes\\\/#breadcrumb\",\"itemListElement\":[{\"@type\":\"ListItem\",\"position\":1,\"name\":\"Home\",\"item\":\"https:\\\/\\\/valharty.ca\\\/fr\\\/\"},{\"@type\":\"ListItem\",\"position\":2,\"name\":\"AFFAIRES\",\"item\":\"https:\\\/\\\/valharty.ca\\\/fr\\\/affaires\\\/\"},{\"@type\":\"ListItem\",\"position\":3,\"name\":\"RAPPORTS ET \u00c9TUDES\"}]},{\"@type\":\"WebSite\",\"@id\":\"https:\\\/\\\/valharty.ca\\\/fr\\\/#website\",\"url\":\"https:\\\/\\\/valharty.ca\\\/fr\\\/\",\"name\":\"VAL RITA-HARTY\",\"description\":\"Ontario, Canada\",\"publisher\":{\"@id\":\"https:\\\/\\\/valharty.ca\\\/fr\\\/#organization\"},\"potentialAction\":[{\"@type\":\"SearchAction\",\"target\":{\"@type\":\"EntryPoint\",\"urlTemplate\":\"https:\\\/\\\/valharty.ca\\\/fr\\\/?s={search_term_string}\"},\"query-input\":{\"@type\":\"PropertyValueSpecification\",\"valueRequired\":true,\"valueName\":\"search_term_string\"}}],\"inLanguage\":\"fr-FR\"},{\"@type\":\"Organization\",\"@id\":\"https:\\\/\\\/valharty.ca\\\/fr\\\/#organization\",\"name\":\"Municipality of Val Rita-Harty\",\"url\":\"https:\\\/\\\/valharty.ca\\\/fr\\\/\",\"logo\":{\"@type\":\"ImageObject\",\"inLanguage\":\"fr-FR\",\"@id\":\"https:\\\/\\\/valharty.ca\\\/fr\\\/#\\\/schema\\\/logo\\\/image\\\/\",\"url\":\"https:\\\/\\\/valharty.ca\\\/wp-content\\\/uploads\\\/2020\\\/02\\\/ValRita_Harty_Logo_Footer250x275.svg\",\"contentUrl\":\"https:\\\/\\\/valharty.ca\\\/wp-content\\\/uploads\\\/2020\\\/02\\\/ValRita_Harty_Logo_Footer250x275.svg\",\"width\":200,\"height\":275,\"caption\":\"Municipality of Val Rita-Harty\"},\"image\":{\"@id\":\"https:\\\/\\\/valharty.ca\\\/fr\\\/#\\\/schema\\\/logo\\\/image\\\/\"},\"sameAs\":[\"https:\\\/\\\/www.facebook.com\\\/valharty.ca\"]}]}<\/script>\n<!-- \/ Yoast SEO plugin. -->","yoast_head_json":{"title":"RAPPORTS ET \u00c9TUDES | VAL RITA-HARTY","description":"Vous trouverez une liste de rapports et d\u2019\u00e9tudes r\u00e9alis\u00e9s par la municipalit\u00e9 de Val Rita-Harty. Ces documents peuvent \u00eatre utiles pour soutenir votre projet.","robots":{"index":"index","follow":"follow","max-snippet":"max-snippet:-1","max-image-preview":"max-image-preview:large","max-video-preview":"max-video-preview:-1"},"canonical":"https:\/\/valharty.ca\/fr\/affaires\/rapports-et-etudes\/","og_locale":"fr_FR","og_type":"article","og_title":"RAPPORTS ET \u00c9TUDES | VAL RITA-HARTY","og_description":"Vous trouverez une liste de rapports et d\u2019\u00e9tudes r\u00e9alis\u00e9s par la municipalit\u00e9 de Val Rita-Harty. Ces documents peuvent \u00eatre utiles pour soutenir votre projet.","og_url":"https:\/\/valharty.ca\/fr\/affaires\/rapports-et-etudes\/","og_site_name":"VAL RITA-HARTY","article_publisher":"https:\/\/www.facebook.com\/valharty.ca","article_modified_time":"2024-12-09T17:10:52+00:00","og_image":[{"width":1920,"height":600,"url":"https:\/\/valharty.ca\/wp-content\/uploads\/2020\/06\/Header_Aerial-1.jpg","type":"image\/jpeg"}],"twitter_card":"summary_large_image","twitter_misc":{"Dur\u00e9e de lecture estim\u00e9e":"2 minutes"},"schema":{"@context":"https:\/\/schema.org","@graph":[{"@type":"WebPage","@id":"https:\/\/valharty.ca\/fr\/affaires\/rapports-et-etudes\/","url":"https:\/\/valharty.ca\/fr\/affaires\/rapports-et-etudes\/","name":"RAPPORTS ET \u00c9TUDES | VAL RITA-HARTY","isPartOf":{"@id":"https:\/\/valharty.ca\/fr\/#website"},"datePublished":"2020-06-02T12:51:27+00:00","dateModified":"2024-12-09T17:10:52+00:00","description":"Vous trouverez une liste de rapports et d\u2019\u00e9tudes r\u00e9alis\u00e9s par la municipalit\u00e9 de Val Rita-Harty. Ces documents peuvent \u00eatre utiles pour soutenir votre projet.","breadcrumb":{"@id":"https:\/\/valharty.ca\/fr\/affaires\/rapports-et-etudes\/#breadcrumb"},"inLanguage":"fr-FR","potentialAction":[{"@type":"ReadAction","target":["https:\/\/valharty.ca\/fr\/affaires\/rapports-et-etudes\/"]}]},{"@type":"BreadcrumbList","@id":"https:\/\/valharty.ca\/fr\/affaires\/rapports-et-etudes\/#breadcrumb","itemListElement":[{"@type":"ListItem","position":1,"name":"Home","item":"https:\/\/valharty.ca\/fr\/"},{"@type":"ListItem","position":2,"name":"AFFAIRES","item":"https:\/\/valharty.ca\/fr\/affaires\/"},{"@type":"ListItem","position":3,"name":"RAPPORTS ET \u00c9TUDES"}]},{"@type":"WebSite","@id":"https:\/\/valharty.ca\/fr\/#website","url":"https:\/\/valharty.ca\/fr\/","name":"VAL RITA-HARTY","description":"Ontario, Canada","publisher":{"@id":"https:\/\/valharty.ca\/fr\/#organization"},"potentialAction":[{"@type":"SearchAction","target":{"@type":"EntryPoint","urlTemplate":"https:\/\/valharty.ca\/fr\/?s={search_term_string}"},"query-input":{"@type":"PropertyValueSpecification","valueRequired":true,"valueName":"search_term_string"}}],"inLanguage":"fr-FR"},{"@type":"Organization","@id":"https:\/\/valharty.ca\/fr\/#organization","name":"Municipality of Val Rita-Harty","url":"https:\/\/valharty.ca\/fr\/","logo":{"@type":"ImageObject","inLanguage":"fr-FR","@id":"https:\/\/valharty.ca\/fr\/#\/schema\/logo\/image\/","url":"https:\/\/valharty.ca\/wp-content\/uploads\/2020\/02\/ValRita_Harty_Logo_Footer250x275.svg","contentUrl":"https:\/\/valharty.ca\/wp-content\/uploads\/2020\/02\/ValRita_Harty_Logo_Footer250x275.svg","width":200,"height":275,"caption":"Municipality of Val Rita-Harty"},"image":{"@id":"https:\/\/valharty.ca\/fr\/#\/schema\/logo\/image\/"},"sameAs":["https:\/\/www.facebook.com\/valharty.ca"]}]}},"_links":{"self":[{"href":"https:\/\/valharty.ca\/fr\/wp-json\/wp\/v2\/pages\/3458","targetHints":{"allow":["GET"]}}],"collection":[{"href":"https:\/\/valharty.ca\/fr\/wp-json\/wp\/v2\/pages"}],"about":[{"href":"https:\/\/valharty.ca\/fr\/wp-json\/wp\/v2\/types\/page"}],"author":[{"embeddable":true,"href":"https:\/\/valharty.ca\/fr\/wp-json\/wp\/v2\/users\/1"}],"replies":[{"embeddable":true,"href":"https:\/\/valharty.ca\/fr\/wp-json\/wp\/v2\/comments?post=3458"}],"version-history":[{"count":10,"href":"https:\/\/valharty.ca\/fr\/wp-json\/wp\/v2\/pages\/3458\/revisions"}],"predecessor-version":[{"id":6486,"href":"https:\/\/valharty.ca\/fr\/wp-json\/wp\/v2\/pages\/3458\/revisions\/6486"}],"up":[{"embeddable":true,"href":"https:\/\/valharty.ca\/fr\/wp-json\/wp\/v2\/pages\/3444"}],"wp:attachment":[{"href":"https:\/\/valharty.ca\/fr\/wp-json\/wp\/v2\/media?parent=3458"}],"curies":[{"name":"wp","href":"https:\/\/api.w.org\/{rel}","templated":true}]}}