{"id":3449,"date":"2020-06-02T08:39:24","date_gmt":"2020-06-02T12:39:24","guid":{"rendered":"https:\/\/valharty.ca\/affaires\/profil-communautaire\/"},"modified":"2020-07-05T19:51:22","modified_gmt":"2020-07-05T23:51:22","slug":"profil-communautaire","status":"publish","type":"page","link":"https:\/\/valharty.ca\/fr\/affaires\/profil-communautaire\/","title":{"rendered":"PROFIL COMMUNAUTAIRE"},"content":{"rendered":"<div class=\"fusion-fullwidth fullwidth-box fusion-builder-row-1 nonhundred-percent-fullwidth non-hundred-percent-height-scrolling\" style=\"background-color: rgba(255,255,255,0);background-position: center center;background-repeat: no-repeat;padding-top:0px;padding-right:0px;padding-bottom:0px;padding-left:0px;margin-bottom: 0px;margin-top: 0px;border-width: 0px 0px 0px 0px;border-color:#e7e4e2;border-style:solid;\" ><div class=\"fusion-builder-row fusion-row\"><div class=\"fusion-layout-column fusion_builder_column fusion-builder-column-0 fusion_builder_column_5_6 5_6 fusion-five-sixth fusion-column-first\" style=\"width:83.333333333333%;width:calc(83.333333333333% - ( ( 4% ) * 0.83333333333333 ) );margin-right: 4%;margin-top:10px;margin-bottom:10px;\"><div class=\"fusion-column-wrapper fusion-flex-column-wrapper-legacy\" style=\"background-position:left top;background-repeat:no-repeat;-webkit-background-size:cover;-moz-background-size:cover;-o-background-size:cover;background-size:cover;padding: 0px 0px 0px 0px;\"><div class=\"fusion-column-content-centered\"><div class=\"fusion-column-content\"><div id=\"townfolio-embed\" data-tf-id=\" eyJpdiI6IjhCUkVqYWhCWlU4a0p3RUUzUCt0NlE9PSIsInZhbHVlIjoiRnhqS3dXVzAwOXo5b3JtM2tvRW1JVWI3SzhpRXBVWitjMWIwb2xWbW1LcDBFdUFJc1lIWDJvbFRsSkhuOHl0ViIsIm1hYyI6IjA3OWM5ZmNmMGNkY2YyMzQ3ZWY4NjE3ZjFkYzdjNzcxM2JkYTNkZDRlM2Y0YjlmMzA3NGQyYTllYjFmYmQ1N2EifQ==\"><\/div>\r\n<script src=\"https:\/\/api.townfolio.co\/js\/embed.js\" async><\/script><\/div><\/div><div class=\"fusion-clearfix\"><\/div><\/div><\/div><\/div><\/div>\n","protected":false},"excerpt":{"rendered":"","protected":false},"author":1,"featured_media":0,"parent":3444,"menu_order":0,"comment_status":"closed","ping_status":"closed","template":"page-inner.php","meta":{"inline_featured_image":false,"footnotes":""},"class_list":["post-3449","page","type-page","status-publish","hentry"],"acf":[],"yoast_head":"<!-- This site is optimized with the Yoast SEO plugin v27.3 - https:\/\/yoast.com\/product\/yoast-seo-wordpress\/ -->\n<title>PROFIL COMMUNAUTAIRE | VAL RITA-HARTY<\/title>\n<meta name=\"description\" content=\"Informez-vous sur notre communaut\u00e9, notre main-d\u2019\u0153uvre, notre d\u00e9mographie, notre profil de march\u00e9 et nos activit\u00e9s de d\u00e9veloppement.\" \/>\n<meta name=\"robots\" content=\"index, follow, max-snippet:-1, max-image-preview:large, max-video-preview:-1\" \/>\n<link rel=\"canonical\" href=\"https:\/\/valharty.ca\/fr\/affaires\/profil-communautaire\/\" \/>\n<meta property=\"og:locale\" content=\"fr_FR\" \/>\n<meta property=\"og:type\" content=\"article\" \/>\n<meta property=\"og:title\" content=\"PROFIL COMMUNAUTAIRE | VAL RITA-HARTY\" \/>\n<meta property=\"og:description\" content=\"Informez-vous sur notre communaut\u00e9, notre main-d\u2019\u0153uvre, notre d\u00e9mographie, notre profil de march\u00e9 et nos activit\u00e9s de d\u00e9veloppement.\" \/>\n<meta property=\"og:url\" content=\"https:\/\/valharty.ca\/fr\/affaires\/profil-communautaire\/\" \/>\n<meta property=\"og:site_name\" content=\"VAL RITA-HARTY\" \/>\n<meta property=\"article:publisher\" content=\"https:\/\/www.facebook.com\/valharty.ca\" \/>\n<meta property=\"article:modified_time\" content=\"2020-07-05T23:51:22+00:00\" \/>\n<meta property=\"og:image\" content=\"https:\/\/valharty.ca\/wp-content\/uploads\/2020\/06\/Header_Aerial-1.jpg\" \/>\n\t<meta property=\"og:image:width\" content=\"1920\" \/>\n\t<meta property=\"og:image:height\" content=\"600\" \/>\n\t<meta property=\"og:image:type\" content=\"image\/jpeg\" \/>\n<meta name=\"twitter:card\" content=\"summary_large_image\" \/>\n<meta name=\"twitter:label1\" content=\"Dur\u00e9e de lecture estim\u00e9e\" \/>\n\t<meta name=\"twitter:data1\" content=\"2 minutes\" \/>\n<script type=\"application\/ld+json\" class=\"yoast-schema-graph\">{\"@context\":\"https:\\\/\\\/schema.org\",\"@graph\":[{\"@type\":\"WebPage\",\"@id\":\"https:\\\/\\\/valharty.ca\\\/fr\\\/affaires\\\/profil-communautaire\\\/\",\"url\":\"https:\\\/\\\/valharty.ca\\\/fr\\\/affaires\\\/profil-communautaire\\\/\",\"name\":\"PROFIL COMMUNAUTAIRE | VAL RITA-HARTY\",\"isPartOf\":{\"@id\":\"https:\\\/\\\/valharty.ca\\\/fr\\\/#website\"},\"datePublished\":\"2020-06-02T12:39:24+00:00\",\"dateModified\":\"2020-07-05T23:51:22+00:00\",\"description\":\"Informez-vous sur notre communaut\u00e9, notre main-d\u2019\u0153uvre, notre d\u00e9mographie, notre profil de march\u00e9 et nos activit\u00e9s de d\u00e9veloppement.\",\"breadcrumb\":{\"@id\":\"https:\\\/\\\/valharty.ca\\\/fr\\\/affaires\\\/profil-communautaire\\\/#breadcrumb\"},\"inLanguage\":\"fr-FR\",\"potentialAction\":[{\"@type\":\"ReadAction\",\"target\":[\"https:\\\/\\\/valharty.ca\\\/fr\\\/affaires\\\/profil-communautaire\\\/\"]}]},{\"@type\":\"BreadcrumbList\",\"@id\":\"https:\\\/\\\/valharty.ca\\\/fr\\\/affaires\\\/profil-communautaire\\\/#breadcrumb\",\"itemListElement\":[{\"@type\":\"ListItem\",\"position\":1,\"name\":\"Home\",\"item\":\"https:\\\/\\\/valharty.ca\\\/fr\\\/\"},{\"@type\":\"ListItem\",\"position\":2,\"name\":\"AFFAIRES\",\"item\":\"https:\\\/\\\/valharty.ca\\\/fr\\\/affaires\\\/\"},{\"@type\":\"ListItem\",\"position\":3,\"name\":\"PROFIL COMMUNAUTAIRE\"}]},{\"@type\":\"WebSite\",\"@id\":\"https:\\\/\\\/valharty.ca\\\/fr\\\/#website\",\"url\":\"https:\\\/\\\/valharty.ca\\\/fr\\\/\",\"name\":\"VAL RITA-HARTY\",\"description\":\"Ontario, Canada\",\"publisher\":{\"@id\":\"https:\\\/\\\/valharty.ca\\\/fr\\\/#organization\"},\"potentialAction\":[{\"@type\":\"SearchAction\",\"target\":{\"@type\":\"EntryPoint\",\"urlTemplate\":\"https:\\\/\\\/valharty.ca\\\/fr\\\/?s={search_term_string}\"},\"query-input\":{\"@type\":\"PropertyValueSpecification\",\"valueRequired\":true,\"valueName\":\"search_term_string\"}}],\"inLanguage\":\"fr-FR\"},{\"@type\":\"Organization\",\"@id\":\"https:\\\/\\\/valharty.ca\\\/fr\\\/#organization\",\"name\":\"Municipality of Val Rita-Harty\",\"url\":\"https:\\\/\\\/valharty.ca\\\/fr\\\/\",\"logo\":{\"@type\":\"ImageObject\",\"inLanguage\":\"fr-FR\",\"@id\":\"https:\\\/\\\/valharty.ca\\\/fr\\\/#\\\/schema\\\/logo\\\/image\\\/\",\"url\":\"https:\\\/\\\/valharty.ca\\\/wp-content\\\/uploads\\\/2020\\\/02\\\/ValRita_Harty_Logo_Footer250x275.svg\",\"contentUrl\":\"https:\\\/\\\/valharty.ca\\\/wp-content\\\/uploads\\\/2020\\\/02\\\/ValRita_Harty_Logo_Footer250x275.svg\",\"width\":200,\"height\":275,\"caption\":\"Municipality of Val Rita-Harty\"},\"image\":{\"@id\":\"https:\\\/\\\/valharty.ca\\\/fr\\\/#\\\/schema\\\/logo\\\/image\\\/\"},\"sameAs\":[\"https:\\\/\\\/www.facebook.com\\\/valharty.ca\"]}]}<\/script>\n<!-- \/ Yoast SEO plugin. -->","yoast_head_json":{"title":"PROFIL COMMUNAUTAIRE | VAL RITA-HARTY","description":"Informez-vous sur notre communaut\u00e9, notre main-d\u2019\u0153uvre, notre d\u00e9mographie, notre profil de march\u00e9 et nos activit\u00e9s de d\u00e9veloppement.","robots":{"index":"index","follow":"follow","max-snippet":"max-snippet:-1","max-image-preview":"max-image-preview:large","max-video-preview":"max-video-preview:-1"},"canonical":"https:\/\/valharty.ca\/fr\/affaires\/profil-communautaire\/","og_locale":"fr_FR","og_type":"article","og_title":"PROFIL COMMUNAUTAIRE | VAL RITA-HARTY","og_description":"Informez-vous sur notre communaut\u00e9, notre main-d\u2019\u0153uvre, notre d\u00e9mographie, notre profil de march\u00e9 et nos activit\u00e9s de d\u00e9veloppement.","og_url":"https:\/\/valharty.ca\/fr\/affaires\/profil-communautaire\/","og_site_name":"VAL RITA-HARTY","article_publisher":"https:\/\/www.facebook.com\/valharty.ca","article_modified_time":"2020-07-05T23:51:22+00:00","og_image":[{"width":1920,"height":600,"url":"https:\/\/valharty.ca\/wp-content\/uploads\/2020\/06\/Header_Aerial-1.jpg","type":"image\/jpeg"}],"twitter_card":"summary_large_image","twitter_misc":{"Dur\u00e9e de lecture estim\u00e9e":"2 minutes"},"schema":{"@context":"https:\/\/schema.org","@graph":[{"@type":"WebPage","@id":"https:\/\/valharty.ca\/fr\/affaires\/profil-communautaire\/","url":"https:\/\/valharty.ca\/fr\/affaires\/profil-communautaire\/","name":"PROFIL COMMUNAUTAIRE | VAL RITA-HARTY","isPartOf":{"@id":"https:\/\/valharty.ca\/fr\/#website"},"datePublished":"2020-06-02T12:39:24+00:00","dateModified":"2020-07-05T23:51:22+00:00","description":"Informez-vous sur notre communaut\u00e9, notre main-d\u2019\u0153uvre, notre d\u00e9mographie, notre profil de march\u00e9 et nos activit\u00e9s de d\u00e9veloppement.","breadcrumb":{"@id":"https:\/\/valharty.ca\/fr\/affaires\/profil-communautaire\/#breadcrumb"},"inLanguage":"fr-FR","potentialAction":[{"@type":"ReadAction","target":["https:\/\/valharty.ca\/fr\/affaires\/profil-communautaire\/"]}]},{"@type":"BreadcrumbList","@id":"https:\/\/valharty.ca\/fr\/affaires\/profil-communautaire\/#breadcrumb","itemListElement":[{"@type":"ListItem","position":1,"name":"Home","item":"https:\/\/valharty.ca\/fr\/"},{"@type":"ListItem","position":2,"name":"AFFAIRES","item":"https:\/\/valharty.ca\/fr\/affaires\/"},{"@type":"ListItem","position":3,"name":"PROFIL COMMUNAUTAIRE"}]},{"@type":"WebSite","@id":"https:\/\/valharty.ca\/fr\/#website","url":"https:\/\/valharty.ca\/fr\/","name":"VAL RITA-HARTY","description":"Ontario, Canada","publisher":{"@id":"https:\/\/valharty.ca\/fr\/#organization"},"potentialAction":[{"@type":"SearchAction","target":{"@type":"EntryPoint","urlTemplate":"https:\/\/valharty.ca\/fr\/?s={search_term_string}"},"query-input":{"@type":"PropertyValueSpecification","valueRequired":true,"valueName":"search_term_string"}}],"inLanguage":"fr-FR"},{"@type":"Organization","@id":"https:\/\/valharty.ca\/fr\/#organization","name":"Municipality of Val Rita-Harty","url":"https:\/\/valharty.ca\/fr\/","logo":{"@type":"ImageObject","inLanguage":"fr-FR","@id":"https:\/\/valharty.ca\/fr\/#\/schema\/logo\/image\/","url":"https:\/\/valharty.ca\/wp-content\/uploads\/2020\/02\/ValRita_Harty_Logo_Footer250x275.svg","contentUrl":"https:\/\/valharty.ca\/wp-content\/uploads\/2020\/02\/ValRita_Harty_Logo_Footer250x275.svg","width":200,"height":275,"caption":"Municipality of Val Rita-Harty"},"image":{"@id":"https:\/\/valharty.ca\/fr\/#\/schema\/logo\/image\/"},"sameAs":["https:\/\/www.facebook.com\/valharty.ca"]}]}},"_links":{"self":[{"href":"https:\/\/valharty.ca\/fr\/wp-json\/wp\/v2\/pages\/3449","targetHints":{"allow":["GET"]}}],"collection":[{"href":"https:\/\/valharty.ca\/fr\/wp-json\/wp\/v2\/pages"}],"about":[{"href":"https:\/\/valharty.ca\/fr\/wp-json\/wp\/v2\/types\/page"}],"author":[{"embeddable":true,"href":"https:\/\/valharty.ca\/fr\/wp-json\/wp\/v2\/users\/1"}],"replies":[{"embeddable":true,"href":"https:\/\/valharty.ca\/fr\/wp-json\/wp\/v2\/comments?post=3449"}],"version-history":[{"count":2,"href":"https:\/\/valharty.ca\/fr\/wp-json\/wp\/v2\/pages\/3449\/revisions"}],"predecessor-version":[{"id":3899,"href":"https:\/\/valharty.ca\/fr\/wp-json\/wp\/v2\/pages\/3449\/revisions\/3899"}],"up":[{"embeddable":true,"href":"https:\/\/valharty.ca\/fr\/wp-json\/wp\/v2\/pages\/3444"}],"wp:attachment":[{"href":"https:\/\/valharty.ca\/fr\/wp-json\/wp\/v2\/media?parent=3449"}],"curies":[{"name":"wp","href":"https:\/\/api.w.org\/{rel}","templated":true}]}}