{"id":3447,"date":"2020-06-02T08:38:50","date_gmt":"2020-06-02T12:38:50","guid":{"rendered":"https:\/\/valharty.ca\/affaires\/repertoire-des-entreprises\/"},"modified":"2023-01-18T11:15:50","modified_gmt":"2023-01-18T16:15:50","slug":"repertoire-des-entreprises","status":"publish","type":"page","link":"https:\/\/valharty.ca\/fr\/affaires\/repertoire-des-entreprises\/","title":{"rendered":"R\u00c9PERTOIRE DES ENTREPRISES"},"content":{"rendered":"<div class=\"fusion-fullwidth fullwidth-box fusion-builder-row-1 nonhundred-percent-fullwidth non-hundred-percent-height-scrolling\" style=\"background-color: rgba(255,255,255,0);background-position: center center;background-repeat: no-repeat;padding-top:0px;padding-right:0px;padding-bottom:0px;padding-left:0px;margin-bottom: 0px;margin-top: 0px;border-width: 0px 0px 0px 0px;border-color:#e7e4e2;border-style:solid;\" ><div class=\"fusion-builder-row fusion-row\"><div class=\"fusion-layout-column fusion_builder_column fusion-builder-column-0 fusion_builder_column_5_6 5_6 fusion-five-sixth fusion-column-first\" style=\"width:83.333333333333%;width:calc(83.333333333333% - ( ( 4% ) * 0.83333333333333 ) );margin-right: 4%;margin-top:10px;margin-bottom:10px;\"><div class=\"fusion-column-wrapper fusion-flex-column-wrapper-legacy\" style=\"background-position:left top;background-repeat:no-repeat;-webkit-background-size:cover;-moz-background-size:cover;-o-background-size:cover;background-size:cover;padding: 0px 0px 0px 0px;\"><div class=\"fusion-column-content-centered\"><div class=\"fusion-column-content\">\n<div class=\"table-2\">\n<table width=\"100%\">\n<thead>\n<tr>\n<th style=\"text-align: left;\" align=\"left\"><span style=\"color: #ffffff;\">Businesses<\/span><\/th>\n<th style=\"text-align: center;\" align=\"left\">&nbsp;<\/th>\n<\/tr>\n<\/thead>\n<tbody>\n<tr>\n<td align=\"left\">\n<p style=\"text-align: center;\"><span style=\"color: #808080;\">Murray OK Tire<\/span><br \/><span style=\"color: #808080;\">96, chemin du Gouvernement<\/span><br \/><span style=\"color: #808080;\">Val Rita, Ontario<\/span><br \/><span style=\"color: #808080;\">P0L 2G0<\/span><br \/><span style=\"color: #808080;\">705-335-8496<\/span><\/p>\n<\/td>\n<td align=\"left\">\n<p style=\"text-align: center;\"><span style=\"color: #808080;\">Yves Lamontagne Excavation<\/span><br \/>Drains et am\u00e9nagement paysager<br \/><span style=\"color: #808080;\">Val Rita, Ontario<\/span><br \/><span style=\"color: #808080;\">P0L 2G0<\/span><br \/><span style=\"color: #808080;\">705-335-0317<\/span><\/p>\n<\/td>\n<\/tr>\n<tr>\n<td align=\"left\">\n<p style=\"text-align: center;\"><span style=\"color: #808080;\">Manitoulin Transport<br \/>14, chemin Dagenais<br \/>Kapuskasing, Ontario<br \/>P5N 2X8<br \/>705-335-8585<\/span><\/p>\n<p>&nbsp;<\/p>\n<\/td>\n<td align=\"left\">\n<p style=\"text-align: center;\"><span style=\"color: #808080;\">Villeneuve Construction Co. Ltd.<\/span><br \/><span style=\"color: #808080;\">1533, route 11 Ouest<\/span><br \/><span style=\"color: #808080;\">C.P. 1720<\/span><br \/><span style=\"color: #808080;\">Hearst, Ontario<\/span><br \/><span style=\"color: #808080;\">P0L 1N0<\/span><br \/><span style=\"color: #808080;\">705-372-1838<\/span><\/p>\n<\/td>\n<\/tr>\n<tr>\n<td align=\"left\">\n<p style=\"text-align: center;\"><span style=\"color: #808080;\">Meco Self Storage<\/span><br \/><span style=\"color: #808080;\">Dany Meilleur et Genevieve Couture&nbsp;<\/span><br \/><span style=\"color: #808080;\">90, route 11<\/span><br \/><span style=\"color: #808080;\">Val Rita, Ontario<\/span><br \/><span style=\"color: #808080;\">P0L 2G0<\/span><br \/><span style=\"color: #808080;\">705-335-5589<\/span><\/p>\n<\/td>\n<td align=\"left\">\n<p style=\"text-align: center;\"><span style=\"color: #808080;\">Ghislain Aubertin<\/span><br \/><span style=\"color: #808080;\">Entreprise de transport<\/span><br \/><span style=\"color: #808080;\">3, chemin B\u00e9langer Nord<\/span><br \/><span style=\"color: #808080;\">Harty, Ontario<\/span><br \/><span style=\"color: #808080;\">P0L 1M0<\/span><br \/><span style=\"color: #808080;\">705-337-6797<\/span><\/p>\n<\/td>\n<\/tr>\n<tr>\n<td align=\"left\">\n<p style=\"text-align: center;\"><span style=\"color: #808080;\">Peterbilt Parts &amp; Service<\/span><br \/><span style=\"color: #808080;\">96, chemin du Gouvernement<\/span><br \/><span style=\"color: #808080;\">Val Rita, Ontario<\/span><br \/><span style=\"color: #808080;\">P0L 2G0<\/span><br \/><span style=\"color: #808080;\">705-335-8496<\/span><\/p>\n<\/td>\n<td align=\"left\">\n<p style=\"text-align: center;\"><span style=\"color: #808080;\">Caisse Alliance<\/span><br \/><span style=\"color: #808080;\">2 avenue de l&rsquo;\u00c9glise<\/span><br \/><span style=\"color: #808080;\">Kapuskasing, Ontario<\/span><br \/><span style=\"color: #808080;\">P0L 2G0<\/span><br \/><span style=\"color: #808080;\">705-335-6161<\/span><\/p>\n<\/td>\n<\/tr>\n<tr>\n<td align=\"left\">\n<p style=\"text-align: center;\"><span style=\"color: #808080;\">2216743 ON Inc entrep\u00f4t<\/span><br \/><span style=\"color: #808080;\">o\/s Rejean &amp; Justin Murray<\/span><br \/><span style=\"color: #808080;\">24, chemin Dagenais<\/span><br \/><span style=\"color: #808080;\">Val Rita, Ontario<\/span><br \/><span style=\"color: #808080;\">P0L 2G0<\/span><br \/><span style=\"color: #808080;\">705-335-8496<\/span><\/p>\n<\/td>\n<td align=\"left\">\n<p style=\"text-align: center;\"><span style=\"color: #808080;\">Routhier Sod N Paving Stones<\/span><br \/><span style=\"color: #808080;\">10, chemin Cargill<\/span><br \/><span style=\"color: #808080;\">Kapuskasing, Ontario<\/span><br \/><span style=\"color: #808080;\">P5N 2Y3<\/span><br \/><span style=\"color: #808080;\">705-337-1015<\/span><\/p>\n<\/td>\n<\/tr>\n<tr>\n<td align=\"left\">\n<p style=\"text-align: center;\"><span style=\"color: #808080;\">Poste Canada<br \/>2 avenue de l&rsquo;\u00c9glise,<br \/>Val Rita, Ontario,<br \/>P0L 2G0<br \/>705-335-6640<\/span><\/p>\n<\/td>\n<td align=\"left\">\n<p style=\"text-align: center;\">5 Star Evacuation and Training Center<br \/>98 chemin du Gouvernment,<br \/>Val Rita, Ontario<br \/>P0L 2G0<br \/>705-367-4627<\/p>\n<\/td>\n<\/tr>\n<tr>\n<td align=\"left\">\n<p style=\"text-align: center;\"><span style=\"color: #808080;\">Northern Lights Therapeutic<br \/>Riding Association<\/span><br \/><span style=\"color: #808080;\">68 Conc. 1<\/span><br \/><span style=\"color: #808080;\">Val Rita, Ontario<\/span><br \/><span style=\"color: #808080;\">P0L 2G0<\/span><br \/><span style=\"color: #808080;\">705-335-2441<\/span><\/p>\n<\/td>\n<td align=\"left\">\n<p style=\"text-align: center;\"><span style=\"color: #808080;\">Patsy Sewing-Repairs<\/span><br \/><span style=\"color: #808080;\">8 Payette<\/span><br \/><span style=\"color: #808080;\">Val Rita, Ontario<\/span><br \/><span style=\"color: #808080;\">POL 2GO<\/span><br \/><span style=\"color: #808080;\">705-335-2139<\/span><\/p>\n<\/td>\n<\/tr>\n<tr>\n<td align=\"left\">\n<p style=\"text-align: center;\"><span style=\"color: #808080;\">A. Tremblay Construction Ltd.<\/span><br \/><span style=\"color: #808080;\">101, chemin Brunelle Nord<\/span><br \/><span style=\"color: #808080;\">Kapuskasing, Ontario<\/span><br \/><span style=\"color: #808080;\">P5N 2M1<\/span><br \/><span style=\"color: #808080;\">705-335-4433<\/span><\/p>\n<\/td>\n<td align=\"left\">\n<p style=\"text-align: center;\">Chambre de commerce du Corridor du Nord<br \/>28, rue Circle<br \/>Kapuskasing, Ontario<br \/>P5N 1T7<br \/><a href=\"https:\/\/www.kapchamber.ca\/\">Site Web<\/a><\/p>\n<\/td>\n<\/tr>\n<\/tbody>\n<\/table>\n<\/div>\n<\/div><\/div><div class=\"fusion-clearfix\"><\/div><\/div><\/div><\/div><\/div>\n","protected":false},"excerpt":{"rendered":"","protected":false},"author":1,"featured_media":0,"parent":3444,"menu_order":0,"comment_status":"closed","ping_status":"closed","template":"page-inner.php","meta":{"inline_featured_image":false,"footnotes":""},"class_list":["post-3447","page","type-page","status-publish","hentry"],"acf":[],"yoast_head":"<!-- This site is optimized with the Yoast SEO plugin v27.3 - https:\/\/yoast.com\/product\/yoast-seo-wordpress\/ -->\n<title>R\u00c9PERTOIRE DES ENTREPRISES | VAL RITA-HARTY<\/title>\n<meta name=\"description\" content=\"Nous vous invitons \u00e0 consulter le r\u00e9pertoire des entreprises de Val Rita-Harty.\" \/>\n<meta name=\"robots\" content=\"index, follow, max-snippet:-1, max-image-preview:large, max-video-preview:-1\" \/>\n<link rel=\"canonical\" href=\"https:\/\/valharty.ca\/fr\/affaires\/repertoire-des-entreprises\/\" \/>\n<meta property=\"og:locale\" content=\"fr_FR\" \/>\n<meta property=\"og:type\" content=\"article\" \/>\n<meta property=\"og:title\" content=\"R\u00c9PERTOIRE DES ENTREPRISES | VAL RITA-HARTY\" \/>\n<meta property=\"og:description\" content=\"Nous vous invitons \u00e0 consulter le r\u00e9pertoire des entreprises de Val Rita-Harty.\" \/>\n<meta property=\"og:url\" content=\"https:\/\/valharty.ca\/fr\/affaires\/repertoire-des-entreprises\/\" \/>\n<meta property=\"og:site_name\" content=\"VAL RITA-HARTY\" \/>\n<meta property=\"article:publisher\" content=\"https:\/\/www.facebook.com\/valharty.ca\" \/>\n<meta property=\"article:modified_time\" content=\"2023-01-18T16:15:50+00:00\" \/>\n<meta property=\"og:image\" content=\"https:\/\/valharty.ca\/wp-content\/uploads\/2020\/06\/Header_Aerial-1.jpg\" \/>\n\t<meta property=\"og:image:width\" content=\"1920\" \/>\n\t<meta property=\"og:image:height\" content=\"600\" \/>\n\t<meta property=\"og:image:type\" content=\"image\/jpeg\" \/>\n<meta name=\"twitter:card\" content=\"summary_large_image\" \/>\n<meta name=\"twitter:label1\" content=\"Dur\u00e9e de lecture estim\u00e9e\" \/>\n\t<meta name=\"twitter:data1\" content=\"3 minutes\" \/>\n<script type=\"application\/ld+json\" class=\"yoast-schema-graph\">{\"@context\":\"https:\\\/\\\/schema.org\",\"@graph\":[{\"@type\":\"WebPage\",\"@id\":\"https:\\\/\\\/valharty.ca\\\/fr\\\/affaires\\\/repertoire-des-entreprises\\\/\",\"url\":\"https:\\\/\\\/valharty.ca\\\/fr\\\/affaires\\\/repertoire-des-entreprises\\\/\",\"name\":\"R\u00c9PERTOIRE DES ENTREPRISES | VAL RITA-HARTY\",\"isPartOf\":{\"@id\":\"https:\\\/\\\/valharty.ca\\\/fr\\\/#website\"},\"datePublished\":\"2020-06-02T12:38:50+00:00\",\"dateModified\":\"2023-01-18T16:15:50+00:00\",\"description\":\"Nous vous invitons \u00e0 consulter le r\u00e9pertoire des entreprises de Val Rita-Harty.\",\"breadcrumb\":{\"@id\":\"https:\\\/\\\/valharty.ca\\\/fr\\\/affaires\\\/repertoire-des-entreprises\\\/#breadcrumb\"},\"inLanguage\":\"fr-FR\",\"potentialAction\":[{\"@type\":\"ReadAction\",\"target\":[\"https:\\\/\\\/valharty.ca\\\/fr\\\/affaires\\\/repertoire-des-entreprises\\\/\"]}]},{\"@type\":\"BreadcrumbList\",\"@id\":\"https:\\\/\\\/valharty.ca\\\/fr\\\/affaires\\\/repertoire-des-entreprises\\\/#breadcrumb\",\"itemListElement\":[{\"@type\":\"ListItem\",\"position\":1,\"name\":\"Home\",\"item\":\"https:\\\/\\\/valharty.ca\\\/fr\\\/\"},{\"@type\":\"ListItem\",\"position\":2,\"name\":\"AFFAIRES\",\"item\":\"https:\\\/\\\/valharty.ca\\\/fr\\\/affaires\\\/\"},{\"@type\":\"ListItem\",\"position\":3,\"name\":\"R\u00c9PERTOIRE DES ENTREPRISES\"}]},{\"@type\":\"WebSite\",\"@id\":\"https:\\\/\\\/valharty.ca\\\/fr\\\/#website\",\"url\":\"https:\\\/\\\/valharty.ca\\\/fr\\\/\",\"name\":\"VAL RITA-HARTY\",\"description\":\"Ontario, Canada\",\"publisher\":{\"@id\":\"https:\\\/\\\/valharty.ca\\\/fr\\\/#organization\"},\"potentialAction\":[{\"@type\":\"SearchAction\",\"target\":{\"@type\":\"EntryPoint\",\"urlTemplate\":\"https:\\\/\\\/valharty.ca\\\/fr\\\/?s={search_term_string}\"},\"query-input\":{\"@type\":\"PropertyValueSpecification\",\"valueRequired\":true,\"valueName\":\"search_term_string\"}}],\"inLanguage\":\"fr-FR\"},{\"@type\":\"Organization\",\"@id\":\"https:\\\/\\\/valharty.ca\\\/fr\\\/#organization\",\"name\":\"Municipality of Val Rita-Harty\",\"url\":\"https:\\\/\\\/valharty.ca\\\/fr\\\/\",\"logo\":{\"@type\":\"ImageObject\",\"inLanguage\":\"fr-FR\",\"@id\":\"https:\\\/\\\/valharty.ca\\\/fr\\\/#\\\/schema\\\/logo\\\/image\\\/\",\"url\":\"https:\\\/\\\/valharty.ca\\\/wp-content\\\/uploads\\\/2020\\\/02\\\/ValRita_Harty_Logo_Footer250x275.svg\",\"contentUrl\":\"https:\\\/\\\/valharty.ca\\\/wp-content\\\/uploads\\\/2020\\\/02\\\/ValRita_Harty_Logo_Footer250x275.svg\",\"width\":200,\"height\":275,\"caption\":\"Municipality of Val Rita-Harty\"},\"image\":{\"@id\":\"https:\\\/\\\/valharty.ca\\\/fr\\\/#\\\/schema\\\/logo\\\/image\\\/\"},\"sameAs\":[\"https:\\\/\\\/www.facebook.com\\\/valharty.ca\"]}]}<\/script>\n<!-- \/ Yoast SEO plugin. -->","yoast_head_json":{"title":"R\u00c9PERTOIRE DES ENTREPRISES | VAL RITA-HARTY","description":"Nous vous invitons \u00e0 consulter le r\u00e9pertoire des entreprises de Val Rita-Harty.","robots":{"index":"index","follow":"follow","max-snippet":"max-snippet:-1","max-image-preview":"max-image-preview:large","max-video-preview":"max-video-preview:-1"},"canonical":"https:\/\/valharty.ca\/fr\/affaires\/repertoire-des-entreprises\/","og_locale":"fr_FR","og_type":"article","og_title":"R\u00c9PERTOIRE DES ENTREPRISES | VAL RITA-HARTY","og_description":"Nous vous invitons \u00e0 consulter le r\u00e9pertoire des entreprises de Val Rita-Harty.","og_url":"https:\/\/valharty.ca\/fr\/affaires\/repertoire-des-entreprises\/","og_site_name":"VAL RITA-HARTY","article_publisher":"https:\/\/www.facebook.com\/valharty.ca","article_modified_time":"2023-01-18T16:15:50+00:00","og_image":[{"width":1920,"height":600,"url":"https:\/\/valharty.ca\/wp-content\/uploads\/2020\/06\/Header_Aerial-1.jpg","type":"image\/jpeg"}],"twitter_card":"summary_large_image","twitter_misc":{"Dur\u00e9e de lecture estim\u00e9e":"3 minutes"},"schema":{"@context":"https:\/\/schema.org","@graph":[{"@type":"WebPage","@id":"https:\/\/valharty.ca\/fr\/affaires\/repertoire-des-entreprises\/","url":"https:\/\/valharty.ca\/fr\/affaires\/repertoire-des-entreprises\/","name":"R\u00c9PERTOIRE DES ENTREPRISES | VAL RITA-HARTY","isPartOf":{"@id":"https:\/\/valharty.ca\/fr\/#website"},"datePublished":"2020-06-02T12:38:50+00:00","dateModified":"2023-01-18T16:15:50+00:00","description":"Nous vous invitons \u00e0 consulter le r\u00e9pertoire des entreprises de Val Rita-Harty.","breadcrumb":{"@id":"https:\/\/valharty.ca\/fr\/affaires\/repertoire-des-entreprises\/#breadcrumb"},"inLanguage":"fr-FR","potentialAction":[{"@type":"ReadAction","target":["https:\/\/valharty.ca\/fr\/affaires\/repertoire-des-entreprises\/"]}]},{"@type":"BreadcrumbList","@id":"https:\/\/valharty.ca\/fr\/affaires\/repertoire-des-entreprises\/#breadcrumb","itemListElement":[{"@type":"ListItem","position":1,"name":"Home","item":"https:\/\/valharty.ca\/fr\/"},{"@type":"ListItem","position":2,"name":"AFFAIRES","item":"https:\/\/valharty.ca\/fr\/affaires\/"},{"@type":"ListItem","position":3,"name":"R\u00c9PERTOIRE DES ENTREPRISES"}]},{"@type":"WebSite","@id":"https:\/\/valharty.ca\/fr\/#website","url":"https:\/\/valharty.ca\/fr\/","name":"VAL RITA-HARTY","description":"Ontario, Canada","publisher":{"@id":"https:\/\/valharty.ca\/fr\/#organization"},"potentialAction":[{"@type":"SearchAction","target":{"@type":"EntryPoint","urlTemplate":"https:\/\/valharty.ca\/fr\/?s={search_term_string}"},"query-input":{"@type":"PropertyValueSpecification","valueRequired":true,"valueName":"search_term_string"}}],"inLanguage":"fr-FR"},{"@type":"Organization","@id":"https:\/\/valharty.ca\/fr\/#organization","name":"Municipality of Val Rita-Harty","url":"https:\/\/valharty.ca\/fr\/","logo":{"@type":"ImageObject","inLanguage":"fr-FR","@id":"https:\/\/valharty.ca\/fr\/#\/schema\/logo\/image\/","url":"https:\/\/valharty.ca\/wp-content\/uploads\/2020\/02\/ValRita_Harty_Logo_Footer250x275.svg","contentUrl":"https:\/\/valharty.ca\/wp-content\/uploads\/2020\/02\/ValRita_Harty_Logo_Footer250x275.svg","width":200,"height":275,"caption":"Municipality of Val Rita-Harty"},"image":{"@id":"https:\/\/valharty.ca\/fr\/#\/schema\/logo\/image\/"},"sameAs":["https:\/\/www.facebook.com\/valharty.ca"]}]}},"_links":{"self":[{"href":"https:\/\/valharty.ca\/fr\/wp-json\/wp\/v2\/pages\/3447","targetHints":{"allow":["GET"]}}],"collection":[{"href":"https:\/\/valharty.ca\/fr\/wp-json\/wp\/v2\/pages"}],"about":[{"href":"https:\/\/valharty.ca\/fr\/wp-json\/wp\/v2\/types\/page"}],"author":[{"embeddable":true,"href":"https:\/\/valharty.ca\/fr\/wp-json\/wp\/v2\/users\/1"}],"replies":[{"embeddable":true,"href":"https:\/\/valharty.ca\/fr\/wp-json\/wp\/v2\/comments?post=3447"}],"version-history":[{"count":5,"href":"https:\/\/valharty.ca\/fr\/wp-json\/wp\/v2\/pages\/3447\/revisions"}],"predecessor-version":[{"id":5940,"href":"https:\/\/valharty.ca\/fr\/wp-json\/wp\/v2\/pages\/3447\/revisions\/5940"}],"up":[{"embeddable":true,"href":"https:\/\/valharty.ca\/fr\/wp-json\/wp\/v2\/pages\/3444"}],"wp:attachment":[{"href":"https:\/\/valharty.ca\/fr\/wp-json\/wp\/v2\/media?parent=3447"}],"curies":[{"name":"wp","href":"https:\/\/api.w.org\/{rel}","templated":true}]}}