{"id":3444,"date":"2020-06-02T08:31:46","date_gmt":"2020-06-02T12:31:46","guid":{"rendered":"https:\/\/valharty.ca\/affaires\/"},"modified":"2022-11-07T11:55:39","modified_gmt":"2022-11-07T16:55:39","slug":"affaires","status":"publish","type":"page","link":"https:\/\/valharty.ca\/fr\/affaires\/","title":{"rendered":"AFFAIRES"},"content":{"rendered":"<p><div class=\"fusion-fullwidth fullwidth-box fusion-builder-row-1 nonhundred-percent-fullwidth non-hundred-percent-height-scrolling\" style=\"background-color: rgba(255,255,255,0);background-position: center center;background-repeat: no-repeat;padding-top:0px;padding-right:0px;padding-bottom:0px;padding-left:0px;margin-bottom: 0px;margin-top: 0px;border-width: 0px 0px 0px 0px;border-color:#e7e4e2;border-style:solid;\" ><div class=\"fusion-builder-row fusion-row\"><div class=\"fusion-layout-column fusion_builder_column fusion-builder-column-0 fusion_builder_column_3_4 3_4 fusion-three-fourth fusion-column-first\" style=\"width:75%;width:calc(75% - ( ( 4% ) * 0.75 ) );margin-right: 4%;margin-top:10px;margin-bottom:10px;\"><div class=\"fusion-column-wrapper fusion-flex-column-wrapper-legacy\" style=\"background-position:left top;background-repeat:no-repeat;-webkit-background-size:cover;-moz-background-size:cover;-o-background-size:cover;background-size:cover;padding: 0px 0px 0px 0px;\"><div class=\"fusion-text fusion-text-1\"><p>Val Rita-Harty est situ\u00e9e dans le nord-est de l&rsquo;Ontario, dans le district de Cochrane. La population et l&#8217;emplacement de la communaut\u00e9 fournissent des ingr\u00e9dients essentiels pour favoriser la croissance des entreprises.<\/p>\n<p>Situ\u00e9e le long d&rsquo;une grande autoroute et d&rsquo;un r\u00e9seau ferroviaire, c&rsquo;est une communaut\u00e9 dortoir de Kapuskasing, avec des logements abordables et \u00e0 bas prix dans une communaut\u00e9 s\u00e9curitaire. Avec des espaces de construction et des terrains disponibles pour accueillir de nouvelles entreprises, Val Rita-Harty offre le potentiel d&rsquo;\u00eatre une carrefour pour les entrepreneurs et les si\u00e8ges sociaux d&rsquo;entreprises qui cherchent \u00e0 \u00eatre situ\u00e9s au centre de la partie nord-est de l&rsquo;Ontario.<\/p>\n<p>Dans le cadre d&rsquo;un plan d&rsquo;incitation communautaire, la municipalit\u00e9 de Val-Rita Harty offre des incitatifs aux entreprises qui souhaitent s&rsquo;installer dans les b\u00e2timents et les espaces disponibles pour l&rsquo;exploitation de nouvelles entreprises, ainsi qu&rsquo;aux entreprises locales existantes qui cherchent \u00e0 se d\u00e9velopper.<\/p>\n<p>Les avantages d&rsquo;investir dans cette communaut\u00e9 sont nombreux. Les atouts sont divers, la main-d&rsquo;\u0153uvre est bilingue, la proximit\u00e9 des commodit\u00e9s et des transports, et l&rsquo;industrie existante qui a pr\u00e9par\u00e9 le terrain et d\u00e9fini la communaut\u00e9 comme un lieu id\u00e9al pour les familles et les entreprises.<\/p>\n<\/div><div class=\"fusion-clearfix\"><\/div><\/div><\/div><\/div><\/div><div class=\"fusion-fullwidth fullwidth-box fusion-builder-row-2 nonhundred-percent-fullwidth non-hundred-percent-height-scrolling\" style=\"background-color: rgba(255,255,255,0);background-position: center center;background-repeat: no-repeat;padding-top:0px;padding-right:0px;padding-bottom:0px;padding-left:0px;margin-bottom: 0px;margin-top: 0px;border-width: 0px 0px 0px 0px;border-color:#e7e4e2;border-style:solid;\" ><div class=\"fusion-builder-row fusion-row\"><div class=\"fusion-layout-column fusion_builder_column fusion-builder-column-1 fusion_builder_column_1_1 1_1 fusion-one-full fusion-column-first fusion-column-last\" style=\"margin-top:10px;margin-bottom:10px;\"><div class=\"fusion-column-wrapper fusion-flex-column-wrapper-legacy\" style=\"background-position:left top;background-repeat:no-repeat;-webkit-background-size:cover;-moz-background-size:cover;-o-background-size:cover;background-size:cover;padding: 0px 0px 0px 0px;\"><div class=\"fusion-text fusion-text-2\"><h3 style=\"text-align: center;\">Les 10 meilleures raisons de lancer votre entreprise \u00e0 Val Rita-Harty<\/h3>\n<\/div><div class=\"fusion-clearfix\"><\/div><\/div><\/div><\/div><\/div><div class=\"fusion-fullwidth fullwidth-box fusion-builder-row-3 nonhundred-percent-fullwidth non-hundred-percent-height-scrolling\" style=\"background-color: rgba(255,255,255,0);background-position: center center;background-repeat: no-repeat;padding-top:0px;padding-right:0px;padding-bottom:0px;padding-left:0px;margin-bottom: 0px;margin-top: 0px;border-width: 0px 0px 0px 0px;border-color:#e7e4e2;border-style:solid;\" ><div class=\"fusion-builder-row fusion-row\"><div class=\"fusion-layout-column fusion_builder_column fusion-builder-column-2 fusion_builder_column_1_2 1_2 fusion-one-half fusion-column-first\" style=\"width:50%;width:calc(50% - ( ( 4% ) * 0.5 ) );margin-right: 4%;margin-top:10px;margin-bottom:10px;\"><div class=\"fusion-column-wrapper fusion-flex-column-wrapper-legacy\" style=\"background-position:left top;background-repeat:no-repeat;-webkit-background-size:cover;-moz-background-size:cover;-o-background-size:cover;background-size:cover;padding: 0px 0px 0px 0px;\"><div class=\"fusion-column-content-centered\"><div class=\"fusion-column-content\"><div class=\"fusion-text fusion-text-3\"><ul>\n<li>Incitatifs communautaires disponibles pour les entreprises<\/li>\n<li>Prix des logements abordables et temps de trajet r\u00e9duits<\/li>\n<li>Acc\u00e8s \u00e0 une main-d&rsquo;\u0153uvre qualifi\u00e9e bilingue<\/li>\n<li>Leadership municipal progressiste<\/li>\n<li>Des taux d&rsquo;imposition fonci\u00e8re comp\u00e9titifs<\/li>\n<li>Abondance d&rsquo;activit\u00e9s r\u00e9cr\u00e9atives et de loisirs<\/li>\n<li>Soutien f\u00e9d\u00e9ral et provincial \u00e0 la cr\u00e9ation d&rsquo;entreprises<\/li>\n<li>Une excellente infrastructure de t\u00e9l\u00e9communications<\/li>\n<li>Des taux d&rsquo;imposition provinciales et f\u00e9d\u00e9rales comp\u00e9titifs pour les entreprises<\/li>\n<li>Situ\u00e9 strat\u00e9giquement dans le nord-est de l&rsquo;Ontario<\/li>\n<\/ul>\n<\/div><\/div><\/div><div class=\"fusion-clearfix\"><\/div><\/div><\/div><div class=\"fusion-layout-column fusion_builder_column fusion-builder-column-3 fusion_builder_column_1_2 1_2 fusion-one-half fusion-column-last\" style=\"width:50%;width:calc(50% - ( ( 4% ) * 0.5 ) );margin-top:10px;margin-bottom:10px;\"><div class=\"fusion-column-wrapper fusion-flex-column-wrapper-legacy\" style=\"background-position:left top;background-repeat:no-repeat;-webkit-background-size:cover;-moz-background-size:cover;-o-background-size:cover;background-size:cover;padding: 0px 0px 0px 0px;\"><div class=\"fusion-video fusion-youtube fusion-aligncenter\" style=\"max-width:600px;max-height:360px; width:100%\"><div class=\"video-shortcode\"><iframe title=\"YouTube video player\" src=\"https:\/\/www.youtube.com\/embed\/toUJyXSjd6E?wmode=transparent&autoplay=0\" width=\"600\" height=\"360\" allowfullscreen allow=\"autoplay; fullscreen\"><\/iframe><\/div><\/div><div class=\"fusion-clearfix\"><\/div><\/div><\/div><\/div><\/div><div class=\"fusion-fullwidth fullwidth-box fusion-builder-row-4 nonhundred-percent-fullwidth non-hundred-percent-height-scrolling\" style=\"background-color: rgba(255,255,255,0);background-position: center center;background-repeat: no-repeat;padding-top:0px;padding-right:0px;padding-bottom:0px;padding-left:0px;margin-bottom: 0px;margin-top: 0px;border-width: 0px 0px 0px 0px;border-color:#e7e4e2;border-style:solid;\" ><div class=\"fusion-builder-row fusion-row\"><div class=\"fusion-layout-column fusion_builder_column fusion-builder-column-4 fusion_builder_column_1_1 1_1 fusion-one-full fusion-column-first fusion-column-last fusion-column-inner-bg-wrapper\" style=\"margin-top:0px;margin-bottom:28px;\"><div class=\"fusion-column-wrapper fusion-flex-column-wrapper-legacy\" style=\"padding: 3px 0px 0px 0px;\"><div class=\"fusion-text fusion-text-4\"><h1 style=\"text-align: center;\"><span style=\"color: #ffffff;\">VOIR<\/span><\/h1>\n<h5 style=\"text-align: center;\"><span style=\"color: #ffffff;\">Profil communautaire<\/span><\/h5>\n<\/div><div class=\"fusion-clearfix\"><\/div><\/div><span class=\"fusion-column-inner-bg hover-type-none\"><a href=\"\/?page_id=2354\"><span class=\"fusion-column-inner-bg-image\" style=\"background-color:#203c59;background-position:left top;background-repeat:no-repeat;-webkit-background-size:cover;-moz-background-size:cover;-o-background-size:cover;background-size:cover;\"><\/span><\/a><\/span><\/div><div class=\"fusion-layout-column fusion_builder_column fusion-builder-column-5 fusion_builder_column_1_1 1_1 fusion-one-full fusion-column-first fusion-column-last\" style=\"margin-top:0px;margin-bottom:0px;\"><div class=\"fusion-column-wrapper fusion-flex-column-wrapper-legacy\" style=\"background-position:left top;background-repeat:no-repeat;-webkit-background-size:cover;-moz-background-size:cover;-o-background-size:cover;background-size:cover;background-color:#ffffff;padding: 0px 0px 0px 0px;\"><div class=\"fusion-text fusion-text-5\"><p style=\"text-align: center;\"><strong>CONTACT INFORMATION<\/strong><br \/>\n<strong>Bianca Gadoury<\/strong><br \/>\nAgente de d\u00e9veloppement \u00e9conomique et communautaire<br \/>\n705-335-6146<br \/>\n<a href=\"mailto:ecdo@valharty.ca\">Courriel<\/a><\/p>\n<\/div><div class=\"fusion-clearfix\"><\/div><\/div><\/div><\/div><\/div><\/p>\n","protected":false},"excerpt":{"rendered":"","protected":false},"author":1,"featured_media":0,"parent":0,"menu_order":0,"comment_status":"closed","ping_status":"closed","template":"page-inner.php","meta":{"inline_featured_image":false,"footnotes":""},"class_list":["post-3444","page","type-page","status-publish","hentry"],"acf":[],"yoast_head":"<!-- This site is optimized with the Yoast SEO plugin v27.3 - https:\/\/yoast.com\/product\/yoast-seo-wordpress\/ -->\n<title>AFFAIRES | VAL RITA-HARTY<\/title>\n<meta name=\"description\" content=\"Val Rita-Harty est une communaut\u00e9 dortoir de Kapuskasing, avec des logements abordables et \u00e0 bas prix dans une communaut\u00e9 s\u00e9curitaire.\" \/>\n<meta name=\"robots\" content=\"index, follow, max-snippet:-1, max-image-preview:large, max-video-preview:-1\" \/>\n<link rel=\"canonical\" href=\"https:\/\/valharty.ca\/fr\/affaires\/\" \/>\n<meta property=\"og:locale\" content=\"fr_FR\" \/>\n<meta property=\"og:type\" content=\"article\" \/>\n<meta property=\"og:title\" content=\"AFFAIRES | VAL RITA-HARTY\" \/>\n<meta property=\"og:description\" content=\"Val Rita-Harty est une communaut\u00e9 dortoir de Kapuskasing, avec des logements abordables et \u00e0 bas prix dans une communaut\u00e9 s\u00e9curitaire.\" \/>\n<meta property=\"og:url\" content=\"https:\/\/valharty.ca\/fr\/affaires\/\" \/>\n<meta property=\"og:site_name\" content=\"VAL RITA-HARTY\" \/>\n<meta property=\"article:publisher\" content=\"https:\/\/www.facebook.com\/valharty.ca\" \/>\n<meta property=\"article:modified_time\" content=\"2022-11-07T16:55:39+00:00\" \/>\n<meta property=\"og:image\" content=\"https:\/\/valharty.ca\/wp-content\/uploads\/2020\/06\/Header_Aerial-1.jpg\" \/>\n\t<meta property=\"og:image:width\" content=\"1920\" \/>\n\t<meta property=\"og:image:height\" content=\"600\" \/>\n\t<meta property=\"og:image:type\" content=\"image\/jpeg\" \/>\n<meta name=\"twitter:card\" content=\"summary_large_image\" \/>\n<meta name=\"twitter:label1\" content=\"Dur\u00e9e de lecture estim\u00e9e\" \/>\n\t<meta name=\"twitter:data1\" content=\"11 minutes\" \/>\n<script type=\"application\/ld+json\" class=\"yoast-schema-graph\">{\"@context\":\"https:\\\/\\\/schema.org\",\"@graph\":[{\"@type\":\"WebPage\",\"@id\":\"https:\\\/\\\/valharty.ca\\\/fr\\\/affaires\\\/\",\"url\":\"https:\\\/\\\/valharty.ca\\\/fr\\\/affaires\\\/\",\"name\":\"AFFAIRES | VAL RITA-HARTY\",\"isPartOf\":{\"@id\":\"https:\\\/\\\/valharty.ca\\\/fr\\\/#website\"},\"datePublished\":\"2020-06-02T12:31:46+00:00\",\"dateModified\":\"2022-11-07T16:55:39+00:00\",\"description\":\"Val Rita-Harty est une communaut\u00e9 dortoir de Kapuskasing, avec des logements abordables et \u00e0 bas prix dans une communaut\u00e9 s\u00e9curitaire.\",\"breadcrumb\":{\"@id\":\"https:\\\/\\\/valharty.ca\\\/fr\\\/affaires\\\/#breadcrumb\"},\"inLanguage\":\"fr-FR\",\"potentialAction\":[{\"@type\":\"ReadAction\",\"target\":[\"https:\\\/\\\/valharty.ca\\\/fr\\\/affaires\\\/\"]}]},{\"@type\":\"BreadcrumbList\",\"@id\":\"https:\\\/\\\/valharty.ca\\\/fr\\\/affaires\\\/#breadcrumb\",\"itemListElement\":[{\"@type\":\"ListItem\",\"position\":1,\"name\":\"Home\",\"item\":\"https:\\\/\\\/valharty.ca\\\/fr\\\/\"},{\"@type\":\"ListItem\",\"position\":2,\"name\":\"AFFAIRES\"}]},{\"@type\":\"WebSite\",\"@id\":\"https:\\\/\\\/valharty.ca\\\/fr\\\/#website\",\"url\":\"https:\\\/\\\/valharty.ca\\\/fr\\\/\",\"name\":\"VAL RITA-HARTY\",\"description\":\"Ontario, Canada\",\"publisher\":{\"@id\":\"https:\\\/\\\/valharty.ca\\\/fr\\\/#organization\"},\"potentialAction\":[{\"@type\":\"SearchAction\",\"target\":{\"@type\":\"EntryPoint\",\"urlTemplate\":\"https:\\\/\\\/valharty.ca\\\/fr\\\/?s={search_term_string}\"},\"query-input\":{\"@type\":\"PropertyValueSpecification\",\"valueRequired\":true,\"valueName\":\"search_term_string\"}}],\"inLanguage\":\"fr-FR\"},{\"@type\":\"Organization\",\"@id\":\"https:\\\/\\\/valharty.ca\\\/fr\\\/#organization\",\"name\":\"Municipality of Val Rita-Harty\",\"url\":\"https:\\\/\\\/valharty.ca\\\/fr\\\/\",\"logo\":{\"@type\":\"ImageObject\",\"inLanguage\":\"fr-FR\",\"@id\":\"https:\\\/\\\/valharty.ca\\\/fr\\\/#\\\/schema\\\/logo\\\/image\\\/\",\"url\":\"https:\\\/\\\/valharty.ca\\\/wp-content\\\/uploads\\\/2020\\\/02\\\/ValRita_Harty_Logo_Footer250x275.svg\",\"contentUrl\":\"https:\\\/\\\/valharty.ca\\\/wp-content\\\/uploads\\\/2020\\\/02\\\/ValRita_Harty_Logo_Footer250x275.svg\",\"width\":200,\"height\":275,\"caption\":\"Municipality of Val Rita-Harty\"},\"image\":{\"@id\":\"https:\\\/\\\/valharty.ca\\\/fr\\\/#\\\/schema\\\/logo\\\/image\\\/\"},\"sameAs\":[\"https:\\\/\\\/www.facebook.com\\\/valharty.ca\"]}]}<\/script>\n<!-- \/ Yoast SEO plugin. -->","yoast_head_json":{"title":"AFFAIRES | VAL RITA-HARTY","description":"Val Rita-Harty est une communaut\u00e9 dortoir de Kapuskasing, avec des logements abordables et \u00e0 bas prix dans une communaut\u00e9 s\u00e9curitaire.","robots":{"index":"index","follow":"follow","max-snippet":"max-snippet:-1","max-image-preview":"max-image-preview:large","max-video-preview":"max-video-preview:-1"},"canonical":"https:\/\/valharty.ca\/fr\/affaires\/","og_locale":"fr_FR","og_type":"article","og_title":"AFFAIRES | VAL RITA-HARTY","og_description":"Val Rita-Harty est une communaut\u00e9 dortoir de Kapuskasing, avec des logements abordables et \u00e0 bas prix dans une communaut\u00e9 s\u00e9curitaire.","og_url":"https:\/\/valharty.ca\/fr\/affaires\/","og_site_name":"VAL RITA-HARTY","article_publisher":"https:\/\/www.facebook.com\/valharty.ca","article_modified_time":"2022-11-07T16:55:39+00:00","og_image":[{"width":1920,"height":600,"url":"https:\/\/valharty.ca\/wp-content\/uploads\/2020\/06\/Header_Aerial-1.jpg","type":"image\/jpeg"}],"twitter_card":"summary_large_image","twitter_misc":{"Dur\u00e9e de lecture estim\u00e9e":"11 minutes"},"schema":{"@context":"https:\/\/schema.org","@graph":[{"@type":"WebPage","@id":"https:\/\/valharty.ca\/fr\/affaires\/","url":"https:\/\/valharty.ca\/fr\/affaires\/","name":"AFFAIRES | VAL RITA-HARTY","isPartOf":{"@id":"https:\/\/valharty.ca\/fr\/#website"},"datePublished":"2020-06-02T12:31:46+00:00","dateModified":"2022-11-07T16:55:39+00:00","description":"Val Rita-Harty est une communaut\u00e9 dortoir de Kapuskasing, avec des logements abordables et \u00e0 bas prix dans une communaut\u00e9 s\u00e9curitaire.","breadcrumb":{"@id":"https:\/\/valharty.ca\/fr\/affaires\/#breadcrumb"},"inLanguage":"fr-FR","potentialAction":[{"@type":"ReadAction","target":["https:\/\/valharty.ca\/fr\/affaires\/"]}]},{"@type":"BreadcrumbList","@id":"https:\/\/valharty.ca\/fr\/affaires\/#breadcrumb","itemListElement":[{"@type":"ListItem","position":1,"name":"Home","item":"https:\/\/valharty.ca\/fr\/"},{"@type":"ListItem","position":2,"name":"AFFAIRES"}]},{"@type":"WebSite","@id":"https:\/\/valharty.ca\/fr\/#website","url":"https:\/\/valharty.ca\/fr\/","name":"VAL RITA-HARTY","description":"Ontario, Canada","publisher":{"@id":"https:\/\/valharty.ca\/fr\/#organization"},"potentialAction":[{"@type":"SearchAction","target":{"@type":"EntryPoint","urlTemplate":"https:\/\/valharty.ca\/fr\/?s={search_term_string}"},"query-input":{"@type":"PropertyValueSpecification","valueRequired":true,"valueName":"search_term_string"}}],"inLanguage":"fr-FR"},{"@type":"Organization","@id":"https:\/\/valharty.ca\/fr\/#organization","name":"Municipality of Val Rita-Harty","url":"https:\/\/valharty.ca\/fr\/","logo":{"@type":"ImageObject","inLanguage":"fr-FR","@id":"https:\/\/valharty.ca\/fr\/#\/schema\/logo\/image\/","url":"https:\/\/valharty.ca\/wp-content\/uploads\/2020\/02\/ValRita_Harty_Logo_Footer250x275.svg","contentUrl":"https:\/\/valharty.ca\/wp-content\/uploads\/2020\/02\/ValRita_Harty_Logo_Footer250x275.svg","width":200,"height":275,"caption":"Municipality of Val Rita-Harty"},"image":{"@id":"https:\/\/valharty.ca\/fr\/#\/schema\/logo\/image\/"},"sameAs":["https:\/\/www.facebook.com\/valharty.ca"]}]}},"_links":{"self":[{"href":"https:\/\/valharty.ca\/fr\/wp-json\/wp\/v2\/pages\/3444","targetHints":{"allow":["GET"]}}],"collection":[{"href":"https:\/\/valharty.ca\/fr\/wp-json\/wp\/v2\/pages"}],"about":[{"href":"https:\/\/valharty.ca\/fr\/wp-json\/wp\/v2\/types\/page"}],"author":[{"embeddable":true,"href":"https:\/\/valharty.ca\/fr\/wp-json\/wp\/v2\/users\/1"}],"replies":[{"embeddable":true,"href":"https:\/\/valharty.ca\/fr\/wp-json\/wp\/v2\/comments?post=3444"}],"version-history":[{"count":5,"href":"https:\/\/valharty.ca\/fr\/wp-json\/wp\/v2\/pages\/3444\/revisions"}],"predecessor-version":[{"id":5832,"href":"https:\/\/valharty.ca\/fr\/wp-json\/wp\/v2\/pages\/3444\/revisions\/5832"}],"wp:attachment":[{"href":"https:\/\/valharty.ca\/fr\/wp-json\/wp\/v2\/media?parent=3444"}],"curies":[{"name":"wp","href":"https:\/\/api.w.org\/{rel}","templated":true}]}}